{"id":1563,"date":"2024-06-19T09:05:38","date_gmt":"2024-06-19T09:05:38","guid":{"rendered":"https:\/\/www.tpa-group.rs\/?page_id=1563"},"modified":"2024-09-17T12:47:42","modified_gmt":"2024-09-17T12:47:42","slug":"nasa-filozofija","status":"publish","type":"page","link":"https:\/\/www.tpa-group.rs\/sr\/nasa-filozofija\/","title":{"rendered":"Na\u0161a filozofija"},"content":{"rendered":"\t\t<div data-elementor-type=\"wp-page\" data-elementor-id=\"1563\" class=\"elementor elementor-1563\" data-elementor-post-type=\"page\">\n\t\t\t\t\t\t<section class=\"elementor-section elementor-top-section elementor-element elementor-element-cdec812 hero-banner elementor-section-boxed elementor-section-height-default elementor-section-height-default\" data-id=\"cdec812\" data-element_type=\"section\">\n\t\t\t\t\t\t<div class=\"elementor-container elementor-column-gap-default\">\n\t\t\t\t\t<div class=\"elementor-column elementor-col-50 elementor-top-column elementor-element elementor-element-48a3682\" data-id=\"48a3682\" data-element_type=\"column\">\n\t\t\t<div class=\"elementor-widget-wrap elementor-element-populated\">\n\t\t\t\t\t\t<section class=\"elementor-section elementor-inner-section elementor-element elementor-element-bac4807 hero-banner-breadcrumbs-container elementor-section-boxed elementor-section-height-default elementor-section-height-default\" data-id=\"bac4807\" data-element_type=\"section\">\n\t\t\t\t\t\t<div class=\"elementor-container elementor-column-gap-default\">\n\t\t\t\t\t<div class=\"elementor-column elementor-col-100 elementor-inner-column elementor-element elementor-element-1e779dd\" data-id=\"1e779dd\" data-element_type=\"column\">\n\t\t\t<div class=\"elementor-widget-wrap elementor-element-populated\">\n\t\t\t\t\t\t<div class=\"elementor-element elementor-element-0fb7255 elementor-widget elementor-widget-heading\" data-id=\"0fb7255\" data-element_type=\"widget\" data-widget_type=\"heading.default\">\n\t\t\t\t<div class=\"elementor-widget-container\">\n\t\t\t\t\t<p class=\"elementor-heading-title elementor-size-default\"><a href=\"\/\">Home |&nbsp;<\/a><\/p>\t\t\t\t<\/div>\n\t\t\t\t<\/div>\n\t\t\t\t<div class=\"elementor-element elementor-element-df0a299 elementor-widget elementor-widget-heading\" data-id=\"df0a299\" data-element_type=\"widget\" data-widget_type=\"heading.default\">\n\t\t\t\t<div class=\"elementor-widget-container\">\n\t\t\t\t\t<p class=\"elementor-heading-title elementor-size-default\">Na\u0161a filozofija\u200b<\/p>\t\t\t\t<\/div>\n\t\t\t\t<\/div>\n\t\t\t\t\t<\/div>\n\t\t<\/div>\n\t\t\t\t\t<\/div>\n\t\t<\/section>\n\t\t\t\t<div class=\"elementor-element elementor-element-ea337a7 elementor-widget elementor-widget-heading\" data-id=\"ea337a7\" data-element_type=\"widget\" data-widget_type=\"heading.default\">\n\t\t\t\t<div class=\"elementor-widget-container\">\n\t\t\t\t\t<h1 class=\"elementor-heading-title elementor-size-default\">Na\u0161a filozofija\u200b<\/h1>\t\t\t\t<\/div>\n\t\t\t\t<\/div>\n\t\t\t\t<div class=\"elementor-element elementor-element-72ea728 elementor-widget elementor-widget-text-editor\" data-id=\"72ea728\" data-element_type=\"widget\" data-widget_type=\"text-editor.default\">\n\t\t\t\t<div class=\"elementor-widget-container\">\n\t\t\t\t\t\t\t\t\t<p><strong>TPA Grupa sebe vidi kao va\u0161eg partnera \u2013 na va\u0161em nivou \u2013 partnera na koga mo\u017eete da se oslonite u svakom trenutku. Za nas, istina predstavlja slede\u0107e<\/strong>:<\/p><p>Samo oni koji komuniciraju na ravnopravnim osnovama i koji se mogu identifikovati sa svakim projektom na\u0107i \u0107e re\u0161enje koje im najvi\u0161e odgovara. To je ono \u0161to mi podrazumevamo pod pojmom\u00a0<em>poslovanje licem u lice<\/em>, i upravo to radimo. I stalno tako, na regionalnom i na me\u0111unarodnom nivou. Na poljima\u00a0<strong><a href=\"http:\/\/www.tpa-group.rs\/sr\/rs\/usluge\/poresko-savetovanje\">pru\u017eanja saveta o porezima<\/a>,\u00a0<a href=\"http:\/\/www.tpa-group.rs\/sr\/rs\/usluge\/racunovodstvo\">ra\u010dunovodstva<\/a>,\u00a0<a href=\"http:\/\/www.tpa-group.rs\/sr\/rs\/usluge\/revizija\">revizije\u00a0<\/a><\/strong>i<strong><a href=\"http:\/\/www.tpa-group.rs\/sr\/rs\/usluge\/poslovno-savetovanje\">\u00a0davanja saveta op\u0161te prirode<\/a>.<\/strong><\/p>\t\t\t\t\t\t\t\t<\/div>\n\t\t\t\t<\/div>\n\t\t\t\t\t<\/div>\n\t\t<\/div>\n\t\t\t\t<div class=\"elementor-column elementor-col-50 elementor-top-column elementor-element elementor-element-2a5b0d6\" data-id=\"2a5b0d6\" data-element_type=\"column\">\n\t\t\t<div class=\"elementor-widget-wrap\">\n\t\t\t\t\t\t\t<\/div>\n\t\t<\/div>\n\t\t\t\t\t<\/div>\n\t\t<\/section>\n\t\t<div class=\"elementor-element elementor-element-8ea9372 page-content-container e-flex e-con-boxed e-con e-parent\" data-id=\"8ea9372\" data-element_type=\"container\" data-settings=\"{&quot;background_background&quot;:&quot;classic&quot;}\">\n\t\t\t\t\t<div class=\"e-con-inner\">\n\t\t\t\t<div class=\"elementor-element elementor-element-4796304 elementor-widget elementor-widget-heading\" data-id=\"4796304\" data-element_type=\"widget\" data-widget_type=\"heading.default\">\n\t\t\t\t<div class=\"elementor-widget-container\">\n\t\t\t\t\t<h2 class=\"elementor-heading-title elementor-size-default\"><h2 data-elementor-setting-key=\"title\" data-pen-placeholder=\"Type Here...\" data-lt-tmp-id=\"lt-347929\" data-gramm=\"false\" style=\"font-weight: 600;line-height: 42px;font-size: 34px\">Poslovanje licem u lice. Zbog toga \u0161to je klijent ono o \u010demu vodimo ra\u010duna.<span style=\"color: var( --e-global-color-primary );font-size: 28px;font-weight: normal;text-align: var(--text-align)\"><\/span><\/h2><\/h2>\t\t\t\t<\/div>\n\t\t\t\t<\/div>\n\t\t\t\t<div class=\"elementor-element elementor-element-8717f97 elementor-widget elementor-widget-text-editor\" data-id=\"8717f97\" data-element_type=\"widget\" data-widget_type=\"text-editor.default\">\n\t\t\t\t<div class=\"elementor-widget-container\">\n\t\t\t\t\t\t\t\t\t<p>Mi govorimo va\u0161 jezik, upoznati smo sa poslovanjem koje vodite i ozbiljno \u017eelimo da re\u0161avamo va\u0161e brige. Na osnovu toga izra\u0111ujemo zajedno sa vama re\u0161enje koje vam najvi\u0161e odgovara i poma\u017eemo vam da ga sprovedete. Na\u0161i stru\u010dnjaci znaju kako da osete situaciju u kojoj se nalazite, znaju da \u010ditaju izme\u0111u brojki i znaju da se istovremeno usredsrede na najva\u017eniji aspekt: va\u0161 uspeh.<\/p>\t\t\t\t\t\t\t\t<\/div>\n\t\t\t\t<\/div>\n\t\t\t\t<div class=\"elementor-element elementor-element-dae2b19 elementor-widget elementor-widget-heading\" data-id=\"dae2b19\" data-element_type=\"widget\" data-widget_type=\"heading.default\">\n\t\t\t\t<div class=\"elementor-widget-container\">\n\t\t\t\t\t<h2 class=\"elementor-heading-title elementor-size-default\">TPA Grupa: regionalni koreni. Mre\u017ea u celom svetu.<\/h2>\t\t\t\t<\/div>\n\t\t\t\t<\/div>\n\t\t\t\t<div class=\"elementor-element elementor-element-0fe62c8 elementor-widget elementor-widget-text-editor\" data-id=\"0fe62c8\" data-element_type=\"widget\" data-widget_type=\"text-editor.default\">\n\t\t\t\t<div class=\"elementor-widget-container\">\n\t\t\t\t\t\t\t\t\t<p>Da li tra\u017eite partnera koji \u0107e voditi ra\u010duna o va\u0161em ra\u010dunovodstvu, koji \u0107e se suo\u010diti sa strate\u0161kim odlukama ili se pripremati za reviziju. Za nas u TPA u \u017ei\u017ei su va\u0161e potrebe. Mi volimo izazove. Mi smo u svom radu\u00a0 pouzdani i kreativni i mo\u017eemo da obezbedimo brza i kompetentna re\u0161enja. Ovo va\u017ei za mala i srednja preduze\u0107a kao i za grupe privrednih dru\u0161tava ili javne institucije.<\/p>\t\t\t\t\t\t\t\t<\/div>\n\t\t\t\t<\/div>\n\t\t\t\t<div class=\"elementor-element elementor-element-a3d75b8 elementor-widget elementor-widget-heading\" data-id=\"a3d75b8\" data-element_type=\"widget\" data-widget_type=\"heading.default\">\n\t\t\t\t<div class=\"elementor-widget-container\">\n\t\t\t\t\t<h2 class=\"elementor-heading-title elementor-size-default\">Lokalni, regionalni, me\u0111unarodni. Sa partnerom koji je uvek pored vas.\n<\/h2>\t\t\t\t<\/div>\n\t\t\t\t<\/div>\n\t\t\t\t<div class=\"elementor-element elementor-element-11c8458 elementor-widget elementor-widget-text-editor\" data-id=\"11c8458\" data-element_type=\"widget\" data-widget_type=\"text-editor.default\">\n\t\t\t\t<div class=\"elementor-widget-container\">\n\t\t\t\t\t\t\t\t\t<p>Gdegod smo potrebni na\u0161im klijentima \u2013 nikada nismo daleko. Vi na lokalnom planu imate koristi od saveta vrhunskog\u00a0 kvaliteta i individualne podr\u0161ke.<\/p><p>TPA Grupa je nezavisan \u010dlan \u201eBaker Tilly Europe Alliance\u201c i zahvaljuju\u0107i toj \u010dinjenici u stanju je da svojim klijentima obezbedi mre\u017eu savetnika za poreska pitanja, revizore i konsultante, koja je rasprostranjena po celom svetu.<\/p><p><strong>Mre\u017ea \u201eThe Baker Tilly Internationa<\/strong>l\u201c u ovom se trenutku sastoji od 126 nezavisnih \u010dlanova u 148 zemlji i ukupno zapo\u0161ljava 38.600 lica u 706 kancelarija. Na taj na\u010din ona je me\u0111u prvih 10 globalnih konsultantskih mre\u017ea.<\/p>\t\t\t\t\t\t\t\t<\/div>\n\t\t\t\t<\/div>\n\t\t\t\t<div class=\"elementor-element elementor-element-67e4c78 elementor-widget elementor-widget-heading\" data-id=\"67e4c78\" data-element_type=\"widget\" data-widget_type=\"heading.default\">\n\t\t\t\t<div class=\"elementor-widget-container\">\n\t\t\t\t\t<h2 class=\"elementor-heading-title elementor-size-default\">Prostor za razvoj. Stimuli\u0161emo pojedina\u010dno napredovanje.<\/h2>\t\t\t\t<\/div>\n\t\t\t\t<\/div>\n\t\t\t\t<div class=\"elementor-element elementor-element-9e8a082 elementor-widget elementor-widget-text-editor\" data-id=\"9e8a082\" data-element_type=\"widget\" data-widget_type=\"text-editor.default\">\n\t\t\t\t<div class=\"elementor-widget-container\">\n\t\t\t\t\t\t\t\t\t<p>Oni koji rade u TPA svakodnevno posti\u017eu vrhunski u\u010dinak u svom radu. Podr\u017eavamo ih u njihovom stalnom razvoju. U tom cilju uglavnom obezbe\u0111ujemo, pored \u0161irokog raspona mogu\u0107nosti za\u00a0<strong>napredovanje u karijeri<\/strong>\u00a0i dalje obu\u010davanje: prostor za njihov pojedina\u010dni razvoj. Jer, ljudi jedino mogu da razvijaju svoje sposobnosti ukoliko su sre\u0107ni na svom radnom mestu i ukoliko je radno okru\u017eenje pozitivno.<\/p><ul><li><strong>TPA Grupa: <a href=\"http:\/\/www.tpa-group.com\/en\/about-us\/cee-network\">na\u0161e lokacije u centralnoj i jugoisto\u010dnoj Evropi<\/a><\/strong><\/li><li><strong><a href=\"http:\/\/www.tpa-group.com\/en\/publications\/news\">TPA vesti<\/a>: Poreski i finansijski a\u017eurirani podaci iz regiona centralne i isto\u010dne i jugoisto\u010dne\u00a0<\/strong><strong>Evrope<\/strong><\/li><\/ul>\t\t\t\t\t\t\t\t<\/div>\n\t\t\t\t<\/div>\n\t\t\t\t<div class=\"elementor-element elementor-element-1ded303 elementor-widget elementor-widget-text-editor\" data-id=\"1ded303\" data-element_type=\"widget\" data-widget_type=\"text-editor.default\">\n\t\t\t\t<div class=\"elementor-widget-container\">\n\t\t\t\t\t\t\t\t\t<p><strong><a href=\"https:\/\/www.tpa-group.rs\/app\/uploads\/sites\/10\/2024\/06\/Code_of_conduct_TPA-Serbia.pdf\">Eti\u010dki kodeks kompanije TPA Srbija<\/a><\/strong><\/p>\t\t\t\t\t\t\t\t<\/div>\n\t\t\t\t<\/div>\n\t\t\t\t\t<\/div>\n\t\t\t\t<\/div>\n\t\t\t\t<\/div>\n\t\t","protected":false},"excerpt":{"rendered":"<p>Home |&nbsp; Na\u0161a filozofija\u200b Na\u0161a filozofija\u200b TPA Grupa sebe vidi kao va\u0161eg partnera \u2013 na va\u0161em nivou \u2013 partnera na koga mo\u017eete da se oslonite u svakom trenutku. Za nas, istina predstavlja slede\u0107e: Samo oni koji komuniciraju na ravnopravnim osnovama i koji se mogu identifikovati sa svakim projektom na\u0107i \u0107e re\u0161enje koje im najvi\u0161e odgovara. [&hellip;]<\/p>\n","protected":false},"author":28,"featured_media":0,"parent":0,"menu_order":0,"comment_status":"closed","ping_status":"closed","template":"","meta":{"_acf_changed":false,"footnotes":""},"class_list":["post-1563","page","type-page","status-publish","hentry"],"acf":[],"yoast_head":"<!-- This site is optimized with the Yoast SEO plugin v26.0 - https:\/\/yoast.com\/wordpress\/plugins\/seo\/ -->\n<title>Na\u0161a filozofija - www.tpa-group.rs<\/title>\n<meta name=\"robots\" content=\"index, follow, max-snippet:-1, max-image-preview:large, max-video-preview:-1\" \/>\n<link rel=\"canonical\" href=\"https:\/\/www.tpa-group.rs\/sr\/nasa-filozofija\/\" \/>\n<meta property=\"og:locale\" content=\"sr_RS\" \/>\n<meta property=\"og:type\" content=\"article\" \/>\n<meta property=\"og:title\" content=\"Na\u0161a filozofija - www.tpa-group.rs\" \/>\n<meta property=\"og:description\" content=\"Home |&nbsp; Na\u0161a filozofija\u200b Na\u0161a filozofija\u200b TPA Grupa sebe vidi kao va\u0161eg partnera \u2013 na va\u0161em nivou \u2013 partnera na koga mo\u017eete da se oslonite u svakom trenutku. Za nas, istina predstavlja slede\u0107e: Samo oni koji komuniciraju na ravnopravnim osnovama i koji se mogu identifikovati sa svakim projektom na\u0107i \u0107e re\u0161enje koje im najvi\u0161e odgovara. [&hellip;]\" \/>\n<meta property=\"og:url\" content=\"https:\/\/www.tpa-group.rs\/sr\/nasa-filozofija\/\" \/>\n<meta property=\"og:site_name\" content=\"www.tpa-group.rs\" \/>\n<meta property=\"article:modified_time\" content=\"2024-09-17T12:47:42+00:00\" \/>\n<meta name=\"twitter:card\" content=\"summary_large_image\" \/>\n<meta name=\"twitter:label1\" content=\"Est. reading time\" \/>\n\t<meta name=\"twitter:data1\" content=\"3 \u043c\u0438\u043d\u0443\u0442\u0430\" \/>\n<script type=\"application\/ld+json\" class=\"yoast-schema-graph\">{\"@context\":\"https:\/\/schema.org\",\"@graph\":[{\"@type\":\"WebPage\",\"@id\":\"https:\/\/www.tpa-group.rs\/sr\/nasa-filozofija\/\",\"url\":\"https:\/\/www.tpa-group.rs\/sr\/nasa-filozofija\/\",\"name\":\"Na\u0161a filozofija - www.tpa-group.rs\",\"isPartOf\":{\"@id\":\"https:\/\/www.tpa-group.rs\/sr\/#website\"},\"datePublished\":\"2024-06-19T09:05:38+00:00\",\"dateModified\":\"2024-09-17T12:47:42+00:00\",\"breadcrumb\":{\"@id\":\"https:\/\/www.tpa-group.rs\/sr\/nasa-filozofija\/#breadcrumb\"},\"inLanguage\":\"sr-RS\",\"potentialAction\":[{\"@type\":\"ReadAction\",\"target\":[\"https:\/\/www.tpa-group.rs\/sr\/nasa-filozofija\/\"]}]},{\"@type\":\"BreadcrumbList\",\"@id\":\"https:\/\/www.tpa-group.rs\/sr\/nasa-filozofija\/#breadcrumb\",\"itemListElement\":[{\"@type\":\"ListItem\",\"position\":1,\"name\":\"Home\",\"item\":\"https:\/\/www.tpa-group.rs\/sr\/\"},{\"@type\":\"ListItem\",\"position\":2,\"name\":\"Na\u0161a filozofija\"}]},{\"@type\":\"WebSite\",\"@id\":\"https:\/\/www.tpa-group.rs\/sr\/#website\",\"url\":\"https:\/\/www.tpa-group.rs\/sr\/\",\"name\":\"www.tpa-group.rs\",\"description\":\"\",\"publisher\":{\"@id\":\"https:\/\/www.tpa-group.rs\/sr\/#organization\"},\"potentialAction\":[{\"@type\":\"SearchAction\",\"target\":{\"@type\":\"EntryPoint\",\"urlTemplate\":\"https:\/\/www.tpa-group.rs\/sr\/?s={search_term_string}\"},\"query-input\":{\"@type\":\"PropertyValueSpecification\",\"valueRequired\":true,\"valueName\":\"search_term_string\"}}],\"inLanguage\":\"sr-RS\"},{\"@type\":\"Organization\",\"@id\":\"https:\/\/www.tpa-group.rs\/sr\/#organization\",\"name\":\"www.tpa-group.rs\",\"url\":\"https:\/\/www.tpa-group.rs\/sr\/\",\"logo\":{\"@type\":\"ImageObject\",\"inLanguage\":\"sr-RS\",\"@id\":\"https:\/\/www.tpa-group.rs\/sr\/#\/schema\/logo\/image\/\",\"url\":\"https:\/\/www.tpa-group.rs\/app\/uploads\/sites\/10\/2024\/02\/tpa-logo.svg\",\"contentUrl\":\"https:\/\/www.tpa-group.rs\/app\/uploads\/sites\/10\/2024\/02\/tpa-logo.svg\",\"caption\":\"www.tpa-group.rs\"},\"image\":{\"@id\":\"https:\/\/www.tpa-group.rs\/sr\/#\/schema\/logo\/image\/\"}}]}<\/script>\n<!-- \/ Yoast SEO plugin. -->","yoast_head_json":{"title":"Na\u0161a filozofija - www.tpa-group.rs","robots":{"index":"index","follow":"follow","max-snippet":"max-snippet:-1","max-image-preview":"max-image-preview:large","max-video-preview":"max-video-preview:-1"},"canonical":"https:\/\/www.tpa-group.rs\/sr\/nasa-filozofija\/","og_locale":"sr_RS","og_type":"article","og_title":"Na\u0161a filozofija - www.tpa-group.rs","og_description":"Home |&nbsp; Na\u0161a filozofija\u200b Na\u0161a filozofija\u200b TPA Grupa sebe vidi kao va\u0161eg partnera \u2013 na va\u0161em nivou \u2013 partnera na koga mo\u017eete da se oslonite u svakom trenutku. Za nas, istina predstavlja slede\u0107e: Samo oni koji komuniciraju na ravnopravnim osnovama i koji se mogu identifikovati sa svakim projektom na\u0107i \u0107e re\u0161enje koje im najvi\u0161e odgovara. [&hellip;]","og_url":"https:\/\/www.tpa-group.rs\/sr\/nasa-filozofija\/","og_site_name":"www.tpa-group.rs","article_modified_time":"2024-09-17T12:47:42+00:00","twitter_card":"summary_large_image","twitter_misc":{"Est. reading time":"3 \u043c\u0438\u043d\u0443\u0442\u0430"},"schema":{"@context":"https:\/\/schema.org","@graph":[{"@type":"WebPage","@id":"https:\/\/www.tpa-group.rs\/sr\/nasa-filozofija\/","url":"https:\/\/www.tpa-group.rs\/sr\/nasa-filozofija\/","name":"Na\u0161a filozofija - www.tpa-group.rs","isPartOf":{"@id":"https:\/\/www.tpa-group.rs\/sr\/#website"},"datePublished":"2024-06-19T09:05:38+00:00","dateModified":"2024-09-17T12:47:42+00:00","breadcrumb":{"@id":"https:\/\/www.tpa-group.rs\/sr\/nasa-filozofija\/#breadcrumb"},"inLanguage":"sr-RS","potentialAction":[{"@type":"ReadAction","target":["https:\/\/www.tpa-group.rs\/sr\/nasa-filozofija\/"]}]},{"@type":"BreadcrumbList","@id":"https:\/\/www.tpa-group.rs\/sr\/nasa-filozofija\/#breadcrumb","itemListElement":[{"@type":"ListItem","position":1,"name":"Home","item":"https:\/\/www.tpa-group.rs\/sr\/"},{"@type":"ListItem","position":2,"name":"Na\u0161a filozofija"}]},{"@type":"WebSite","@id":"https:\/\/www.tpa-group.rs\/sr\/#website","url":"https:\/\/www.tpa-group.rs\/sr\/","name":"www.tpa-group.rs","description":"","publisher":{"@id":"https:\/\/www.tpa-group.rs\/sr\/#organization"},"potentialAction":[{"@type":"SearchAction","target":{"@type":"EntryPoint","urlTemplate":"https:\/\/www.tpa-group.rs\/sr\/?s={search_term_string}"},"query-input":{"@type":"PropertyValueSpecification","valueRequired":true,"valueName":"search_term_string"}}],"inLanguage":"sr-RS"},{"@type":"Organization","@id":"https:\/\/www.tpa-group.rs\/sr\/#organization","name":"www.tpa-group.rs","url":"https:\/\/www.tpa-group.rs\/sr\/","logo":{"@type":"ImageObject","inLanguage":"sr-RS","@id":"https:\/\/www.tpa-group.rs\/sr\/#\/schema\/logo\/image\/","url":"https:\/\/www.tpa-group.rs\/app\/uploads\/sites\/10\/2024\/02\/tpa-logo.svg","contentUrl":"https:\/\/www.tpa-group.rs\/app\/uploads\/sites\/10\/2024\/02\/tpa-logo.svg","caption":"www.tpa-group.rs"},"image":{"@id":"https:\/\/www.tpa-group.rs\/sr\/#\/schema\/logo\/image\/"}}]}},"_links":{"self":[{"href":"https:\/\/www.tpa-group.rs\/sr\/wp-json\/wp\/v2\/pages\/1563","targetHints":{"allow":["GET"]}}],"collection":[{"href":"https:\/\/www.tpa-group.rs\/sr\/wp-json\/wp\/v2\/pages"}],"about":[{"href":"https:\/\/www.tpa-group.rs\/sr\/wp-json\/wp\/v2\/types\/page"}],"author":[{"embeddable":true,"href":"https:\/\/www.tpa-group.rs\/sr\/wp-json\/wp\/v2\/users\/28"}],"replies":[{"embeddable":true,"href":"https:\/\/www.tpa-group.rs\/sr\/wp-json\/wp\/v2\/comments?post=1563"}],"version-history":[{"count":19,"href":"https:\/\/www.tpa-group.rs\/sr\/wp-json\/wp\/v2\/pages\/1563\/revisions"}],"predecessor-version":[{"id":3358,"href":"https:\/\/www.tpa-group.rs\/sr\/wp-json\/wp\/v2\/pages\/1563\/revisions\/3358"}],"wp:attachment":[{"href":"https:\/\/www.tpa-group.rs\/sr\/wp-json\/wp\/v2\/media?parent=1563"}],"curies":[{"name":"wp","href":"https:\/\/api.w.org\/{rel}","templated":true}]}}