{"id":1582,"date":"2024-06-19T09:11:59","date_gmt":"2024-06-19T09:11:59","guid":{"rendered":"https:\/\/www.tpa-group.rs\/?page_id=1582"},"modified":"2024-11-20T16:59:39","modified_gmt":"2024-11-20T16:59:39","slug":"partneri","status":"publish","type":"page","link":"https:\/\/www.tpa-group.rs\/sr\/partneri\/","title":{"rendered":"Partneri"},"content":{"rendered":"\t\t<div data-elementor-type=\"wp-page\" data-elementor-id=\"1582\" class=\"elementor elementor-1582\" data-elementor-post-type=\"page\">\n\t\t\t\t\t\t<section class=\"elementor-section elementor-top-section elementor-element elementor-element-756cb49 hero-banner elementor-section-boxed elementor-section-height-default elementor-section-height-default\" data-id=\"756cb49\" data-element_type=\"section\">\n\t\t\t\t\t\t<div class=\"elementor-container elementor-column-gap-default\">\n\t\t\t\t\t<div class=\"elementor-column elementor-col-100 elementor-top-column elementor-element elementor-element-0d26286\" data-id=\"0d26286\" data-element_type=\"column\">\n\t\t\t<div class=\"elementor-widget-wrap elementor-element-populated\">\n\t\t\t\t\t\t<section class=\"elementor-section elementor-inner-section elementor-element elementor-element-cc2b276 hero-banner-breadcrumbs-container elementor-section-boxed elementor-section-height-default elementor-section-height-default\" data-id=\"cc2b276\" data-element_type=\"section\">\n\t\t\t\t\t\t<div class=\"elementor-container elementor-column-gap-default\">\n\t\t\t\t\t<div class=\"elementor-column elementor-col-100 elementor-inner-column elementor-element elementor-element-8cadb09\" data-id=\"8cadb09\" data-element_type=\"column\">\n\t\t\t<div class=\"elementor-widget-wrap elementor-element-populated\">\n\t\t\t\t\t\t<div class=\"elementor-element elementor-element-b7e63de elementor-widget elementor-widget-heading\" data-id=\"b7e63de\" data-element_type=\"widget\" data-widget_type=\"heading.default\">\n\t\t\t\t<div class=\"elementor-widget-container\">\n\t\t\t\t\t<p class=\"elementor-heading-title elementor-size-default\"><a href=\"\/\">Home |&nbsp;<\/a><\/p>\t\t\t\t<\/div>\n\t\t\t\t<\/div>\n\t\t\t\t<div class=\"elementor-element elementor-element-80bcfd7 elementor-widget elementor-widget-heading\" data-id=\"80bcfd7\" data-element_type=\"widget\" data-widget_type=\"heading.default\">\n\t\t\t\t<div class=\"elementor-widget-container\">\n\t\t\t\t\t<p class=\"elementor-heading-title elementor-size-default\">Know-how<\/p>\t\t\t\t<\/div>\n\t\t\t\t<\/div>\n\t\t\t\t\t<\/div>\n\t\t<\/div>\n\t\t\t\t\t<\/div>\n\t\t<\/section>\n\t\t\t\t<div class=\"elementor-element elementor-element-fc44fed elementor-widget elementor-widget-heading\" data-id=\"fc44fed\" data-element_type=\"widget\" data-widget_type=\"heading.default\">\n\t\t\t\t<div class=\"elementor-widget-container\">\n\t\t\t\t\t<h2 class=\"elementor-heading-title elementor-size-default\">Na\u0161 tim u Srbiji<\/h2>\t\t\t\t<\/div>\n\t\t\t\t<\/div>\n\t\t\t\t<div class=\"elementor-element elementor-element-2c6ff07 elementor-widget elementor-widget-text-editor\" data-id=\"2c6ff07\" data-element_type=\"widget\" data-widget_type=\"text-editor.default\">\n\t\t\t\t<div class=\"elementor-widget-container\">\n\t\t\t\t\t\t\t\t\t<p>Na\u0161i partneri poseduju vrhunsku ekspertizu u oblastima poreskog savetovanja, ra\u010dunovodstva i poslovnog savetovanja. \u017delimo da vas informi\u0161emo o oblastima stru\u010dnosti \u010dlanova na\u0161eg rukovode\u0107eg tima u nastavku.<\/p>\t\t\t\t\t\t\t\t<\/div>\n\t\t\t\t<\/div>\n\t\t\t\t\t<\/div>\n\t\t<\/div>\n\t\t\t\t\t<\/div>\n\t\t<\/section>\n\t\t\t\t<section class=\"elementor-section elementor-top-section elementor-element elementor-element-d1d28d7 elementor-section-boxed elementor-section-height-default elementor-section-height-default\" data-id=\"d1d28d7\" data-element_type=\"section\" data-settings=\"{&quot;background_background&quot;:&quot;classic&quot;}\">\n\t\t\t\t\t\t<div class=\"elementor-container elementor-column-gap-default\">\n\t\t\t\t\t<div class=\"elementor-column elementor-col-100 elementor-top-column elementor-element elementor-element-ecadba4\" data-id=\"ecadba4\" data-element_type=\"column\">\n\t\t\t<div class=\"elementor-widget-wrap elementor-element-populated\">\n\t\t\t\t\t\t<div class=\"elementor-element elementor-element-d9a7715 elementor-widget elementor-widget-persons-card-grid\" data-id=\"d9a7715\" data-element_type=\"widget\" data-widget_type=\"persons-card-grid.default\">\n\t\t\t\t<div class=\"elementor-widget-container\">\n\t\t\t\t\t\t \t<div \n\t \t\tclass=\"persons-card-grid-container\" \n\t \t\tdata-show-post-info=\"yes\"\n\t \t\tdata-show-post-title=\"yes\"\n\t \t\tdata-show-post-description=\"yes\"\n\t \t\tdata-posts-number=\"20\"\n \t\t>   \n\n \t\t\t\t\t<div class=\"content-type-filters-container\">\n\t\t\t\t\t\t\t\t\t<div \n\t\t\t\t\t\tclass=\"suche-filter\" >\n\t\t\t\t\t\t<div class=\"close\"><\/div>\n\t\t\t\t\t\t<a \n\t\t\t\t\t\thref=\"#\" \n\t\t\t\t\t\tclass=\"persons-grid-filter\"\n\t\t\t\t\t\t>\n\t\t\t\t\t\t\t<p class=\"persons-grid-filter-text\">Search \/ Filter<\/p>\n\t\t\t\t\t\t\t<img decoding=\"async\" class=\"persons-grid-filter-icon\" src=\"https:\/\/www.tpa-group.rs\/app\/plugins\/ovos-elementor-widgets\/widgets\/persons-card-grid-widget\/img\/filters-icon.svg\">\n\t\t\t\t\t\t<\/a>\n\t\t\t\t\t<\/div>\n\t\t\t\t\t\t\t<\/div>\n\t\t\n\t\t\t\t<div class=\"persons-card-grid-search-container\">\n\n\n\t\t\t<div class=\"persons-card-search-input-container\">\n\t\t\t\t\n\t\t\t\t<div class=\"input-wrapper third-width search-branch-wrapper\">\n\t\t\t\t\t<select name=\"search-branch\" class=\"search-branch\">\n\t\t\t            <option value=\"\">All Industries<\/option>\n\t\t\t\t\t\t\t\t\t\t\t\t\t\t\t<option value=\"776\"> Biotehnologija i farmaceutska industrija<\/option>\n\t\t\t\t\t\t\t\t\t\t\t\t\t\t\t\t\t<option value=\"770\"> Gra\u0111evinska industrija<\/option>\n\t\t\t\t\t\t\t\t\t\t\t\t\t\t\t\t\t<option value=\"764\"> Trgovina i zanatstvo<\/option>\n\t\t\t\t\t\t\t\t\t\t\t\t\t\t\t\t\t<option value=\"758\"> Energija<\/option>\n\t\t\t\t\t\t\t\t\t\t\t\t\t\t\t\t\t<option value=\"495\"> Zdravstvo<\/option>\n\t\t\t\t\t\t\t\t\t\t\t\t\t\t\t\t\t<option value=\"493\"> Dobrostoje\u0107i pojedinci<\/option>\n\t\t\t\t\t\t\t\t\t\t\t\t\t\t\t\t\t<option value=\"491\"> Holding kompanije<\/option>\n\t\t\t\t\t\t\t\t\t\t\t\t\t\t\t\t\t<option value=\"489\"> Hotelijerstvo, turizam i rekreacija<\/option>\n\t\t\t\t\t\t\t\t\t\t\t\t\t<\/select>\n\t\t\t\t<\/div>\n\t\t\t\t\n\t\t\t\t\t\t\t\t<div class=\"input-wrapper third-width search-service-wrapper\">\n\t\t\t\t\t<select name=\"search-service\" class=\"search-service\">\n\t\t\t            <option value=\"\">All Services<\/option>\n\t\t\t\t\t\t\t\t\t\t\t<option value=\"68\"> Poresko savetovanje<\/option>\n\t\t\t\t\t\t\t\t\t\t\t<option value=\"55\"> Poslovno savetovanje<\/option>\n\t\t\t\t\t\t\t\t\t\t\t<option value=\"56\"> Ra\u010dunovodstvo<\/option>\n\t\t\t\t\t\t\t\t\t\t\t<option value=\"54\"> Revizija<\/option>\n\t\t\t\t\t\t\t\t\t\t<\/select>\n\t\t\t\t<\/div>\n\n\t\t\t\t\t\t\t\t<div class=\"input-wrapper third-width search-location-wrapper\">\n\t\t\t\t\t<select name=\"search-location\" class=\"search-location\">\n\t\t\t            <option value=\"\">All Locations<\/option>\n\t\t\t\t\t\t\t\t\t\t\t\t\t\t<option value=\"507\"> Beograd<\/option>\n\t\t\t\t\t\t\t\t\t\t\t\t<\/select>\n\t\t\t\t<\/div>\n\t\t\t\t\t\t\t<\/div>\n\t\t\t<div class=\"persons-card-search-button-container\">\n\t\t\t\t<div class=\"btn__wrapper clear-filters\">\n\t\t\t\t  \t<a \n\t\t\t\t  \thref=\"#\" \n\t\t\t\t  \tclass=\"btn btn__primary elementor-button clear-filters-button\"\n\t\t\t\t  \t>\n\t\t\t  \t\tReset Filter\t \t\t\n\t\t\t\t  \t<\/a>\n\t\t\t\t<\/div>\n\t\t\t<\/div>\n\t\t<\/div>\n\t\t\n\n\t\t<div class=\"persons-card-grid-spinner-container\">\n\t\t\t<div class=\"persons-card-grid-spinner\">\n\t\t\t\t<span><\/span>\n\t\t\t<\/div>\n\t\t<\/div> \n\n\t\t\n\t  \t<div class=\"persons-grid\">\n\t\t\n\t\t  \t<!--<div class=\"persons-grid-sizer\"><\/div>-->\n\t\t    \t\n\t\t        \t<div class=\"persons-grid-item\">\n\t\t        \t\t<a class=\"person-link\" href=\"https:\/\/www.tpa-group.rs\/sr\/persons\/jelena-hadzic\/\">\n\t\t\t        \t\t\t\t\t        \t\t<div class=\"img-container\">\n\t\t\t        \t\t\t<img decoding=\"async\" src=\"https:\/\/www.tpa-group.rs\/app\/uploads\/sites\/10\/2026\/01\/jh-277x315.png\" alt=\"Jelena Had\u017ei\u0107\">\n\t\t\t        \t\t\t<span><\/span>\n\t\t\t        \t\t<\/div>\n\n\t        \t\t\t\t\t\t        \t\t\t\t<div class=\"post-content-wrapper\">\n\t\t\t\t\t        \t\t<div class=\"content-container\">\n\t\t                    \t\t\t\t\t                    \t\t\t\t<div class=\"locations\">\n\t                \t\t\t\t\t\t\t\t\t\n\t\t\t\t\t\t\t\t\t\t\t\t\t<p>\n\t\t\t\t\t\t\t\t\t\t\t\t\t\tBeograd\t\t\t\t\t\t\t\t\t\t\t\t\t\t\n\t\t\t\t\t\t\t\t\t\t\t\t\t<\/p>\n\t\t\t\t\t\t\t\t\t\t\t\t\t\t\t\t\t\t\t\t\t\t<\/div>\n\t\t\t\t\t\t\t\t\t\t\t\n\t\t\t\t\t        \t\t\t\t\t\t\t\t        \t\t\t\t<h5 class=\"post-title\">Jelena Had\u017ei\u0107<\/h5>\n\t\t                    \t\t\t\t\t\t\t\t        \t\t\t\t\t\t\t\t        \t\t\t\t\t\t\t\t        \t\t\t\t\t<div class=\"job-positions\">\n\t\t\t\t        \t\t\t\t\t\t\t\t\t\t        \t\t\t\t\t\t\t<p class=\"job-position \">Partnerka u odeljenju revizije<\/p>\n\t\t\t        \t\t\t\t\t\t\t\t\t\t        \t\t\t\t\t\t<\/div>\n\t\t\t\t        \t\t\t\t\t\t\t\t\t        \t\t\t\t\t<div class=\"btn-arrow\" style=\"background-image: url('https:\/\/www.tpa-group.rs\/app\/plugins\/ovos-elementor-widgets\/widgets\/persons-card-grid-widget\/img\/button-arrow-right-long.svg')\"><\/div>\n\t\t\t\t\t        \t\t\t\t\t\t\t\t        \t\t<\/div>\n\t\t\t\t        \t\t<\/div>\n\t        \t\t\t\t\t\t        \t\t<\/a>\n\t\t        \t<\/div>\n\t\t        \t\n\t\t        \t<div class=\"persons-grid-item\">\n\t\t        \t\t<a class=\"person-link\" href=\"https:\/\/www.tpa-group.rs\/sr\/persons\/thomas-haneder\/\">\n\t\t\t        \t\t\t\t\t        \t\t<div class=\"img-container\">\n\t\t\t        \t\t\t<img decoding=\"async\" src=\"https:\/\/www.tpa-group.rs\/app\/uploads\/sites\/10\/2024\/05\/thomas.png\" alt=\"Thomas Haneder\">\n\t\t\t        \t\t\t<span><\/span>\n\t\t\t        \t\t<\/div>\n\n\t        \t\t\t\t\t\t        \t\t\t\t<div class=\"post-content-wrapper\">\n\t\t\t\t\t        \t\t<div class=\"content-container\">\n\t\t                    \t\t\t\t\t                    \t\t\t\t<div class=\"locations\">\n\t                \t\t\t\t\t\t\t\t\t\n\t\t\t\t\t\t\t\t\t\t\t\t\t<p>\n\t\t\t\t\t\t\t\t\t\t\t\t\t\tBeograd\t\t\t\t\t\t\t\t\t\t\t\t\t\t\n\t\t\t\t\t\t\t\t\t\t\t\t\t<\/p>\n\t\t\t\t\t\t\t\t\t\t\t\t\t\t\t\t\t\t\t\t\t\t<\/div>\n\t\t\t\t\t\t\t\t\t\t\t\n\t\t\t\t\t        \t\t\t\t\t\t\t\t        \t\t\t\t<h5 class=\"post-title\">Thomas Haneder<\/h5>\n\t\t                    \t\t\t\t\t\t\t\t        \t\t\t\t\t\t\t\t        \t\t\t\t\t\t\t\t        \t\t\t\t\t<div class=\"job-positions\">\n\t\t\t\t        \t\t\t\t\t\t\t\t\t\t        \t\t\t\t\t\t\t<p class=\"job-position \">Nema\u010dki desk za kancelarije u Albaniji, Bugarskoj, Hrvatskoj, Srbiji i Crnoj Gori<\/p>\n\t\t\t        \t\t\t\t\t\t\t\t\t\t        \t\t\t\t\t\t<\/div>\n\t\t\t\t        \t\t\t\t\t\t\t\t\t        \t\t\t\t\t<div class=\"btn-arrow\" style=\"background-image: url('https:\/\/www.tpa-group.rs\/app\/plugins\/ovos-elementor-widgets\/widgets\/persons-card-grid-widget\/img\/button-arrow-right-long.svg')\"><\/div>\n\t\t\t\t\t        \t\t\t\t\t\t\t\t        \t\t<\/div>\n\t\t\t\t        \t\t<\/div>\n\t        \t\t\t\t\t\t        \t\t<\/a>\n\t\t        \t<\/div>\n\t\t        \t\n\t\t        \t<div class=\"persons-grid-item\">\n\t\t        \t\t<a class=\"person-link\" href=\"https:\/\/www.tpa-group.rs\/sr\/persons\/ognjen-jovanovic-2\/\">\n\t\t\t        \t\t\t\t\t        \t\t<div class=\"img-container\">\n\t\t\t        \t\t\t<img decoding=\"async\" src=\"https:\/\/www.tpa-group.rs\/app\/uploads\/sites\/10\/2026\/01\/oj-277x315.png\" alt=\"Ognjen Jovanovi\u0107\">\n\t\t\t        \t\t\t<span><\/span>\n\t\t\t        \t\t<\/div>\n\n\t        \t\t\t\t\t\t        \t\t\t\t<div class=\"post-content-wrapper\">\n\t\t\t\t\t        \t\t<div class=\"content-container\">\n\t\t                    \t\t\t\t\t                    \t\t\t\t<div class=\"locations\">\n\t                \t\t\t\t\t\t\t\t\t\n\t\t\t\t\t\t\t\t\t\t\t\t\t<p>\n\t\t\t\t\t\t\t\t\t\t\t\t\t\tBeograd\t\t\t\t\t\t\t\t\t\t\t\t\t\t\n\t\t\t\t\t\t\t\t\t\t\t\t\t<\/p>\n\t\t\t\t\t\t\t\t\t\t\t\t\t\t\t\t\t\t\t\t\t\t<\/div>\n\t\t\t\t\t\t\t\t\t\t\t\n\t\t\t\t\t        \t\t\t\t\t\t\t\t        \t\t\t\t<h5 class=\"post-title\">Ognjen Jovanovi\u0107<\/h5>\n\t\t                    \t\t\t\t\t\t\t\t        \t\t\t\t\t\t\t\t        \t\t\t\t\t\t\t\t        \t\t\t\t\t<div class=\"job-positions\">\n\t\t\t\t        \t\t\t\t\t\t\t\t\t\t        \t\t\t\t\t\t\t<p class=\"job-position \">Partner u odeljenju za ra\u010dunovodstvo i obra\u010dun zarada<\/p>\n\t\t\t        \t\t\t\t\t\t\t\t\t\t        \t\t\t\t\t\t<\/div>\n\t\t\t\t        \t\t\t\t\t\t\t\t\t        \t\t\t\t\t<div class=\"btn-arrow\" style=\"background-image: url('https:\/\/www.tpa-group.rs\/app\/plugins\/ovos-elementor-widgets\/widgets\/persons-card-grid-widget\/img\/button-arrow-right-long.svg')\"><\/div>\n\t\t\t\t\t        \t\t\t\t\t\t\t\t        \t\t<\/div>\n\t\t\t\t        \t\t<\/div>\n\t        \t\t\t\t\t\t        \t\t<\/a>\n\t\t        \t<\/div>\n\t\t        \t\n\t\t        \t<div class=\"persons-grid-item\">\n\t\t        \t\t<a class=\"person-link\" href=\"https:\/\/www.tpa-group.rs\/sr\/persons\/bojan-zepinic\/\">\n\t\t\t        \t\t\t\t\t        \t\t<div class=\"img-container\">\n\t\t\t        \t\t\t<img decoding=\"async\" src=\"https:\/\/www.tpa-group.rs\/app\/uploads\/sites\/10\/2024\/05\/bojan-3.png\" alt=\"Bojan  \u017depini\u0107\">\n\t\t\t        \t\t\t<span><\/span>\n\t\t\t        \t\t<\/div>\n\n\t        \t\t\t\t\t\t        \t\t\t\t<div class=\"post-content-wrapper\">\n\t\t\t\t\t        \t\t<div class=\"content-container\">\n\t\t                    \t\t\t\t\t                    \t\t\t\t<div class=\"locations\">\n\t                \t\t\t\t\t\t\t\t\t\n\t\t\t\t\t\t\t\t\t\t\t\t\t<p>\n\t\t\t\t\t\t\t\t\t\t\t\t\t\tBeograd\t\t\t\t\t\t\t\t\t\t\t\t\t\t\n\t\t\t\t\t\t\t\t\t\t\t\t\t<\/p>\n\t\t\t\t\t\t\t\t\t\t\t\t\t\t\t\t\t\t\t\t\t\t<\/div>\n\t\t\t\t\t\t\t\t\t\t\t\n\t\t\t\t\t        \t\t\t\t\t\t\t\t        \t\t\t\t<h5 class=\"post-title\">Bojan \u017depinic\u0301<\/h5>\n\t\t                    \t\t\t\t\t\t\t\t        \t\t\t\t\t\t\t\t        \t\t\t\t\t\t\t\t        \t\t\t\t\t<div class=\"job-positions\">\n\t\t\t\t        \t\t\t\t\t\t\t\t\t\t        \t\t\t\t\t\t\t<p class=\"job-position \">Partner u TPA Srbija<\/p>\n\t\t\t        \t\t\t\t\t\t\t\t\t\t        \t\t\t\t\t\t<\/div>\n\t\t\t\t        \t\t\t\t\t\t\t\t\t        \t\t\t\t\t<div class=\"btn-arrow\" style=\"background-image: url('https:\/\/www.tpa-group.rs\/app\/plugins\/ovos-elementor-widgets\/widgets\/persons-card-grid-widget\/img\/button-arrow-right-long.svg')\"><\/div>\n\t\t\t\t\t        \t\t\t\t\t\t\t\t        \t\t<\/div>\n\t\t\t\t        \t\t<\/div>\n\t        \t\t\t\t\t\t        \t\t<\/a>\n\t\t        \t<\/div>\n\t\t        \t  \t<\/div>\n\t\t\t\t\t\t\t \t<\/div>\n\t\t\t\t\t\t<\/div>\n\t\t\t\t<\/div>\n\t\t\t\t\t<\/div>\n\t\t<\/div>\n\t\t\t\t\t<\/div>\n\t\t<\/section>\n\t\t\t\t<\/div>\n\t\t","protected":false},"excerpt":{"rendered":"<p>Home |&nbsp; Know-how Na\u0161 tim u Srbiji Na\u0161i partneri poseduju vrhunsku ekspertizu u oblastima poreskog savetovanja, ra\u010dunovodstva i poslovnog savetovanja. \u017delimo da vas informi\u0161emo o oblastima stru\u010dnosti \u010dlanova na\u0161eg rukovode\u0107eg tima u nastavku. Search \/ Filter All Industries Biotechnology &amp; Pharmaceutical Industry Construction Industry Commerce &amp; Mechanical Art Energy Healthcare High Net-Worth Individuals Holdings Hotel, [&hellip;]<\/p>\n","protected":false},"author":28,"featured_media":0,"parent":0,"menu_order":0,"comment_status":"closed","ping_status":"closed","template":"","meta":{"_acf_changed":false,"footnotes":""},"class_list":["post-1582","page","type-page","status-publish","hentry"],"acf":[],"yoast_head":"<!-- This site is optimized with the Yoast SEO plugin v26.0 - https:\/\/yoast.com\/wordpress\/plugins\/seo\/ -->\n<title>Partneri - www.tpa-group.rs<\/title>\n<meta name=\"robots\" content=\"index, follow, max-snippet:-1, max-image-preview:large, max-video-preview:-1\" \/>\n<link rel=\"canonical\" href=\"https:\/\/www.tpa-group.rs\/sr\/partneri\/\" \/>\n<meta property=\"og:locale\" content=\"sr_RS\" \/>\n<meta property=\"og:type\" content=\"article\" \/>\n<meta property=\"og:title\" content=\"Partneri - www.tpa-group.rs\" \/>\n<meta property=\"og:description\" content=\"Home |&nbsp; Know-how Na\u0161 tim u Srbiji Na\u0161i partneri poseduju vrhunsku ekspertizu u oblastima poreskog savetovanja, ra\u010dunovodstva i poslovnog savetovanja. \u017delimo da vas informi\u0161emo o oblastima stru\u010dnosti \u010dlanova na\u0161eg rukovode\u0107eg tima u nastavku. Search \/ Filter All Industries Biotechnology &amp; Pharmaceutical Industry Construction Industry Commerce &amp; Mechanical Art Energy Healthcare High Net-Worth Individuals Holdings Hotel, [&hellip;]\" \/>\n<meta property=\"og:url\" content=\"https:\/\/www.tpa-group.rs\/sr\/partneri\/\" \/>\n<meta property=\"og:site_name\" content=\"www.tpa-group.rs\" \/>\n<meta property=\"article:modified_time\" content=\"2024-11-20T16:59:39+00:00\" \/>\n<meta property=\"og:image\" content=\"https:\/\/www.tpa-group.rs\/app\/plugins\/ovos-elementor-widgets\/widgets\/persons-card-grid-widget\/img\/filters-icon.svg\" \/>\n<meta name=\"twitter:card\" content=\"summary_large_image\" \/>\n<meta name=\"twitter:label1\" content=\"Est. reading time\" \/>\n\t<meta name=\"twitter:data1\" content=\"2 \u043c\u0438\u043d\u0443\u0442\u0430\" \/>\n<script type=\"application\/ld+json\" class=\"yoast-schema-graph\">{\"@context\":\"https:\/\/schema.org\",\"@graph\":[{\"@type\":\"WebPage\",\"@id\":\"https:\/\/www.tpa-group.rs\/sr\/partneri\/\",\"url\":\"https:\/\/www.tpa-group.rs\/sr\/partneri\/\",\"name\":\"Partneri - www.tpa-group.rs\",\"isPartOf\":{\"@id\":\"https:\/\/www.tpa-group.rs\/sr\/#website\"},\"primaryImageOfPage\":{\"@id\":\"https:\/\/www.tpa-group.rs\/sr\/partneri\/#primaryimage\"},\"image\":{\"@id\":\"https:\/\/www.tpa-group.rs\/sr\/partneri\/#primaryimage\"},\"thumbnailUrl\":\"https:\/\/www.tpa-group.rs\/app\/plugins\/ovos-elementor-widgets\/widgets\/persons-card-grid-widget\/img\/filters-icon.svg\",\"datePublished\":\"2024-06-19T09:11:59+00:00\",\"dateModified\":\"2024-11-20T16:59:39+00:00\",\"breadcrumb\":{\"@id\":\"https:\/\/www.tpa-group.rs\/sr\/partneri\/#breadcrumb\"},\"inLanguage\":\"sr-RS\",\"potentialAction\":[{\"@type\":\"ReadAction\",\"target\":[\"https:\/\/www.tpa-group.rs\/sr\/partneri\/\"]}]},{\"@type\":\"ImageObject\",\"inLanguage\":\"sr-RS\",\"@id\":\"https:\/\/www.tpa-group.rs\/sr\/partneri\/#primaryimage\",\"url\":\"https:\/\/www.tpa-group.rs\/app\/plugins\/ovos-elementor-widgets\/widgets\/persons-card-grid-widget\/img\/filters-icon.svg\",\"contentUrl\":\"https:\/\/www.tpa-group.rs\/app\/plugins\/ovos-elementor-widgets\/widgets\/persons-card-grid-widget\/img\/filters-icon.svg\"},{\"@type\":\"BreadcrumbList\",\"@id\":\"https:\/\/www.tpa-group.rs\/sr\/partneri\/#breadcrumb\",\"itemListElement\":[{\"@type\":\"ListItem\",\"position\":1,\"name\":\"Home\",\"item\":\"https:\/\/www.tpa-group.rs\/sr\/\"},{\"@type\":\"ListItem\",\"position\":2,\"name\":\"Partneri\"}]},{\"@type\":\"WebSite\",\"@id\":\"https:\/\/www.tpa-group.rs\/sr\/#website\",\"url\":\"https:\/\/www.tpa-group.rs\/sr\/\",\"name\":\"www.tpa-group.rs\",\"description\":\"\",\"publisher\":{\"@id\":\"https:\/\/www.tpa-group.rs\/sr\/#organization\"},\"potentialAction\":[{\"@type\":\"SearchAction\",\"target\":{\"@type\":\"EntryPoint\",\"urlTemplate\":\"https:\/\/www.tpa-group.rs\/sr\/?s={search_term_string}\"},\"query-input\":{\"@type\":\"PropertyValueSpecification\",\"valueRequired\":true,\"valueName\":\"search_term_string\"}}],\"inLanguage\":\"sr-RS\"},{\"@type\":\"Organization\",\"@id\":\"https:\/\/www.tpa-group.rs\/sr\/#organization\",\"name\":\"www.tpa-group.rs\",\"url\":\"https:\/\/www.tpa-group.rs\/sr\/\",\"logo\":{\"@type\":\"ImageObject\",\"inLanguage\":\"sr-RS\",\"@id\":\"https:\/\/www.tpa-group.rs\/sr\/#\/schema\/logo\/image\/\",\"url\":\"https:\/\/www.tpa-group.rs\/app\/uploads\/sites\/10\/2024\/02\/tpa-logo.svg\",\"contentUrl\":\"https:\/\/www.tpa-group.rs\/app\/uploads\/sites\/10\/2024\/02\/tpa-logo.svg\",\"caption\":\"www.tpa-group.rs\"},\"image\":{\"@id\":\"https:\/\/www.tpa-group.rs\/sr\/#\/schema\/logo\/image\/\"}}]}<\/script>\n<!-- \/ Yoast SEO plugin. -->","yoast_head_json":{"title":"Partneri - www.tpa-group.rs","robots":{"index":"index","follow":"follow","max-snippet":"max-snippet:-1","max-image-preview":"max-image-preview:large","max-video-preview":"max-video-preview:-1"},"canonical":"https:\/\/www.tpa-group.rs\/sr\/partneri\/","og_locale":"sr_RS","og_type":"article","og_title":"Partneri - www.tpa-group.rs","og_description":"Home |&nbsp; Know-how Na\u0161 tim u Srbiji Na\u0161i partneri poseduju vrhunsku ekspertizu u oblastima poreskog savetovanja, ra\u010dunovodstva i poslovnog savetovanja. \u017delimo da vas informi\u0161emo o oblastima stru\u010dnosti \u010dlanova na\u0161eg rukovode\u0107eg tima u nastavku. Search \/ Filter All Industries Biotechnology &amp; Pharmaceutical Industry Construction Industry Commerce &amp; Mechanical Art Energy Healthcare High Net-Worth Individuals Holdings Hotel, [&hellip;]","og_url":"https:\/\/www.tpa-group.rs\/sr\/partneri\/","og_site_name":"www.tpa-group.rs","article_modified_time":"2024-11-20T16:59:39+00:00","og_image":[{"url":"https:\/\/www.tpa-group.rs\/app\/plugins\/ovos-elementor-widgets\/widgets\/persons-card-grid-widget\/img\/filters-icon.svg","type":"","width":"","height":""}],"twitter_card":"summary_large_image","twitter_misc":{"Est. reading time":"2 \u043c\u0438\u043d\u0443\u0442\u0430"},"schema":{"@context":"https:\/\/schema.org","@graph":[{"@type":"WebPage","@id":"https:\/\/www.tpa-group.rs\/sr\/partneri\/","url":"https:\/\/www.tpa-group.rs\/sr\/partneri\/","name":"Partneri - www.tpa-group.rs","isPartOf":{"@id":"https:\/\/www.tpa-group.rs\/sr\/#website"},"primaryImageOfPage":{"@id":"https:\/\/www.tpa-group.rs\/sr\/partneri\/#primaryimage"},"image":{"@id":"https:\/\/www.tpa-group.rs\/sr\/partneri\/#primaryimage"},"thumbnailUrl":"https:\/\/www.tpa-group.rs\/app\/plugins\/ovos-elementor-widgets\/widgets\/persons-card-grid-widget\/img\/filters-icon.svg","datePublished":"2024-06-19T09:11:59+00:00","dateModified":"2024-11-20T16:59:39+00:00","breadcrumb":{"@id":"https:\/\/www.tpa-group.rs\/sr\/partneri\/#breadcrumb"},"inLanguage":"sr-RS","potentialAction":[{"@type":"ReadAction","target":["https:\/\/www.tpa-group.rs\/sr\/partneri\/"]}]},{"@type":"ImageObject","inLanguage":"sr-RS","@id":"https:\/\/www.tpa-group.rs\/sr\/partneri\/#primaryimage","url":"https:\/\/www.tpa-group.rs\/app\/plugins\/ovos-elementor-widgets\/widgets\/persons-card-grid-widget\/img\/filters-icon.svg","contentUrl":"https:\/\/www.tpa-group.rs\/app\/plugins\/ovos-elementor-widgets\/widgets\/persons-card-grid-widget\/img\/filters-icon.svg"},{"@type":"BreadcrumbList","@id":"https:\/\/www.tpa-group.rs\/sr\/partneri\/#breadcrumb","itemListElement":[{"@type":"ListItem","position":1,"name":"Home","item":"https:\/\/www.tpa-group.rs\/sr\/"},{"@type":"ListItem","position":2,"name":"Partneri"}]},{"@type":"WebSite","@id":"https:\/\/www.tpa-group.rs\/sr\/#website","url":"https:\/\/www.tpa-group.rs\/sr\/","name":"www.tpa-group.rs","description":"","publisher":{"@id":"https:\/\/www.tpa-group.rs\/sr\/#organization"},"potentialAction":[{"@type":"SearchAction","target":{"@type":"EntryPoint","urlTemplate":"https:\/\/www.tpa-group.rs\/sr\/?s={search_term_string}"},"query-input":{"@type":"PropertyValueSpecification","valueRequired":true,"valueName":"search_term_string"}}],"inLanguage":"sr-RS"},{"@type":"Organization","@id":"https:\/\/www.tpa-group.rs\/sr\/#organization","name":"www.tpa-group.rs","url":"https:\/\/www.tpa-group.rs\/sr\/","logo":{"@type":"ImageObject","inLanguage":"sr-RS","@id":"https:\/\/www.tpa-group.rs\/sr\/#\/schema\/logo\/image\/","url":"https:\/\/www.tpa-group.rs\/app\/uploads\/sites\/10\/2024\/02\/tpa-logo.svg","contentUrl":"https:\/\/www.tpa-group.rs\/app\/uploads\/sites\/10\/2024\/02\/tpa-logo.svg","caption":"www.tpa-group.rs"},"image":{"@id":"https:\/\/www.tpa-group.rs\/sr\/#\/schema\/logo\/image\/"}}]}},"_links":{"self":[{"href":"https:\/\/www.tpa-group.rs\/sr\/wp-json\/wp\/v2\/pages\/1582","targetHints":{"allow":["GET"]}}],"collection":[{"href":"https:\/\/www.tpa-group.rs\/sr\/wp-json\/wp\/v2\/pages"}],"about":[{"href":"https:\/\/www.tpa-group.rs\/sr\/wp-json\/wp\/v2\/types\/page"}],"author":[{"embeddable":true,"href":"https:\/\/www.tpa-group.rs\/sr\/wp-json\/wp\/v2\/users\/28"}],"replies":[{"embeddable":true,"href":"https:\/\/www.tpa-group.rs\/sr\/wp-json\/wp\/v2\/comments?post=1582"}],"version-history":[{"count":29,"href":"https:\/\/www.tpa-group.rs\/sr\/wp-json\/wp\/v2\/pages\/1582\/revisions"}],"predecessor-version":[{"id":4797,"href":"https:\/\/www.tpa-group.rs\/sr\/wp-json\/wp\/v2\/pages\/1582\/revisions\/4797"}],"wp:attachment":[{"href":"https:\/\/www.tpa-group.rs\/sr\/wp-json\/wp\/v2\/media?parent=1582"}],"curies":[{"name":"wp","href":"https:\/\/api.w.org\/{rel}","templated":true}]}}