{"id":1652,"date":"2024-06-19T10:30:48","date_gmt":"2024-06-19T10:30:48","guid":{"rendered":"https:\/\/www.tpa-group.rs\/?page_id=1652"},"modified":"2024-09-23T09:04:18","modified_gmt":"2024-09-23T09:04:18","slug":"slike-tpa-partnera-za-preuzimanje","status":"publish","type":"page","link":"https:\/\/www.tpa-group.rs\/sr\/slike-tpa-partnera-za-preuzimanje\/","title":{"rendered":"Slike TPA partnera za preuzimanje"},"content":{"rendered":"\t\t<div data-elementor-type=\"wp-page\" data-elementor-id=\"1652\" class=\"elementor elementor-1652\" data-elementor-post-type=\"page\">\n\t\t\t\t\t\t<section class=\"elementor-section elementor-top-section elementor-element elementor-element-9c1bf90 hero-banner elementor-section-boxed elementor-section-height-default elementor-section-height-default\" data-id=\"9c1bf90\" data-element_type=\"section\">\n\t\t\t\t\t\t<div class=\"elementor-container elementor-column-gap-default\">\n\t\t\t\t\t<div class=\"elementor-column elementor-col-50 elementor-top-column elementor-element elementor-element-f238d01\" data-id=\"f238d01\" data-element_type=\"column\">\n\t\t\t<div class=\"elementor-widget-wrap elementor-element-populated\">\n\t\t\t\t\t\t<section class=\"elementor-section elementor-inner-section elementor-element elementor-element-9f6a59e hero-banner-breadcrumbs-container elementor-section-boxed elementor-section-height-default elementor-section-height-default\" data-id=\"9f6a59e\" data-element_type=\"section\">\n\t\t\t\t\t\t<div class=\"elementor-container elementor-column-gap-default\">\n\t\t\t\t\t<div class=\"elementor-column elementor-col-100 elementor-inner-column elementor-element elementor-element-fdca754\" data-id=\"fdca754\" data-element_type=\"column\">\n\t\t\t<div class=\"elementor-widget-wrap elementor-element-populated\">\n\t\t\t\t\t\t<div class=\"elementor-element elementor-element-0c36beb elementor-widget elementor-widget-heading\" data-id=\"0c36beb\" data-element_type=\"widget\" data-widget_type=\"heading.default\">\n\t\t\t\t<div class=\"elementor-widget-container\">\n\t\t\t\t\t<p class=\"elementor-heading-title elementor-size-default\"><a href=\"\/\">Home |&nbsp;<\/a><\/p>\t\t\t\t<\/div>\n\t\t\t\t<\/div>\n\t\t\t\t<div class=\"elementor-element elementor-element-8344d2e elementor-widget elementor-widget-heading\" data-id=\"8344d2e\" data-element_type=\"widget\" data-widget_type=\"heading.default\">\n\t\t\t\t<div class=\"elementor-widget-container\">\n\t\t\t\t\t<p class=\"elementor-heading-title elementor-size-default\">Slike TPA partnera za preuzimanje\n<\/p>\t\t\t\t<\/div>\n\t\t\t\t<\/div>\n\t\t\t\t\t<\/div>\n\t\t<\/div>\n\t\t\t\t\t<\/div>\n\t\t<\/section>\n\t\t\t\t<div class=\"elementor-element elementor-element-f9dd8ce elementor-widget elementor-widget-heading\" data-id=\"f9dd8ce\" data-element_type=\"widget\" data-widget_type=\"heading.default\">\n\t\t\t\t<div class=\"elementor-widget-container\">\n\t\t\t\t\t<h1 class=\"elementor-heading-title elementor-size-default\">Slike TPA partnera za preuzimanje\n<\/h1>\t\t\t\t<\/div>\n\t\t\t\t<\/div>\n\t\t\t\t<div class=\"elementor-element elementor-element-0da992c elementor-widget elementor-widget-text-editor\" data-id=\"0da992c\" data-element_type=\"widget\" data-widget_type=\"text-editor.default\">\n\t\t\t\t<div class=\"elementor-widget-container\">\n\t\t\t\t\t\t\t\t\t<p>Fotografije Partnera mogu se preuzeti sa ovog sajta.<\/p><p>Na ovoj stranici mo\u017eete prona\u0107i fotografije pratnera u visokoj rezoluciji.<\/p>\t\t\t\t\t\t\t\t<\/div>\n\t\t\t\t<\/div>\n\t\t\t\t\t<\/div>\n\t\t<\/div>\n\t\t\t\t<div class=\"elementor-column elementor-col-50 elementor-top-column elementor-element elementor-element-31b523f\" data-id=\"31b523f\" data-element_type=\"column\">\n\t\t\t<div class=\"elementor-widget-wrap\">\n\t\t\t\t\t\t\t<\/div>\n\t\t<\/div>\n\t\t\t\t\t<\/div>\n\t\t<\/section>\n\t\t<div class=\"elementor-element elementor-element-58a6fc7 page-content-container e-flex e-con-boxed e-con e-parent\" data-id=\"58a6fc7\" data-element_type=\"container\" data-settings=\"{&quot;background_background&quot;:&quot;classic&quot;}\">\n\t\t\t\t\t<div class=\"e-con-inner\">\n\t\t\t\t<div class=\"elementor-element elementor-element-aae4bdd elementor-widget elementor-widget-file-download\" data-id=\"aae4bdd\" data-element_type=\"widget\" data-widget_type=\"file-download.default\">\n\t\t\t\t<div class=\"elementor-widget-container\">\n\t\t\t\t\t\n\t\t<div class=\"file-download-container\">\n\t\t\t<div class=\"file-download-container-row\">\n\t\t\t\t<div class=\"col col1\">\n\t\t\t\t\t<div class=\"img-wrapper\">\n\t\t\t\t\t\t<img decoding=\"async\" src=\"https:\/\/www.tpa-group.rs\/app\/uploads\/sites\/10\/2024\/09\/Haneder-Thomas-Advisor-and-Partner.png\">\n\t\t\t\t\t<\/div>\n\t\t\t\t<\/div>\n\t\t\t\t<div class=\"col col2\">\n\t\t\t\t\t<h5 class=\"file-download-title\">Thomas Haneder <\/h5>\n\n\t\t\t\t\t<div class=\"file-info-container\">\n\t\t\t\t\t\t\t\t\t\t\t\t\t<i aria-hidden=\"true\" class=\"fa6s fa6s-solid-file\"><\/i>\n\t\t\t\t\t\t\t\t\t\t\t\t<p class=\"file-size\">321.69KB<\/p>\n\t\t\t\t\t\t<p class=\"file-extension-type\">.jpeg<\/p>\n\t\t\t\t\t<\/div>\n\t\t\t\t<\/div>\n\t\t\t\t<div class=\"col col3\">\n\t\t\t\t\t<div class=\"btn__wrapper download-btn-wrapper\">\n\t\t\t\t\t  \t<a href=\"https:\/\/www.tpa-group.rs\/app\/uploads\/sites\/10\/2024\/06\/TPA-Steuerberatung-Haneder-Thomas-scaled.jpg\" target=\"_blank\" class=\"btn btn__primary elementor-button download-btn\">\n\t\t\t\t\t  \t\tDownload\t\t\t\t\t  \t\t<i class=\"fa6s fa6s-solid-download\"><\/i>\t\n\t\t\t\t\t  \t<\/a>\n\t\t\t  \t\t\n\t\t\t\t\t<\/div>\n\t\t\t\t<\/div>\n\t\t\t<\/div>\n    \t<\/div>\n\n\t\t\t\t\t\t<\/div>\n\t\t\t\t<\/div>\n\t\t\t\t<div class=\"elementor-element elementor-element-b4b785e elementor-widget elementor-widget-file-download\" data-id=\"b4b785e\" data-element_type=\"widget\" data-widget_type=\"file-download.default\">\n\t\t\t\t<div class=\"elementor-widget-container\">\n\t\t\t\t\t\n\t\t<div class=\"file-download-container\">\n\t\t\t<div class=\"file-download-container-row\">\n\t\t\t\t<div class=\"col col1\">\n\t\t\t\t\t<div class=\"img-wrapper\">\n\t\t\t\t\t\t<img decoding=\"async\" src=\"https:\/\/www.tpa-group.rs\/app\/uploads\/sites\/10\/2024\/09\/TPA_portreti_Bojan_Zepinic_januar_2024-scaled.jpg\">\n\t\t\t\t\t<\/div>\n\t\t\t\t<\/div>\n\t\t\t\t<div class=\"col col2\">\n\t\t\t\t\t<h5 class=\"file-download-title\">Bojan \u017depini\u0107 <\/h5>\n\n\t\t\t\t\t<div class=\"file-info-container\">\n\t\t\t\t\t\t\t\t\t\t\t\t\t<i aria-hidden=\"true\" class=\"fa6s fa6s-solid-file\"><\/i>\n\t\t\t\t\t\t\t\t\t\t\t\t<p class=\"file-size\">501.61KB<\/p>\n\t\t\t\t\t\t<p class=\"file-extension-type\">.jpeg<\/p>\n\t\t\t\t\t<\/div>\n\t\t\t\t<\/div>\n\t\t\t\t<div class=\"col col3\">\n\t\t\t\t\t<div class=\"btn__wrapper download-btn-wrapper\">\n\t\t\t\t\t  \t<a href=\"https:\/\/www.tpa-group.rs\/app\/uploads\/sites\/10\/2024\/06\/bojan-presscard-scaled.jpg\" target=\"_blank\" class=\"btn btn__primary elementor-button download-btn\">\n\t\t\t\t\t  \t\tDownload\t\t\t\t\t  \t\t<i class=\"fa6s fa6s-solid-download\"><\/i>\t\n\t\t\t\t\t  \t<\/a>\n\t\t\t  \t\t\n\t\t\t\t\t<\/div>\n\t\t\t\t<\/div>\n\t\t\t<\/div>\n    \t<\/div>\n\n\t\t\t\t\t\t<\/div>\n\t\t\t\t<\/div>\n\t\t\t\t\t<\/div>\n\t\t\t\t<\/div>\n\t\t\t\t<\/div>\n\t\t","protected":false},"excerpt":{"rendered":"<p>Home |&nbsp; Slike TPA partnera za preuzimanje Slike TPA partnera za preuzimanje Fotografije Partnera mogu se preuzeti sa ovog sajta. Na ovoj stranici mo\u017eete prona\u0107i fotografije pratnera u visokoj rezoluciji. Thomas Haneder 321.69KB .jpeg Download Bojan \u017depini\u0107 501.61KB .jpeg Download<\/p>\n","protected":false},"author":28,"featured_media":0,"parent":0,"menu_order":0,"comment_status":"closed","ping_status":"closed","template":"","meta":{"_acf_changed":false,"footnotes":""},"class_list":["post-1652","page","type-page","status-publish","hentry"],"acf":[],"yoast_head":"<!-- This site is optimized with the Yoast SEO plugin v26.0 - https:\/\/yoast.com\/wordpress\/plugins\/seo\/ -->\n<title>Slike TPA partnera za preuzimanje - www.tpa-group.rs<\/title>\n<meta name=\"robots\" content=\"index, follow, max-snippet:-1, max-image-preview:large, max-video-preview:-1\" \/>\n<link rel=\"canonical\" href=\"https:\/\/www.tpa-group.rs\/sr\/slike-tpa-partnera-za-preuzimanje\/\" \/>\n<meta property=\"og:locale\" content=\"sr_RS\" \/>\n<meta property=\"og:type\" content=\"article\" \/>\n<meta property=\"og:title\" content=\"Slike TPA partnera za preuzimanje - www.tpa-group.rs\" \/>\n<meta property=\"og:description\" content=\"Home |&nbsp; Slike TPA partnera za preuzimanje Slike TPA partnera za preuzimanje Fotografije Partnera mogu se preuzeti sa ovog sajta. Na ovoj stranici mo\u017eete prona\u0107i fotografije pratnera u visokoj rezoluciji. Thomas Haneder 321.69KB .jpeg Download Bojan \u017depini\u0107 501.61KB .jpeg Download\" \/>\n<meta property=\"og:url\" content=\"https:\/\/www.tpa-group.rs\/sr\/slike-tpa-partnera-za-preuzimanje\/\" \/>\n<meta property=\"og:site_name\" content=\"www.tpa-group.rs\" \/>\n<meta property=\"article:modified_time\" content=\"2024-09-23T09:04:18+00:00\" \/>\n<meta property=\"og:image\" content=\"https:\/\/www.tpa-group.rs\/app\/uploads\/sites\/10\/2024\/09\/Haneder-Thomas-Advisor-and-Partner.png\" \/>\n<meta name=\"twitter:card\" content=\"summary_large_image\" \/>\n<meta name=\"twitter:label1\" content=\"Est. reading time\" \/>\n\t<meta name=\"twitter:data1\" content=\"1 \u043c\u0438\u043d\u0443\u0442\" \/>\n<script type=\"application\/ld+json\" class=\"yoast-schema-graph\">{\"@context\":\"https:\/\/schema.org\",\"@graph\":[{\"@type\":\"WebPage\",\"@id\":\"https:\/\/www.tpa-group.rs\/sr\/slike-tpa-partnera-za-preuzimanje\/\",\"url\":\"https:\/\/www.tpa-group.rs\/sr\/slike-tpa-partnera-za-preuzimanje\/\",\"name\":\"Slike TPA partnera za preuzimanje - www.tpa-group.rs\",\"isPartOf\":{\"@id\":\"https:\/\/www.tpa-group.rs\/sr\/#website\"},\"primaryImageOfPage\":{\"@id\":\"https:\/\/www.tpa-group.rs\/sr\/slike-tpa-partnera-za-preuzimanje\/#primaryimage\"},\"image\":{\"@id\":\"https:\/\/www.tpa-group.rs\/sr\/slike-tpa-partnera-za-preuzimanje\/#primaryimage\"},\"thumbnailUrl\":\"https:\/\/www.tpa-group.rs\/app\/uploads\/sites\/10\/2024\/09\/Haneder-Thomas-Advisor-and-Partner.png\",\"datePublished\":\"2024-06-19T10:30:48+00:00\",\"dateModified\":\"2024-09-23T09:04:18+00:00\",\"breadcrumb\":{\"@id\":\"https:\/\/www.tpa-group.rs\/sr\/slike-tpa-partnera-za-preuzimanje\/#breadcrumb\"},\"inLanguage\":\"sr-RS\",\"potentialAction\":[{\"@type\":\"ReadAction\",\"target\":[\"https:\/\/www.tpa-group.rs\/sr\/slike-tpa-partnera-za-preuzimanje\/\"]}]},{\"@type\":\"ImageObject\",\"inLanguage\":\"sr-RS\",\"@id\":\"https:\/\/www.tpa-group.rs\/sr\/slike-tpa-partnera-za-preuzimanje\/#primaryimage\",\"url\":\"https:\/\/www.tpa-group.rs\/app\/uploads\/sites\/10\/2024\/09\/Haneder-Thomas-Advisor-and-Partner.png\",\"contentUrl\":\"https:\/\/www.tpa-group.rs\/app\/uploads\/sites\/10\/2024\/09\/Haneder-Thomas-Advisor-and-Partner.png\"},{\"@type\":\"BreadcrumbList\",\"@id\":\"https:\/\/www.tpa-group.rs\/sr\/slike-tpa-partnera-za-preuzimanje\/#breadcrumb\",\"itemListElement\":[{\"@type\":\"ListItem\",\"position\":1,\"name\":\"Home\",\"item\":\"https:\/\/www.tpa-group.rs\/sr\/\"},{\"@type\":\"ListItem\",\"position\":2,\"name\":\"Slike TPA partnera za preuzimanje\"}]},{\"@type\":\"WebSite\",\"@id\":\"https:\/\/www.tpa-group.rs\/sr\/#website\",\"url\":\"https:\/\/www.tpa-group.rs\/sr\/\",\"name\":\"www.tpa-group.rs\",\"description\":\"\",\"publisher\":{\"@id\":\"https:\/\/www.tpa-group.rs\/sr\/#organization\"},\"potentialAction\":[{\"@type\":\"SearchAction\",\"target\":{\"@type\":\"EntryPoint\",\"urlTemplate\":\"https:\/\/www.tpa-group.rs\/sr\/?s={search_term_string}\"},\"query-input\":{\"@type\":\"PropertyValueSpecification\",\"valueRequired\":true,\"valueName\":\"search_term_string\"}}],\"inLanguage\":\"sr-RS\"},{\"@type\":\"Organization\",\"@id\":\"https:\/\/www.tpa-group.rs\/sr\/#organization\",\"name\":\"www.tpa-group.rs\",\"url\":\"https:\/\/www.tpa-group.rs\/sr\/\",\"logo\":{\"@type\":\"ImageObject\",\"inLanguage\":\"sr-RS\",\"@id\":\"https:\/\/www.tpa-group.rs\/sr\/#\/schema\/logo\/image\/\",\"url\":\"https:\/\/www.tpa-group.rs\/app\/uploads\/sites\/10\/2024\/02\/tpa-logo.svg\",\"contentUrl\":\"https:\/\/www.tpa-group.rs\/app\/uploads\/sites\/10\/2024\/02\/tpa-logo.svg\",\"caption\":\"www.tpa-group.rs\"},\"image\":{\"@id\":\"https:\/\/www.tpa-group.rs\/sr\/#\/schema\/logo\/image\/\"}}]}<\/script>\n<!-- \/ Yoast SEO plugin. -->","yoast_head_json":{"title":"Slike TPA partnera za preuzimanje - www.tpa-group.rs","robots":{"index":"index","follow":"follow","max-snippet":"max-snippet:-1","max-image-preview":"max-image-preview:large","max-video-preview":"max-video-preview:-1"},"canonical":"https:\/\/www.tpa-group.rs\/sr\/slike-tpa-partnera-za-preuzimanje\/","og_locale":"sr_RS","og_type":"article","og_title":"Slike TPA partnera za preuzimanje - www.tpa-group.rs","og_description":"Home |&nbsp; Slike TPA partnera za preuzimanje Slike TPA partnera za preuzimanje Fotografije Partnera mogu se preuzeti sa ovog sajta. Na ovoj stranici mo\u017eete prona\u0107i fotografije pratnera u visokoj rezoluciji. Thomas Haneder 321.69KB .jpeg Download Bojan \u017depini\u0107 501.61KB .jpeg Download","og_url":"https:\/\/www.tpa-group.rs\/sr\/slike-tpa-partnera-za-preuzimanje\/","og_site_name":"www.tpa-group.rs","article_modified_time":"2024-09-23T09:04:18+00:00","og_image":[{"url":"https:\/\/www.tpa-group.rs\/app\/uploads\/sites\/10\/2024\/09\/Haneder-Thomas-Advisor-and-Partner.png","type":"","width":"","height":""}],"twitter_card":"summary_large_image","twitter_misc":{"Est. reading time":"1 \u043c\u0438\u043d\u0443\u0442"},"schema":{"@context":"https:\/\/schema.org","@graph":[{"@type":"WebPage","@id":"https:\/\/www.tpa-group.rs\/sr\/slike-tpa-partnera-za-preuzimanje\/","url":"https:\/\/www.tpa-group.rs\/sr\/slike-tpa-partnera-za-preuzimanje\/","name":"Slike TPA partnera za preuzimanje - www.tpa-group.rs","isPartOf":{"@id":"https:\/\/www.tpa-group.rs\/sr\/#website"},"primaryImageOfPage":{"@id":"https:\/\/www.tpa-group.rs\/sr\/slike-tpa-partnera-za-preuzimanje\/#primaryimage"},"image":{"@id":"https:\/\/www.tpa-group.rs\/sr\/slike-tpa-partnera-za-preuzimanje\/#primaryimage"},"thumbnailUrl":"https:\/\/www.tpa-group.rs\/app\/uploads\/sites\/10\/2024\/09\/Haneder-Thomas-Advisor-and-Partner.png","datePublished":"2024-06-19T10:30:48+00:00","dateModified":"2024-09-23T09:04:18+00:00","breadcrumb":{"@id":"https:\/\/www.tpa-group.rs\/sr\/slike-tpa-partnera-za-preuzimanje\/#breadcrumb"},"inLanguage":"sr-RS","potentialAction":[{"@type":"ReadAction","target":["https:\/\/www.tpa-group.rs\/sr\/slike-tpa-partnera-za-preuzimanje\/"]}]},{"@type":"ImageObject","inLanguage":"sr-RS","@id":"https:\/\/www.tpa-group.rs\/sr\/slike-tpa-partnera-za-preuzimanje\/#primaryimage","url":"https:\/\/www.tpa-group.rs\/app\/uploads\/sites\/10\/2024\/09\/Haneder-Thomas-Advisor-and-Partner.png","contentUrl":"https:\/\/www.tpa-group.rs\/app\/uploads\/sites\/10\/2024\/09\/Haneder-Thomas-Advisor-and-Partner.png"},{"@type":"BreadcrumbList","@id":"https:\/\/www.tpa-group.rs\/sr\/slike-tpa-partnera-za-preuzimanje\/#breadcrumb","itemListElement":[{"@type":"ListItem","position":1,"name":"Home","item":"https:\/\/www.tpa-group.rs\/sr\/"},{"@type":"ListItem","position":2,"name":"Slike TPA partnera za preuzimanje"}]},{"@type":"WebSite","@id":"https:\/\/www.tpa-group.rs\/sr\/#website","url":"https:\/\/www.tpa-group.rs\/sr\/","name":"www.tpa-group.rs","description":"","publisher":{"@id":"https:\/\/www.tpa-group.rs\/sr\/#organization"},"potentialAction":[{"@type":"SearchAction","target":{"@type":"EntryPoint","urlTemplate":"https:\/\/www.tpa-group.rs\/sr\/?s={search_term_string}"},"query-input":{"@type":"PropertyValueSpecification","valueRequired":true,"valueName":"search_term_string"}}],"inLanguage":"sr-RS"},{"@type":"Organization","@id":"https:\/\/www.tpa-group.rs\/sr\/#organization","name":"www.tpa-group.rs","url":"https:\/\/www.tpa-group.rs\/sr\/","logo":{"@type":"ImageObject","inLanguage":"sr-RS","@id":"https:\/\/www.tpa-group.rs\/sr\/#\/schema\/logo\/image\/","url":"https:\/\/www.tpa-group.rs\/app\/uploads\/sites\/10\/2024\/02\/tpa-logo.svg","contentUrl":"https:\/\/www.tpa-group.rs\/app\/uploads\/sites\/10\/2024\/02\/tpa-logo.svg","caption":"www.tpa-group.rs"},"image":{"@id":"https:\/\/www.tpa-group.rs\/sr\/#\/schema\/logo\/image\/"}}]}},"_links":{"self":[{"href":"https:\/\/www.tpa-group.rs\/sr\/wp-json\/wp\/v2\/pages\/1652","targetHints":{"allow":["GET"]}}],"collection":[{"href":"https:\/\/www.tpa-group.rs\/sr\/wp-json\/wp\/v2\/pages"}],"about":[{"href":"https:\/\/www.tpa-group.rs\/sr\/wp-json\/wp\/v2\/types\/page"}],"author":[{"embeddable":true,"href":"https:\/\/www.tpa-group.rs\/sr\/wp-json\/wp\/v2\/users\/28"}],"replies":[{"embeddable":true,"href":"https:\/\/www.tpa-group.rs\/sr\/wp-json\/wp\/v2\/comments?post=1652"}],"version-history":[{"count":14,"href":"https:\/\/www.tpa-group.rs\/sr\/wp-json\/wp\/v2\/pages\/1652\/revisions"}],"predecessor-version":[{"id":3536,"href":"https:\/\/www.tpa-group.rs\/sr\/wp-json\/wp\/v2\/pages\/1652\/revisions\/3536"}],"wp:attachment":[{"href":"https:\/\/www.tpa-group.rs\/sr\/wp-json\/wp\/v2\/media?parent=1652"}],"curies":[{"name":"wp","href":"https:\/\/api.w.org\/{rel}","templated":true}]}}