{"id":1674,"date":"2024-06-19T10:36:51","date_gmt":"2024-06-19T10:36:51","guid":{"rendered":"https:\/\/www.tpa-group.rs\/?page_id=1674"},"modified":"2024-09-23T09:31:56","modified_gmt":"2024-09-23T09:31:56","slug":"cinjenice-i-brojke","status":"publish","type":"page","link":"https:\/\/www.tpa-group.rs\/sr\/cinjenice-i-brojke\/","title":{"rendered":"\u010cinjenice i brojke"},"content":{"rendered":"\t\t<div data-elementor-type=\"wp-page\" data-elementor-id=\"1674\" class=\"elementor elementor-1674\" data-elementor-post-type=\"page\">\n\t\t\t\t\t\t<section class=\"elementor-section elementor-top-section elementor-element elementor-element-c3d3406 hero-banner elementor-section-boxed elementor-section-height-default elementor-section-height-default\" data-id=\"c3d3406\" data-element_type=\"section\">\n\t\t\t\t\t\t<div class=\"elementor-container elementor-column-gap-default\">\n\t\t\t\t\t<div class=\"elementor-column elementor-col-50 elementor-top-column elementor-element elementor-element-add900b\" data-id=\"add900b\" data-element_type=\"column\">\n\t\t\t<div class=\"elementor-widget-wrap elementor-element-populated\">\n\t\t\t\t\t\t<section class=\"elementor-section elementor-inner-section elementor-element elementor-element-5de41a6 hero-banner-breadcrumbs-container elementor-section-boxed elementor-section-height-default elementor-section-height-default\" data-id=\"5de41a6\" data-element_type=\"section\">\n\t\t\t\t\t\t<div class=\"elementor-container elementor-column-gap-default\">\n\t\t\t\t\t<div class=\"elementor-column elementor-col-100 elementor-inner-column elementor-element elementor-element-7953611\" data-id=\"7953611\" data-element_type=\"column\">\n\t\t\t<div class=\"elementor-widget-wrap elementor-element-populated\">\n\t\t\t\t\t\t<div class=\"elementor-element elementor-element-59829d0 elementor-widget elementor-widget-heading\" data-id=\"59829d0\" data-element_type=\"widget\" data-widget_type=\"heading.default\">\n\t\t\t\t<div class=\"elementor-widget-container\">\n\t\t\t\t\t<p class=\"elementor-heading-title elementor-size-default\"><a href=\"\/\">Home |&nbsp;<\/a><\/p>\t\t\t\t<\/div>\n\t\t\t\t<\/div>\n\t\t\t\t<div class=\"elementor-element elementor-element-f5776c6 elementor-widget elementor-widget-heading\" data-id=\"f5776c6\" data-element_type=\"widget\" data-widget_type=\"heading.default\">\n\t\t\t\t<div class=\"elementor-widget-container\">\n\t\t\t\t\t<p class=\"elementor-heading-title elementor-size-default\">\u010cinjenice i brojke<\/p>\t\t\t\t<\/div>\n\t\t\t\t<\/div>\n\t\t\t\t\t<\/div>\n\t\t<\/div>\n\t\t\t\t\t<\/div>\n\t\t<\/section>\n\t\t\t\t<div class=\"elementor-element elementor-element-15de317 elementor-widget elementor-widget-heading\" data-id=\"15de317\" data-element_type=\"widget\" data-widget_type=\"heading.default\">\n\t\t\t\t<div class=\"elementor-widget-container\">\n\t\t\t\t\t<h1 class=\"elementor-heading-title elementor-size-default\">\u010cinjenice i cifre o Grupi TPA\n<\/h1>\t\t\t\t<\/div>\n\t\t\t\t<\/div>\n\t\t\t\t<div class=\"elementor-element elementor-element-0e34cdd elementor-widget elementor-widget-text-editor\" data-id=\"0e34cdd\" data-element_type=\"widget\" data-widget_type=\"text-editor.default\">\n\t\t\t\t<div class=\"elementor-widget-container\">\n\t\t\t\t\t\t\t\t\t<p>Grupa TPA je jedna od kompanija koja je vode\u0107i poreski savetnik i koja pru\u017ea usluge revizije u centralnoj i jugoisto\u010dnoj Evropi. Imamo 2,050 zaposlenih koji rade u 30 kancelarija koje se bave porezima i revizijom u Albaniji, Austriji, Bugarskoj, Hrvatskoj, Republici \u010ce\u0161koj, Ma\u0111arskoj, Crnoj gori, Poljskoj, Rumuniji, Srbiji, Slova\u010dkoj i Sloveniji..<\/p>\t\t\t\t\t\t\t\t<\/div>\n\t\t\t\t<\/div>\n\t\t\t\t\t<\/div>\n\t\t<\/div>\n\t\t\t\t<div class=\"elementor-column elementor-col-50 elementor-top-column elementor-element elementor-element-3cfec84\" data-id=\"3cfec84\" data-element_type=\"column\">\n\t\t\t<div class=\"elementor-widget-wrap\">\n\t\t\t\t\t\t\t<\/div>\n\t\t<\/div>\n\t\t\t\t\t<\/div>\n\t\t<\/section>\n\t\t<div class=\"elementor-element elementor-element-a305f8e page-content-container e-flex e-con-boxed e-con e-parent\" data-id=\"a305f8e\" data-element_type=\"container\" data-settings=\"{&quot;background_background&quot;:&quot;classic&quot;}\">\n\t\t\t\t\t<div class=\"e-con-inner\">\n\t\t\t\t<div class=\"elementor-element elementor-element-561df82 elementor-widget elementor-widget-heading\" data-id=\"561df82\" data-element_type=\"widget\" data-widget_type=\"heading.default\">\n\t\t\t\t<div class=\"elementor-widget-container\">\n\t\t\t\t\t<h2 class=\"elementor-heading-title elementor-size-default\">The TPA Group\n\u200b<\/h2>\t\t\t\t<\/div>\n\t\t\t\t<\/div>\n\t\t\t\t<div class=\"elementor-element elementor-element-0685b56 elementor-widget elementor-widget-text-editor\" data-id=\"0685b56\" data-element_type=\"widget\" data-widget_type=\"text-editor.default\">\n\t\t\t\t<div class=\"elementor-widget-container\">\n\t\t\t\t\t\t\t\t\t<table class=\"image-right\" border=\"2\" align=\"right\"><tbody><tr><td>\u00a0\u00a0<strong>Zaposleni:<\/strong> 2,050<\/td><\/tr><tr><td>\u00a0\u00a0<strong>Zemlje:<\/strong>\u00a012<\/td><\/tr><tr><td><strong>\u00a0 Kancelarije za poreze i reviziju<\/strong>:\u00a0 30<\/td><\/tr><\/tbody><\/table>\t\t\t\t\t\t\t\t<\/div>\n\t\t\t\t<\/div>\n\t\t\t\t<div class=\"elementor-element elementor-element-912eaaa elementor-widget elementor-widget-heading\" data-id=\"912eaaa\" data-element_type=\"widget\" data-widget_type=\"heading.default\">\n\t\t\t\t<div class=\"elementor-widget-container\">\n\t\t\t\t\t<h2 class=\"elementor-heading-title elementor-size-default\">Baker Tilly International\n<\/h2>\t\t\t\t<\/div>\n\t\t\t\t<\/div>\n\t\t\t\t<div class=\"elementor-element elementor-element-b01d43d elementor-widget elementor-widget-text-editor\" data-id=\"b01d43d\" data-element_type=\"widget\" data-widget_type=\"text-editor.default\">\n\t\t\t\t<div class=\"elementor-widget-container\">\n\t\t\t\t\t\t\t\t\t<table class=\"image-right\" border=\"2\" align=\"right\"><tbody><tr><td><strong>\u00a0\u00a0 Firme \u010dlanice:\u00a0<\/strong>122<\/td><\/tr><tr><td><strong>\u00a0\u00a0 Zemlje:\u00a0<\/strong>146<\/td><\/tr><tr><td><strong>\u00a0 Zaposleni:\u00a0<\/strong>36,000<\/td><\/tr><\/tbody><\/table>\t\t\t\t\t\t\t\t<\/div>\n\t\t\t\t<\/div>\n\t\t\t\t<div class=\"elementor-element elementor-element-b484e6e elementor-widget elementor-widget-heading\" data-id=\"b484e6e\" data-element_type=\"widget\" data-widget_type=\"heading.default\">\n\t\t\t\t<div class=\"elementor-widget-container\">\n\t\t\t\t\t<h2 class=\"elementor-heading-title elementor-size-default\">Na\u0161e usluge u zemljama centralne i jugoisto\u010dne Evrope obuhvataju<\/h2>\t\t\t\t<\/div>\n\t\t\t\t<\/div>\n\t\t\t\t<div class=\"elementor-element elementor-element-247c089 elementor-widget elementor-widget-text-editor\" data-id=\"247c089\" data-element_type=\"widget\" data-widget_type=\"text-editor.default\">\n\t\t\t\t<div class=\"elementor-widget-container\">\n\t\t\t\t\t\t\t\t\t<ul><li><strong>savetodavne usluge o porezima<\/strong><\/li><li><strong>ra\u010dunovodstvo i platne spiskove<\/strong><\/li><li><strong>revizije\u00a0<\/strong><\/li><li><strong>pru\u017eanje saveta<\/strong><\/li><li><strong>i vi\u0161e od toga<\/strong><\/li><\/ul><p>\u00a0<\/p><p>Najvi\u0161i kvalitet, razvoj na\u0161eg know-how u hodu i posebno razumevanje situacija i potreba na\u0161ih klijenata predstavljaju va\u017ene osobine na\u0161eg rada.<\/p>\t\t\t\t\t\t\t\t<\/div>\n\t\t\t\t<\/div>\n\t\t\t\t<div class=\"elementor-element elementor-element-f429e49 elementor-widget elementor-widget-heading\" data-id=\"f429e49\" data-element_type=\"widget\" data-widget_type=\"heading.default\">\n\t\t\t\t<div class=\"elementor-widget-container\">\n\t\t\t\t\t<h2 class=\"elementor-heading-title elementor-size-default\">Regionalni koreni. Mre\u017ea u celom svetu.<\/h2>\t\t\t\t<\/div>\n\t\t\t\t<\/div>\n\t\t\t\t<div class=\"elementor-element elementor-element-c62ebb4 elementor-widget elementor-widget-text-editor\" data-id=\"c62ebb4\" data-element_type=\"widget\" data-widget_type=\"text-editor.default\">\n\t\t\t\t<div class=\"elementor-widget-container\">\n\t\t\t\t\t\t\t\t\t<p>Grupa TPA je nezavisan \u010dlan grupacije\u00a0<strong>Baker Tilly Europe Alliance<\/strong>\u00a0i na taj na\u010din je u stanju da pru\u017ei svojim klijentima mre\u017eu u celom svetu koja se sastoji od poreskih savetnika, revizora i konsultanata.<\/p>\t\t\t\t\t\t\t\t<\/div>\n\t\t\t\t<\/div>\n\t\t\t\t<div class=\"elementor-element elementor-element-680348f elementor-widget elementor-widget-heading\" data-id=\"680348f\" data-element_type=\"widget\" data-widget_type=\"heading.default\">\n\t\t\t\t<div class=\"elementor-widget-container\">\n\t\t\t\t\t<h2 class=\"elementor-heading-title elementor-size-default\">Sada za sutra\n<\/h2>\t\t\t\t<\/div>\n\t\t\t\t<\/div>\n\t\t\t\t<div class=\"elementor-element elementor-element-974b0af elementor-widget elementor-widget-text-editor\" data-id=\"974b0af\" data-element_type=\"widget\" data-widget_type=\"text-editor.default\">\n\t\t\t\t<div class=\"elementor-widget-container\">\n\t\t\t\t\t\t\t\t\t<p><strong>Baker Tilly International<\/strong>\u00a0 je svetska asocijacija pravno samostalnih poreskih konsultanata, revizora i poslovnih konsultanata. Mre\u017ea Baker Tilly International se u ovom trenutku sastoji od 126 nezavisnih firmi \u010dlanica u 145 zemalja sa vi\u0161e od 34.000 zaposlenih, \u0161to je \u010dini da bude me\u0111u\u00a0<strong>prvih 10<\/strong>\u00a0globalnih konsultantskih mre\u017ea. Sa svojom mre\u017eom mo\u017eemo na\u0161im klijentima da pru\u017eimo visokokvalitetne, profesionalne usluge u svim privredno zna\u010dajnim gradovima i regionima u celom svetu.<\/p>\t\t\t\t\t\t\t\t<\/div>\n\t\t\t\t<\/div>\n\t\t\t\t<div class=\"elementor-element elementor-element-bdf3dcd elementor-widget elementor-widget-image\" data-id=\"bdf3dcd\" data-element_type=\"widget\" data-widget_type=\"image.default\">\n\t\t\t\t<div class=\"elementor-widget-container\">\n\t\t\t\t\t\t\t\t\t\t\t\t\t\t\t<img fetchpriority=\"high\" decoding=\"async\" width=\"800\" height=\"403\" src=\"https:\/\/www.tpa-group.rs\/app\/uploads\/sites\/10\/2024\/06\/Baker-Tilly-Europe-Alliance-Map.png\" class=\"attachment-large size-large wp-image-1679\" alt=\"\" srcset=\"https:\/\/www.tpa-group.rs\/app\/uploads\/sites\/10\/2024\/06\/Baker-Tilly-Europe-Alliance-Map.png 1024w, https:\/\/www.tpa-group.rs\/app\/uploads\/sites\/10\/2024\/06\/Baker-Tilly-Europe-Alliance-Map-300x151.png 300w, https:\/\/www.tpa-group.rs\/app\/uploads\/sites\/10\/2024\/06\/Baker-Tilly-Europe-Alliance-Map-768x387.png 768w\" sizes=\"(max-width: 800px) 100vw, 800px\" \/>\t\t\t\t\t\t\t\t\t\t\t\t\t\t\t<\/div>\n\t\t\t\t<\/div>\n\t\t\t\t\t<\/div>\n\t\t\t\t<\/div>\n\t\t\t\t<\/div>\n\t\t","protected":false},"excerpt":{"rendered":"<p>Home |&nbsp; \u010cinjenice i cifre o Grupi TPA Grupa TPA je jedna od kompanija koja je vode\u0107i poreski savetnik i koja pru\u017ea usluge revizije u centralnoj i jugoisto\u010dnoj Evropi. Imamo 2,050 zaposlenih koji rade u 30 kancelarija koje se bave porezima i revizijom u Albaniji, Austriji, Bugarskoj, Hrvatskoj, Republici \u010ce\u0161koj, Ma\u0111arskoj, Crnoj gori, Poljskoj, Rumuniji, [&hellip;]<\/p>\n","protected":false},"author":28,"featured_media":0,"parent":0,"menu_order":0,"comment_status":"closed","ping_status":"closed","template":"","meta":{"_acf_changed":false,"footnotes":""},"class_list":["post-1674","page","type-page","status-publish","hentry"],"acf":[],"yoast_head":"<!-- This site is optimized with the Yoast SEO plugin v26.0 - https:\/\/yoast.com\/wordpress\/plugins\/seo\/ -->\n<title>\u010cinjenice i brojke - www.tpa-group.rs<\/title>\n<meta name=\"robots\" content=\"index, follow, max-snippet:-1, max-image-preview:large, max-video-preview:-1\" \/>\n<link rel=\"canonical\" href=\"https:\/\/www.tpa-group.rs\/sr\/cinjenice-i-brojke\/\" \/>\n<meta property=\"og:locale\" content=\"sr_RS\" \/>\n<meta property=\"og:type\" content=\"article\" \/>\n<meta property=\"og:title\" content=\"\u010cinjenice i brojke - www.tpa-group.rs\" \/>\n<meta property=\"og:description\" content=\"Home |&nbsp; \u010cinjenice i cifre o Grupi TPA Grupa TPA je jedna od kompanija koja je vode\u0107i poreski savetnik i koja pru\u017ea usluge revizije u centralnoj i jugoisto\u010dnoj Evropi. Imamo 2,050 zaposlenih koji rade u 30 kancelarija koje se bave porezima i revizijom u Albaniji, Austriji, Bugarskoj, Hrvatskoj, Republici \u010ce\u0161koj, Ma\u0111arskoj, Crnoj gori, Poljskoj, Rumuniji, [&hellip;]\" \/>\n<meta property=\"og:url\" content=\"https:\/\/www.tpa-group.rs\/sr\/cinjenice-i-brojke\/\" \/>\n<meta property=\"og:site_name\" content=\"www.tpa-group.rs\" \/>\n<meta property=\"article:modified_time\" content=\"2024-09-23T09:31:56+00:00\" \/>\n<meta property=\"og:image\" content=\"https:\/\/www.tpa-group.rs\/app\/uploads\/sites\/10\/2024\/06\/Baker-Tilly-Europe-Alliance-Map.png\" \/>\n<meta name=\"twitter:card\" content=\"summary_large_image\" \/>\n<meta name=\"twitter:label1\" content=\"Est. reading time\" \/>\n\t<meta name=\"twitter:data1\" content=\"2 \u043c\u0438\u043d\u0443\u0442\u0430\" \/>\n<script type=\"application\/ld+json\" class=\"yoast-schema-graph\">{\"@context\":\"https:\/\/schema.org\",\"@graph\":[{\"@type\":\"WebPage\",\"@id\":\"https:\/\/www.tpa-group.rs\/sr\/cinjenice-i-brojke\/\",\"url\":\"https:\/\/www.tpa-group.rs\/sr\/cinjenice-i-brojke\/\",\"name\":\"\u010cinjenice i brojke - www.tpa-group.rs\",\"isPartOf\":{\"@id\":\"https:\/\/www.tpa-group.rs\/sr\/#website\"},\"primaryImageOfPage\":{\"@id\":\"https:\/\/www.tpa-group.rs\/sr\/cinjenice-i-brojke\/#primaryimage\"},\"image\":{\"@id\":\"https:\/\/www.tpa-group.rs\/sr\/cinjenice-i-brojke\/#primaryimage\"},\"thumbnailUrl\":\"https:\/\/www.tpa-group.rs\/app\/uploads\/sites\/10\/2024\/06\/Baker-Tilly-Europe-Alliance-Map.png\",\"datePublished\":\"2024-06-19T10:36:51+00:00\",\"dateModified\":\"2024-09-23T09:31:56+00:00\",\"breadcrumb\":{\"@id\":\"https:\/\/www.tpa-group.rs\/sr\/cinjenice-i-brojke\/#breadcrumb\"},\"inLanguage\":\"sr-RS\",\"potentialAction\":[{\"@type\":\"ReadAction\",\"target\":[\"https:\/\/www.tpa-group.rs\/sr\/cinjenice-i-brojke\/\"]}]},{\"@type\":\"ImageObject\",\"inLanguage\":\"sr-RS\",\"@id\":\"https:\/\/www.tpa-group.rs\/sr\/cinjenice-i-brojke\/#primaryimage\",\"url\":\"https:\/\/www.tpa-group.rs\/app\/uploads\/sites\/10\/2024\/06\/Baker-Tilly-Europe-Alliance-Map.png\",\"contentUrl\":\"https:\/\/www.tpa-group.rs\/app\/uploads\/sites\/10\/2024\/06\/Baker-Tilly-Europe-Alliance-Map.png\"},{\"@type\":\"BreadcrumbList\",\"@id\":\"https:\/\/www.tpa-group.rs\/sr\/cinjenice-i-brojke\/#breadcrumb\",\"itemListElement\":[{\"@type\":\"ListItem\",\"position\":1,\"name\":\"Home\",\"item\":\"https:\/\/www.tpa-group.rs\/sr\/\"},{\"@type\":\"ListItem\",\"position\":2,\"name\":\"\u010cinjenice i brojke\"}]},{\"@type\":\"WebSite\",\"@id\":\"https:\/\/www.tpa-group.rs\/sr\/#website\",\"url\":\"https:\/\/www.tpa-group.rs\/sr\/\",\"name\":\"www.tpa-group.rs\",\"description\":\"\",\"publisher\":{\"@id\":\"https:\/\/www.tpa-group.rs\/sr\/#organization\"},\"potentialAction\":[{\"@type\":\"SearchAction\",\"target\":{\"@type\":\"EntryPoint\",\"urlTemplate\":\"https:\/\/www.tpa-group.rs\/sr\/?s={search_term_string}\"},\"query-input\":{\"@type\":\"PropertyValueSpecification\",\"valueRequired\":true,\"valueName\":\"search_term_string\"}}],\"inLanguage\":\"sr-RS\"},{\"@type\":\"Organization\",\"@id\":\"https:\/\/www.tpa-group.rs\/sr\/#organization\",\"name\":\"www.tpa-group.rs\",\"url\":\"https:\/\/www.tpa-group.rs\/sr\/\",\"logo\":{\"@type\":\"ImageObject\",\"inLanguage\":\"sr-RS\",\"@id\":\"https:\/\/www.tpa-group.rs\/sr\/#\/schema\/logo\/image\/\",\"url\":\"https:\/\/www.tpa-group.rs\/app\/uploads\/sites\/10\/2024\/02\/tpa-logo.svg\",\"contentUrl\":\"https:\/\/www.tpa-group.rs\/app\/uploads\/sites\/10\/2024\/02\/tpa-logo.svg\",\"caption\":\"www.tpa-group.rs\"},\"image\":{\"@id\":\"https:\/\/www.tpa-group.rs\/sr\/#\/schema\/logo\/image\/\"}}]}<\/script>\n<!-- \/ Yoast SEO plugin. -->","yoast_head_json":{"title":"\u010cinjenice i brojke - www.tpa-group.rs","robots":{"index":"index","follow":"follow","max-snippet":"max-snippet:-1","max-image-preview":"max-image-preview:large","max-video-preview":"max-video-preview:-1"},"canonical":"https:\/\/www.tpa-group.rs\/sr\/cinjenice-i-brojke\/","og_locale":"sr_RS","og_type":"article","og_title":"\u010cinjenice i brojke - www.tpa-group.rs","og_description":"Home |&nbsp; \u010cinjenice i cifre o Grupi TPA Grupa TPA je jedna od kompanija koja je vode\u0107i poreski savetnik i koja pru\u017ea usluge revizije u centralnoj i jugoisto\u010dnoj Evropi. Imamo 2,050 zaposlenih koji rade u 30 kancelarija koje se bave porezima i revizijom u Albaniji, Austriji, Bugarskoj, Hrvatskoj, Republici \u010ce\u0161koj, Ma\u0111arskoj, Crnoj gori, Poljskoj, Rumuniji, [&hellip;]","og_url":"https:\/\/www.tpa-group.rs\/sr\/cinjenice-i-brojke\/","og_site_name":"www.tpa-group.rs","article_modified_time":"2024-09-23T09:31:56+00:00","og_image":[{"url":"https:\/\/www.tpa-group.rs\/app\/uploads\/sites\/10\/2024\/06\/Baker-Tilly-Europe-Alliance-Map.png","type":"","width":"","height":""}],"twitter_card":"summary_large_image","twitter_misc":{"Est. reading time":"2 \u043c\u0438\u043d\u0443\u0442\u0430"},"schema":{"@context":"https:\/\/schema.org","@graph":[{"@type":"WebPage","@id":"https:\/\/www.tpa-group.rs\/sr\/cinjenice-i-brojke\/","url":"https:\/\/www.tpa-group.rs\/sr\/cinjenice-i-brojke\/","name":"\u010cinjenice i brojke - www.tpa-group.rs","isPartOf":{"@id":"https:\/\/www.tpa-group.rs\/sr\/#website"},"primaryImageOfPage":{"@id":"https:\/\/www.tpa-group.rs\/sr\/cinjenice-i-brojke\/#primaryimage"},"image":{"@id":"https:\/\/www.tpa-group.rs\/sr\/cinjenice-i-brojke\/#primaryimage"},"thumbnailUrl":"https:\/\/www.tpa-group.rs\/app\/uploads\/sites\/10\/2024\/06\/Baker-Tilly-Europe-Alliance-Map.png","datePublished":"2024-06-19T10:36:51+00:00","dateModified":"2024-09-23T09:31:56+00:00","breadcrumb":{"@id":"https:\/\/www.tpa-group.rs\/sr\/cinjenice-i-brojke\/#breadcrumb"},"inLanguage":"sr-RS","potentialAction":[{"@type":"ReadAction","target":["https:\/\/www.tpa-group.rs\/sr\/cinjenice-i-brojke\/"]}]},{"@type":"ImageObject","inLanguage":"sr-RS","@id":"https:\/\/www.tpa-group.rs\/sr\/cinjenice-i-brojke\/#primaryimage","url":"https:\/\/www.tpa-group.rs\/app\/uploads\/sites\/10\/2024\/06\/Baker-Tilly-Europe-Alliance-Map.png","contentUrl":"https:\/\/www.tpa-group.rs\/app\/uploads\/sites\/10\/2024\/06\/Baker-Tilly-Europe-Alliance-Map.png"},{"@type":"BreadcrumbList","@id":"https:\/\/www.tpa-group.rs\/sr\/cinjenice-i-brojke\/#breadcrumb","itemListElement":[{"@type":"ListItem","position":1,"name":"Home","item":"https:\/\/www.tpa-group.rs\/sr\/"},{"@type":"ListItem","position":2,"name":"\u010cinjenice i brojke"}]},{"@type":"WebSite","@id":"https:\/\/www.tpa-group.rs\/sr\/#website","url":"https:\/\/www.tpa-group.rs\/sr\/","name":"www.tpa-group.rs","description":"","publisher":{"@id":"https:\/\/www.tpa-group.rs\/sr\/#organization"},"potentialAction":[{"@type":"SearchAction","target":{"@type":"EntryPoint","urlTemplate":"https:\/\/www.tpa-group.rs\/sr\/?s={search_term_string}"},"query-input":{"@type":"PropertyValueSpecification","valueRequired":true,"valueName":"search_term_string"}}],"inLanguage":"sr-RS"},{"@type":"Organization","@id":"https:\/\/www.tpa-group.rs\/sr\/#organization","name":"www.tpa-group.rs","url":"https:\/\/www.tpa-group.rs\/sr\/","logo":{"@type":"ImageObject","inLanguage":"sr-RS","@id":"https:\/\/www.tpa-group.rs\/sr\/#\/schema\/logo\/image\/","url":"https:\/\/www.tpa-group.rs\/app\/uploads\/sites\/10\/2024\/02\/tpa-logo.svg","contentUrl":"https:\/\/www.tpa-group.rs\/app\/uploads\/sites\/10\/2024\/02\/tpa-logo.svg","caption":"www.tpa-group.rs"},"image":{"@id":"https:\/\/www.tpa-group.rs\/sr\/#\/schema\/logo\/image\/"}}]}},"_links":{"self":[{"href":"https:\/\/www.tpa-group.rs\/sr\/wp-json\/wp\/v2\/pages\/1674","targetHints":{"allow":["GET"]}}],"collection":[{"href":"https:\/\/www.tpa-group.rs\/sr\/wp-json\/wp\/v2\/pages"}],"about":[{"href":"https:\/\/www.tpa-group.rs\/sr\/wp-json\/wp\/v2\/types\/page"}],"author":[{"embeddable":true,"href":"https:\/\/www.tpa-group.rs\/sr\/wp-json\/wp\/v2\/users\/28"}],"replies":[{"embeddable":true,"href":"https:\/\/www.tpa-group.rs\/sr\/wp-json\/wp\/v2\/comments?post=1674"}],"version-history":[{"count":13,"href":"https:\/\/www.tpa-group.rs\/sr\/wp-json\/wp\/v2\/pages\/1674\/revisions"}],"predecessor-version":[{"id":3547,"href":"https:\/\/www.tpa-group.rs\/sr\/wp-json\/wp\/v2\/pages\/1674\/revisions\/3547"}],"wp:attachment":[{"href":"https:\/\/www.tpa-group.rs\/sr\/wp-json\/wp\/v2\/media?parent=1674"}],"curies":[{"name":"wp","href":"https:\/\/api.w.org\/{rel}","templated":true}]}}