{"id":2689,"date":"2024-07-25T13:55:17","date_gmt":"2024-07-25T13:55:17","guid":{"rendered":"https:\/\/www.tpa-group.rs\/?page_id=2689"},"modified":"2024-09-25T16:01:34","modified_gmt":"2024-09-25T16:01:34","slug":"baker-tilly-international","status":"publish","type":"page","link":"https:\/\/www.tpa-group.rs\/sr\/baker-tilly-international\/","title":{"rendered":"Baker Tilly International"},"content":{"rendered":"\t\t<div data-elementor-type=\"wp-page\" data-elementor-id=\"2689\" class=\"elementor elementor-2689\" data-elementor-post-type=\"page\">\n\t\t\t\t\t\t<section class=\"elementor-section elementor-top-section elementor-element elementor-element-38ef619 hero-banner elementor-section-boxed elementor-section-height-default elementor-section-height-default\" data-id=\"38ef619\" data-element_type=\"section\">\n\t\t\t\t\t\t<div class=\"elementor-container elementor-column-gap-default\">\n\t\t\t\t\t<div class=\"elementor-column elementor-col-50 elementor-top-column elementor-element elementor-element-048826f\" data-id=\"048826f\" data-element_type=\"column\">\n\t\t\t<div class=\"elementor-widget-wrap elementor-element-populated\">\n\t\t\t\t\t\t<section class=\"elementor-section elementor-inner-section elementor-element elementor-element-517910d hero-banner-breadcrumbs-container elementor-section-boxed elementor-section-height-default elementor-section-height-default\" data-id=\"517910d\" data-element_type=\"section\">\n\t\t\t\t\t\t<div class=\"elementor-container elementor-column-gap-default\">\n\t\t\t\t\t<div class=\"elementor-column elementor-col-100 elementor-inner-column elementor-element elementor-element-450263d\" data-id=\"450263d\" data-element_type=\"column\">\n\t\t\t<div class=\"elementor-widget-wrap elementor-element-populated\">\n\t\t\t\t\t\t<div class=\"elementor-element elementor-element-84082a7 elementor-widget elementor-widget-heading\" data-id=\"84082a7\" data-element_type=\"widget\" data-widget_type=\"heading.default\">\n\t\t\t\t<div class=\"elementor-widget-container\">\n\t\t\t\t\t<p class=\"elementor-heading-title elementor-size-default\"><a href=\"\/\">Home |&nbsp;<\/a><\/p>\t\t\t\t<\/div>\n\t\t\t\t<\/div>\n\t\t\t\t<div class=\"elementor-element elementor-element-b6ef04e elementor-widget elementor-widget-heading\" data-id=\"b6ef04e\" data-element_type=\"widget\" data-widget_type=\"heading.default\">\n\t\t\t\t<div class=\"elementor-widget-container\">\n\t\t\t\t\t<p class=\"elementor-heading-title elementor-size-default\">Baker Tilly International <\/p>\t\t\t\t<\/div>\n\t\t\t\t<\/div>\n\t\t\t\t\t<\/div>\n\t\t<\/div>\n\t\t\t\t\t<\/div>\n\t\t<\/section>\n\t\t\t\t<div class=\"elementor-element elementor-element-344b360 elementor-widget elementor-widget-heading\" data-id=\"344b360\" data-element_type=\"widget\" data-widget_type=\"heading.default\">\n\t\t\t\t<div class=\"elementor-widget-container\">\n\t\t\t\t\t<h1 class=\"elementor-heading-title elementor-size-default\">Baker Tilly International <\/h1>\t\t\t\t<\/div>\n\t\t\t\t<\/div>\n\t\t\t\t<div class=\"elementor-element elementor-element-9b9ad63 elementor-widget elementor-widget-text-editor\" data-id=\"9b9ad63\" data-element_type=\"widget\" data-widget_type=\"text-editor.default\">\n\t\t\t\t<div class=\"elementor-widget-container\">\n\t\t\t\t\t\t\t\t\t<p>Zahvaljuju\u0107i na\u0161oj saradnji sa mre\u017eom Baker Tilly International, 12 zemalja nezavisne TPA grupe je povezano na globalnom nivou, a mi smo u mogu\u0107nosti da pru\u017eimo kvalitetne usluge u svim glavnim poslovnim centrima i regionima sveta. Vi\u0161e o <a href=\"https:\/\/www.bakertilly.global\/\">Baker Tilly International<\/a>.<\/p>\t\t\t\t\t\t\t\t<\/div>\n\t\t\t\t<\/div>\n\t\t\t\t\t<\/div>\n\t\t<\/div>\n\t\t\t\t<div class=\"elementor-column elementor-col-50 elementor-top-column elementor-element elementor-element-31a6353\" data-id=\"31a6353\" data-element_type=\"column\">\n\t\t\t<div class=\"elementor-widget-wrap\">\n\t\t\t\t\t\t\t<\/div>\n\t\t<\/div>\n\t\t\t\t\t<\/div>\n\t\t<\/section>\n\t\t<div class=\"elementor-element elementor-element-d4aef51 page-content-container e-flex e-con-boxed e-con e-parent\" data-id=\"d4aef51\" data-element_type=\"container\" data-settings=\"{&quot;background_background&quot;:&quot;classic&quot;}\">\n\t\t\t\t\t<div class=\"e-con-inner\">\n\t\t\t\t<div class=\"elementor-element elementor-element-112a07a elementor-widget elementor-widget-heading\" data-id=\"112a07a\" data-element_type=\"widget\" data-widget_type=\"heading.default\">\n\t\t\t\t<div class=\"elementor-widget-container\">\n\t\t\t\t\t<h2 class=\"elementor-heading-title elementor-size-default\">Baker Tilly u Nema\u010dkoj<\/h2>\t\t\t\t<\/div>\n\t\t\t\t<\/div>\n\t\t\t\t<div class=\"elementor-element elementor-element-ce86166 elementor-widget elementor-widget-text-editor\" data-id=\"ce86166\" data-element_type=\"widget\" data-widget_type=\"text-editor.default\">\n\t\t\t\t<div class=\"elementor-widget-container\">\n\t\t\t\t\t\t\t\t\t<p>Na najva\u017enijem evropskom tr\u017ei\u0161tu, Nema\u010dkoj, TPA Grupa blisko sara\u0111uje sa vode\u0107im i izuzetno uspe\u0161nim \u010dlanom Baker Tilly International, ta\u010dnije poznatom nema\u010dkom konsultantskom kompanijom Baker Tilly, koja ima 10 lokacija u Nema\u010dkoj i vi\u0161e od 1.200 zaposlenih.<\/p>\t\t\t\t\t\t\t\t<\/div>\n\t\t\t\t<\/div>\n\t\t\t\t<div class=\"elementor-element elementor-element-b8d8500 elementor-widget elementor-widget-heading\" data-id=\"b8d8500\" data-element_type=\"widget\" data-widget_type=\"heading.default\">\n\t\t\t\t<div class=\"elementor-widget-container\">\n\t\t\t\t\t<h2 class=\"elementor-heading-title elementor-size-default\">Sada za sutra<\/h2>\t\t\t\t<\/div>\n\t\t\t\t<\/div>\n\t\t\t\t<div class=\"elementor-element elementor-element-045539a elementor-widget elementor-widget-text-editor\" data-id=\"045539a\" data-element_type=\"widget\" data-widget_type=\"text-editor.default\">\n\t\t\t\t<div class=\"elementor-widget-container\">\n\t\t\t\t\t\t\t\t\t<p>Baker Tilly International mre\u017ea trenutno ima vi\u0161e od 700 kancelarija u 148 zemalja sa oko 39.000 zaposlenih, \u0161to je svrstava me\u0111u 10 najboljih globalnih konsultantskih mre\u017ea za poreze, ra\u010dunovodstvo, obra\u010dun zarada, savetovanje, pravne usluge i jo\u0161 mnogo toga&#8230;<\/p><p>TPA Grupa je nezavisni \u010dlan Baker Tilly Europe Alliance-a. <a href=\"https:\/\/www.tpa-group.com\/?page_id=4449\"><strong>Baker Tilly Europe Alliance<\/strong><\/a> mnoge prednosti svojim klijentima. Svaka \u010dlanica je zasebno i nezavisno pravno lice i svaka se kao takva opisuje. TPA Grupa nije agent Baker Tilly Europe Alliance, niti agent Baker Tilly International, i nema ovla\u0161\u0107enja da obavezuje Baker Tilly Europe Alliance ili Baker Tilly International, niti da deluje u ime bilo kojih od ovih entiteta. Ni Baker Tilly International, ni Baker Tilly Europe Alliance, niti bilo koja druga \u010dlanica Baker Tilly International ili \u010dlanica Baker Tilly Europe Alliance nema odgovornost za postupke ili propuste drugih \u010dlanica. Tako\u0111e, ni Baker Tilly International, ni Baker Tilly Europe Alliance, niti bilo koja druga \u010dlanica nema pravo da vr\u0161i upravlja\u010dku kontrolu nad bilo kojom drugom \u010dlanicom. Ime Baker Tilly i povezani logo koriste se pod licencom od strane Baker Tilly International Limited.<\/p><ul><li><strong>Vi\u0161e o <\/strong><a href=\"https:\/\/www.bakertilly.global\/\"><strong>Baker Tilly International<\/strong><\/a><\/li><li><strong>Vi\u0161e o <\/strong><a href=\"https:\/\/www.tpa-group.com\/?page_id=4449\"><strong>Baker Tilly Europe Alliance<\/strong><\/a><\/li><li><strong>Sve TPA poreske i revizorske kancelarije<\/strong><\/li><\/ul>\t\t\t\t\t\t\t\t<\/div>\n\t\t\t\t<\/div>\n\t\t\t\t\t<\/div>\n\t\t\t\t<\/div>\n\t\t\t\t<\/div>\n\t\t","protected":false},"excerpt":{"rendered":"<p>Home |&nbsp; Baker Tilly International Baker Tilly International Zahvaljuju\u0107i na\u0161oj saradnji sa mre\u017eom Baker Tilly International, 12 zemalja nezavisne TPA grupe je povezano na globalnom nivou, a mi smo u mogu\u0107nosti da pru\u017eimo kvalitetne usluge u svim glavnim poslovnim centrima i regionima sveta. Vi\u0161e o Baker Tilly International. Baker Tilly u Nema\u010dkoj Na najva\u017enijem evropskom [&hellip;]<\/p>\n","protected":false},"author":28,"featured_media":0,"parent":0,"menu_order":0,"comment_status":"closed","ping_status":"closed","template":"","meta":{"_acf_changed":false,"footnotes":""},"class_list":["post-2689","page","type-page","status-publish","hentry"],"acf":[],"yoast_head":"<!-- This site is optimized with the Yoast SEO plugin v26.0 - https:\/\/yoast.com\/wordpress\/plugins\/seo\/ -->\n<title>Baker Tilly International - www.tpa-group.rs<\/title>\n<meta name=\"robots\" content=\"index, follow, max-snippet:-1, max-image-preview:large, max-video-preview:-1\" \/>\n<link rel=\"canonical\" href=\"https:\/\/www.tpa-group.rs\/sr\/baker-tilly-international\/\" \/>\n<meta property=\"og:locale\" content=\"sr_RS\" \/>\n<meta property=\"og:type\" content=\"article\" \/>\n<meta property=\"og:title\" content=\"Baker Tilly International - www.tpa-group.rs\" \/>\n<meta property=\"og:description\" content=\"Home |&nbsp; Baker Tilly International Baker Tilly International Zahvaljuju\u0107i na\u0161oj saradnji sa mre\u017eom Baker Tilly International, 12 zemalja nezavisne TPA grupe je povezano na globalnom nivou, a mi smo u mogu\u0107nosti da pru\u017eimo kvalitetne usluge u svim glavnim poslovnim centrima i regionima sveta. Vi\u0161e o Baker Tilly International. Baker Tilly u Nema\u010dkoj Na najva\u017enijem evropskom [&hellip;]\" \/>\n<meta property=\"og:url\" content=\"https:\/\/www.tpa-group.rs\/sr\/baker-tilly-international\/\" \/>\n<meta property=\"og:site_name\" content=\"www.tpa-group.rs\" \/>\n<meta property=\"article:modified_time\" content=\"2024-09-25T16:01:34+00:00\" \/>\n<meta name=\"twitter:card\" content=\"summary_large_image\" \/>\n<meta name=\"twitter:label1\" content=\"Est. reading time\" \/>\n\t<meta name=\"twitter:data1\" content=\"2 \u043c\u0438\u043d\u0443\u0442\u0430\" \/>\n<script type=\"application\/ld+json\" class=\"yoast-schema-graph\">{\"@context\":\"https:\/\/schema.org\",\"@graph\":[{\"@type\":\"WebPage\",\"@id\":\"https:\/\/www.tpa-group.rs\/sr\/baker-tilly-international\/\",\"url\":\"https:\/\/www.tpa-group.rs\/sr\/baker-tilly-international\/\",\"name\":\"Baker Tilly International - www.tpa-group.rs\",\"isPartOf\":{\"@id\":\"https:\/\/www.tpa-group.rs\/sr\/#website\"},\"datePublished\":\"2024-07-25T13:55:17+00:00\",\"dateModified\":\"2024-09-25T16:01:34+00:00\",\"breadcrumb\":{\"@id\":\"https:\/\/www.tpa-group.rs\/sr\/baker-tilly-international\/#breadcrumb\"},\"inLanguage\":\"sr-RS\",\"potentialAction\":[{\"@type\":\"ReadAction\",\"target\":[\"https:\/\/www.tpa-group.rs\/sr\/baker-tilly-international\/\"]}]},{\"@type\":\"BreadcrumbList\",\"@id\":\"https:\/\/www.tpa-group.rs\/sr\/baker-tilly-international\/#breadcrumb\",\"itemListElement\":[{\"@type\":\"ListItem\",\"position\":1,\"name\":\"Home\",\"item\":\"https:\/\/www.tpa-group.rs\/sr\/\"},{\"@type\":\"ListItem\",\"position\":2,\"name\":\"Baker Tilly International\"}]},{\"@type\":\"WebSite\",\"@id\":\"https:\/\/www.tpa-group.rs\/sr\/#website\",\"url\":\"https:\/\/www.tpa-group.rs\/sr\/\",\"name\":\"www.tpa-group.rs\",\"description\":\"\",\"publisher\":{\"@id\":\"https:\/\/www.tpa-group.rs\/sr\/#organization\"},\"potentialAction\":[{\"@type\":\"SearchAction\",\"target\":{\"@type\":\"EntryPoint\",\"urlTemplate\":\"https:\/\/www.tpa-group.rs\/sr\/?s={search_term_string}\"},\"query-input\":{\"@type\":\"PropertyValueSpecification\",\"valueRequired\":true,\"valueName\":\"search_term_string\"}}],\"inLanguage\":\"sr-RS\"},{\"@type\":\"Organization\",\"@id\":\"https:\/\/www.tpa-group.rs\/sr\/#organization\",\"name\":\"www.tpa-group.rs\",\"url\":\"https:\/\/www.tpa-group.rs\/sr\/\",\"logo\":{\"@type\":\"ImageObject\",\"inLanguage\":\"sr-RS\",\"@id\":\"https:\/\/www.tpa-group.rs\/sr\/#\/schema\/logo\/image\/\",\"url\":\"https:\/\/www.tpa-group.rs\/app\/uploads\/sites\/10\/2024\/02\/tpa-logo.svg\",\"contentUrl\":\"https:\/\/www.tpa-group.rs\/app\/uploads\/sites\/10\/2024\/02\/tpa-logo.svg\",\"caption\":\"www.tpa-group.rs\"},\"image\":{\"@id\":\"https:\/\/www.tpa-group.rs\/sr\/#\/schema\/logo\/image\/\"}}]}<\/script>\n<!-- \/ Yoast SEO plugin. -->","yoast_head_json":{"title":"Baker Tilly International - www.tpa-group.rs","robots":{"index":"index","follow":"follow","max-snippet":"max-snippet:-1","max-image-preview":"max-image-preview:large","max-video-preview":"max-video-preview:-1"},"canonical":"https:\/\/www.tpa-group.rs\/sr\/baker-tilly-international\/","og_locale":"sr_RS","og_type":"article","og_title":"Baker Tilly International - www.tpa-group.rs","og_description":"Home |&nbsp; Baker Tilly International Baker Tilly International Zahvaljuju\u0107i na\u0161oj saradnji sa mre\u017eom Baker Tilly International, 12 zemalja nezavisne TPA grupe je povezano na globalnom nivou, a mi smo u mogu\u0107nosti da pru\u017eimo kvalitetne usluge u svim glavnim poslovnim centrima i regionima sveta. Vi\u0161e o Baker Tilly International. Baker Tilly u Nema\u010dkoj Na najva\u017enijem evropskom [&hellip;]","og_url":"https:\/\/www.tpa-group.rs\/sr\/baker-tilly-international\/","og_site_name":"www.tpa-group.rs","article_modified_time":"2024-09-25T16:01:34+00:00","twitter_card":"summary_large_image","twitter_misc":{"Est. reading time":"2 \u043c\u0438\u043d\u0443\u0442\u0430"},"schema":{"@context":"https:\/\/schema.org","@graph":[{"@type":"WebPage","@id":"https:\/\/www.tpa-group.rs\/sr\/baker-tilly-international\/","url":"https:\/\/www.tpa-group.rs\/sr\/baker-tilly-international\/","name":"Baker Tilly International - www.tpa-group.rs","isPartOf":{"@id":"https:\/\/www.tpa-group.rs\/sr\/#website"},"datePublished":"2024-07-25T13:55:17+00:00","dateModified":"2024-09-25T16:01:34+00:00","breadcrumb":{"@id":"https:\/\/www.tpa-group.rs\/sr\/baker-tilly-international\/#breadcrumb"},"inLanguage":"sr-RS","potentialAction":[{"@type":"ReadAction","target":["https:\/\/www.tpa-group.rs\/sr\/baker-tilly-international\/"]}]},{"@type":"BreadcrumbList","@id":"https:\/\/www.tpa-group.rs\/sr\/baker-tilly-international\/#breadcrumb","itemListElement":[{"@type":"ListItem","position":1,"name":"Home","item":"https:\/\/www.tpa-group.rs\/sr\/"},{"@type":"ListItem","position":2,"name":"Baker Tilly International"}]},{"@type":"WebSite","@id":"https:\/\/www.tpa-group.rs\/sr\/#website","url":"https:\/\/www.tpa-group.rs\/sr\/","name":"www.tpa-group.rs","description":"","publisher":{"@id":"https:\/\/www.tpa-group.rs\/sr\/#organization"},"potentialAction":[{"@type":"SearchAction","target":{"@type":"EntryPoint","urlTemplate":"https:\/\/www.tpa-group.rs\/sr\/?s={search_term_string}"},"query-input":{"@type":"PropertyValueSpecification","valueRequired":true,"valueName":"search_term_string"}}],"inLanguage":"sr-RS"},{"@type":"Organization","@id":"https:\/\/www.tpa-group.rs\/sr\/#organization","name":"www.tpa-group.rs","url":"https:\/\/www.tpa-group.rs\/sr\/","logo":{"@type":"ImageObject","inLanguage":"sr-RS","@id":"https:\/\/www.tpa-group.rs\/sr\/#\/schema\/logo\/image\/","url":"https:\/\/www.tpa-group.rs\/app\/uploads\/sites\/10\/2024\/02\/tpa-logo.svg","contentUrl":"https:\/\/www.tpa-group.rs\/app\/uploads\/sites\/10\/2024\/02\/tpa-logo.svg","caption":"www.tpa-group.rs"},"image":{"@id":"https:\/\/www.tpa-group.rs\/sr\/#\/schema\/logo\/image\/"}}]}},"_links":{"self":[{"href":"https:\/\/www.tpa-group.rs\/sr\/wp-json\/wp\/v2\/pages\/2689","targetHints":{"allow":["GET"]}}],"collection":[{"href":"https:\/\/www.tpa-group.rs\/sr\/wp-json\/wp\/v2\/pages"}],"about":[{"href":"https:\/\/www.tpa-group.rs\/sr\/wp-json\/wp\/v2\/types\/page"}],"author":[{"embeddable":true,"href":"https:\/\/www.tpa-group.rs\/sr\/wp-json\/wp\/v2\/users\/28"}],"replies":[{"embeddable":true,"href":"https:\/\/www.tpa-group.rs\/sr\/wp-json\/wp\/v2\/comments?post=2689"}],"version-history":[{"count":14,"href":"https:\/\/www.tpa-group.rs\/sr\/wp-json\/wp\/v2\/pages\/2689\/revisions"}],"predecessor-version":[{"id":3713,"href":"https:\/\/www.tpa-group.rs\/sr\/wp-json\/wp\/v2\/pages\/2689\/revisions\/3713"}],"wp:attachment":[{"href":"https:\/\/www.tpa-group.rs\/sr\/wp-json\/wp\/v2\/media?parent=2689"}],"curies":[{"name":"wp","href":"https:\/\/api.w.org\/{rel}","templated":true}]}}