{"id":2816,"date":"2024-07-25T20:26:17","date_gmt":"2024-07-25T20:26:17","guid":{"rendered":"https:\/\/www.tpa-group.rs\/?page_id=2816"},"modified":"2025-12-16T09:54:12","modified_gmt":"2025-12-16T09:54:12","slug":"cfo-istrazivanje","status":"publish","type":"page","link":"https:\/\/www.tpa-group.rs\/sr\/cfo-istrazivanje\/","title":{"rendered":"CFO istra\u017eivanje"},"content":{"rendered":"\t\t<div data-elementor-type=\"wp-page\" data-elementor-id=\"2816\" class=\"elementor elementor-2816\" data-elementor-post-type=\"page\">\n\t\t\t\t\t\t<section class=\"elementor-section elementor-top-section elementor-element elementor-element-2c03ebd5 hero-banner elementor-section-boxed elementor-section-height-default elementor-section-height-default\" data-id=\"2c03ebd5\" data-element_type=\"section\">\n\t\t\t\t\t\t<div class=\"elementor-container elementor-column-gap-default\">\n\t\t\t\t\t<div class=\"elementor-column elementor-col-100 elementor-top-column elementor-element elementor-element-35246a7a\" data-id=\"35246a7a\" data-element_type=\"column\">\n\t\t\t<div class=\"elementor-widget-wrap elementor-element-populated\">\n\t\t\t\t\t\t<section class=\"elementor-section elementor-inner-section elementor-element elementor-element-c20b8ef hero-banner-breadcrumbs-container elementor-section-boxed elementor-section-height-default elementor-section-height-default\" data-id=\"c20b8ef\" data-element_type=\"section\">\n\t\t\t\t\t\t<div class=\"elementor-container elementor-column-gap-default\">\n\t\t\t\t\t<div class=\"elementor-column elementor-col-100 elementor-inner-column elementor-element elementor-element-2adc3f09\" data-id=\"2adc3f09\" data-element_type=\"column\">\n\t\t\t<div class=\"elementor-widget-wrap elementor-element-populated\">\n\t\t\t\t\t\t<div class=\"elementor-element elementor-element-3fe0eb77 elementor-widget elementor-widget-heading\" data-id=\"3fe0eb77\" data-element_type=\"widget\" data-widget_type=\"heading.default\">\n\t\t\t\t<div class=\"elementor-widget-container\">\n\t\t\t\t\t<p class=\"elementor-heading-title elementor-size-default\"><a href=\"\/\">Home |&nbsp;<\/a><\/p>\t\t\t\t<\/div>\n\t\t\t\t<\/div>\n\t\t\t\t<div class=\"elementor-element elementor-element-67ce7375 elementor-widget elementor-widget-heading\" data-id=\"67ce7375\" data-element_type=\"widget\" data-widget_type=\"heading.default\">\n\t\t\t\t<div class=\"elementor-widget-container\">\n\t\t\t\t\t<p class=\"elementor-heading-title elementor-size-default\">Know-how<\/p>\t\t\t\t<\/div>\n\t\t\t\t<\/div>\n\t\t\t\t\t<\/div>\n\t\t<\/div>\n\t\t\t\t\t<\/div>\n\t\t<\/section>\n\t\t\t\t<div class=\"elementor-element elementor-element-6d05579f elementor-widget elementor-widget-heading\" data-id=\"6d05579f\" data-element_type=\"widget\" data-widget_type=\"heading.default\">\n\t\t\t\t<div class=\"elementor-widget-container\">\n\t\t\t\t\t<h2 class=\"elementor-heading-title elementor-size-default\">CFO istra\u017eivanje<\/h2>\t\t\t\t<\/div>\n\t\t\t\t<\/div>\n\t\t\t\t\t<\/div>\n\t\t<\/div>\n\t\t\t\t\t<\/div>\n\t\t<\/section>\n\t\t<div class=\"elementor-element elementor-element-2b8ade8 e-flex e-con-boxed e-con e-parent\" data-id=\"2b8ade8\" data-element_type=\"container\">\n\t\t\t\t\t<div class=\"e-con-inner\">\n\t\t\t\t<div class=\"elementor-element elementor-element-a08f564 elementor-widget elementor-widget-file-download\" data-id=\"a08f564\" data-element_type=\"widget\" data-widget_type=\"file-download.default\">\n\t\t\t\t<div class=\"elementor-widget-container\">\n\t\t\t\t\t\n\t\t<div class=\"file-download-container\">\n\t\t\t<div class=\"file-download-container-row\">\n\t\t\t\t<div class=\"col col1\">\n\t\t\t\t\t<div class=\"img-wrapper\">\n\t\t\t\t\t\t<img decoding=\"async\" src=\"https:\/\/www.tpa-group.rs\/app\/uploads\/sites\/10\/2025\/12\/Screenshot-2025-12-09-at-10.02.24.png\">\n\t\t\t\t\t<\/div>\n\t\t\t\t<\/div>\n\t\t\t\t<div class=\"col col2\">\n\t\t\t\t\t<h5 class=\"file-download-title\">CFO istra\u017eivanje 2025: Biznis u Srbiji iz ugla finansijskih direktora 2025 <\/h5>\n\n\t\t\t\t\t<div class=\"file-info-container\">\n\t\t\t\t\t\t\t\t\t\t\t\t\t<i aria-hidden=\"true\" class=\"fa6s fa6s-solid-file-pdf\"><\/i>\n\t\t\t\t\t\t\t\t\t\t\t\t<p class=\"file-size\">6MB<\/p>\n\t\t\t\t\t\t<p class=\"file-extension-type\">.pdf<\/p>\n\t\t\t\t\t<\/div>\n\t\t\t\t<\/div>\n\t\t\t\t<div class=\"col col3\">\n\t\t\t\t\t<div class=\"btn__wrapper download-btn-wrapper\">\n\t\t\t\t\t  \t<a href=\"https:\/\/www.tpa-group.rs\/sr\/cfo-istrazivanje-2025-biznis-u-srbiji-iz-ugla-finansijskih-direktora-2025\/\" target=\"_blank\" class=\"btn btn__primary elementor-button download-btn\">\n\t\t\t\t\t  \t\tDownload\t\t\t\t\t  \t\t<i class=\"fa6s fa6s-solid-download\"><\/i>\t\n\t\t\t\t\t  \t<\/a>\n\t\t\t  \t\t\n\t\t\t\t\t<\/div>\n\t\t\t\t<\/div>\n\t\t\t<\/div>\n    \t<\/div>\n\n\t\t\t\t\t\t<\/div>\n\t\t\t\t<\/div>\n\t\t\t\t<div class=\"elementor-element elementor-element-5b1e42b elementor-widget elementor-widget-file-download\" data-id=\"5b1e42b\" data-element_type=\"widget\" data-widget_type=\"file-download.default\">\n\t\t\t\t<div class=\"elementor-widget-container\">\n\t\t\t\t\t\n\t\t<div class=\"file-download-container\">\n\t\t\t<div class=\"file-download-container-row\">\n\t\t\t\t<div class=\"col col1\">\n\t\t\t\t\t<div class=\"img-wrapper\">\n\t\t\t\t\t\t<img decoding=\"async\" src=\"https:\/\/www.tpa-group.rs\/app\/uploads\/sites\/10\/2025\/02\/Screenshot-2025-02-18-at-17.15.16.png\">\n\t\t\t\t\t<\/div>\n\t\t\t\t<\/div>\n\t\t\t\t<div class=\"col col2\">\n\t\t\t\t\t<h5 class=\"file-download-title\">CFO istra\u017eivanje 2024: Biznis u Srbiji iz ugla finansijskih direktora 2024 <\/h5>\n\n\t\t\t\t\t<div class=\"file-info-container\">\n\t\t\t\t\t\t\t\t\t\t\t\t\t<i aria-hidden=\"true\" class=\"fa6s fa6s-solid-file-pdf\"><\/i>\n\t\t\t\t\t\t\t\t\t\t\t\t<p class=\"file-size\">5.99MB<\/p>\n\t\t\t\t\t\t<p class=\"file-extension-type\">.pdf<\/p>\n\t\t\t\t\t<\/div>\n\t\t\t\t<\/div>\n\t\t\t\t<div class=\"col col3\">\n\t\t\t\t\t<div class=\"btn__wrapper download-btn-wrapper\">\n\t\t\t\t\t  \t<a href=\"https:\/\/www.tpa-group.rs\/app\/uploads\/sites\/10\/2025\/03\/TPA_CFO.pdf\" target=\"_blank\" class=\"btn btn__primary elementor-button download-btn\">\n\t\t\t\t\t  \t\tDownload\t\t\t\t\t  \t\t<i class=\"fa6s fa6s-solid-download\"><\/i>\t\n\t\t\t\t\t  \t<\/a>\n\t\t\t  \t\t\n\t\t\t\t\t<\/div>\n\t\t\t\t<\/div>\n\t\t\t<\/div>\n    \t<\/div>\n\n\t\t\t\t\t\t<\/div>\n\t\t\t\t<\/div>\n\t\t\t\t<div class=\"elementor-element elementor-element-0bb7208 elementor-widget elementor-widget-file-download\" data-id=\"0bb7208\" data-element_type=\"widget\" data-widget_type=\"file-download.default\">\n\t\t\t\t<div class=\"elementor-widget-container\">\n\t\t\t\t\t\n\t\t<div class=\"file-download-container\">\n\t\t\t<div class=\"file-download-container-row\">\n\t\t\t\t<div class=\"col col1\">\n\t\t\t\t\t<div class=\"img-wrapper\">\n\t\t\t\t\t\t<img decoding=\"async\" src=\"https:\/\/www.tpa-group.rs\/app\/uploads\/sites\/10\/2024\/07\/Screenshot-2024-07-25-at-22.32.24.png\">\n\t\t\t\t\t<\/div>\n\t\t\t\t<\/div>\n\t\t\t\t<div class=\"col col2\">\n\t\t\t\t\t<h5 class=\"file-download-title\">CFO istra\u017eivanje 2023: Biznis u Srbiji iz ugla finansijskih direktora 2023 <\/h5>\n\n\t\t\t\t\t<div class=\"file-info-container\">\n\t\t\t\t\t\t\t\t\t\t\t\t\t<i aria-hidden=\"true\" class=\"fa6s fa6s-solid-file-pdf\"><\/i>\n\t\t\t\t\t\t\t\t\t\t\t\t<p class=\"file-size\">800.44KB<\/p>\n\t\t\t\t\t\t<p class=\"file-extension-type\">.pdf<\/p>\n\t\t\t\t\t<\/div>\n\t\t\t\t<\/div>\n\t\t\t\t<div class=\"col col3\">\n\t\t\t\t\t<div class=\"btn__wrapper download-btn-wrapper\">\n\t\t\t\t\t  \t<a href=\"https:\/\/www.tpa-group.rs\/app\/uploads\/sites\/10\/2024\/07\/TPA_istrazivanje_2023.pdf\" target=\"_blank\" class=\"btn btn__primary elementor-button download-btn\">\n\t\t\t\t\t  \t\tDownload\t\t\t\t\t  \t\t<i class=\"fa6s fa6s-solid-download\"><\/i>\t\n\t\t\t\t\t  \t<\/a>\n\t\t\t  \t\t\n\t\t\t\t\t<\/div>\n\t\t\t\t<\/div>\n\t\t\t<\/div>\n    \t<\/div>\n\n\t\t\t\t\t\t<\/div>\n\t\t\t\t<\/div>\n\t\t\t\t<div class=\"elementor-element elementor-element-83be882 elementor-widget elementor-widget-file-download\" data-id=\"83be882\" data-element_type=\"widget\" data-widget_type=\"file-download.default\">\n\t\t\t\t<div class=\"elementor-widget-container\">\n\t\t\t\t\t\n\t\t<div class=\"file-download-container\">\n\t\t\t<div class=\"file-download-container-row\">\n\t\t\t\t<div class=\"col col1\">\n\t\t\t\t\t<div class=\"img-wrapper\">\n\t\t\t\t\t\t<img decoding=\"async\" src=\"https:\/\/www.tpa-group.rs\/app\/uploads\/sites\/10\/2024\/07\/Screenshot-2024-07-25-at-22.32.39.png\">\n\t\t\t\t\t<\/div>\n\t\t\t\t<\/div>\n\t\t\t\t<div class=\"col col2\">\n\t\t\t\t\t<h5 class=\"file-download-title\">CFO istra\u017eivanje 2022: Biznis u Srbiji iz ugla finansijskih direktora 2022 <\/h5>\n\n\t\t\t\t\t<div class=\"file-info-container\">\n\t\t\t\t\t\t\t\t\t\t\t\t\t<i aria-hidden=\"true\" class=\"fa6s fa6s-solid-file-pdf\"><\/i>\n\t\t\t\t\t\t\t\t\t\t\t\t<p class=\"file-size\">5.63MB<\/p>\n\t\t\t\t\t\t<p class=\"file-extension-type\">.pdf<\/p>\n\t\t\t\t\t<\/div>\n\t\t\t\t<\/div>\n\t\t\t\t<div class=\"col col3\">\n\t\t\t\t\t<div class=\"btn__wrapper download-btn-wrapper\">\n\t\t\t\t\t  \t<a href=\"https:\/\/www.tpa-group.rs\/app\/uploads\/sites\/10\/2024\/07\/5_12_TPA_SR.pdf\" target=\"_blank\" class=\"btn btn__primary elementor-button download-btn\">\n\t\t\t\t\t  \t\tDownload\t\t\t\t\t  \t\t<i class=\"fa6s fa6s-solid-download\"><\/i>\t\n\t\t\t\t\t  \t<\/a>\n\t\t\t  \t\t\n\t\t\t\t\t<\/div>\n\t\t\t\t<\/div>\n\t\t\t<\/div>\n    \t<\/div>\n\n\t\t\t\t\t\t<\/div>\n\t\t\t\t<\/div>\n\t\t\t\t<div class=\"elementor-element elementor-element-b73ad80 elementor-widget elementor-widget-file-download\" data-id=\"b73ad80\" data-element_type=\"widget\" data-widget_type=\"file-download.default\">\n\t\t\t\t<div class=\"elementor-widget-container\">\n\t\t\t\t\t\n\t\t<div class=\"file-download-container\">\n\t\t\t<div class=\"file-download-container-row\">\n\t\t\t\t<div class=\"col col1\">\n\t\t\t\t\t<div class=\"img-wrapper\">\n\t\t\t\t\t\t<img decoding=\"async\" src=\"https:\/\/www.tpa-group.rs\/app\/uploads\/sites\/10\/2024\/07\/Screenshot-2024-07-25-at-22.33.27.png\">\n\t\t\t\t\t<\/div>\n\t\t\t\t<\/div>\n\t\t\t\t<div class=\"col col2\">\n\t\t\t\t\t<h5 class=\"file-download-title\">CFO istra\u017eivanje 2021: Biznis u Srbiji iz ugla finansijskih direktora 2021 <\/h5>\n\n\t\t\t\t\t<div class=\"file-info-container\">\n\t\t\t\t\t\t\t\t\t\t\t\t\t<i aria-hidden=\"true\" class=\"fa6s fa6s-solid-file-pdf\"><\/i>\n\t\t\t\t\t\t\t\t\t\t\t\t<p class=\"file-size\">1.84MB<\/p>\n\t\t\t\t\t\t<p class=\"file-extension-type\">.pdf<\/p>\n\t\t\t\t\t<\/div>\n\t\t\t\t<\/div>\n\t\t\t\t<div class=\"col col3\">\n\t\t\t\t\t<div class=\"btn__wrapper download-btn-wrapper\">\n\t\t\t\t\t  \t<a href=\"https:\/\/www.tpa-group.rs\/app\/uploads\/sites\/10\/2024\/07\/Biznis-u-Srbiji-iz-ugla-finansijskih-direktora-2021.pdf\" target=\"_blank\" class=\"btn btn__primary elementor-button download-btn\">\n\t\t\t\t\t  \t\tDownload\t\t\t\t\t  \t\t<i class=\"fa6s fa6s-solid-download\"><\/i>\t\n\t\t\t\t\t  \t<\/a>\n\t\t\t  \t\t\n\t\t\t\t\t<\/div>\n\t\t\t\t<\/div>\n\t\t\t<\/div>\n    \t<\/div>\n\n\t\t\t\t\t\t<\/div>\n\t\t\t\t<\/div>\n\t\t\t\t<div class=\"elementor-element elementor-element-7c70020 elementor-widget elementor-widget-file-download\" data-id=\"7c70020\" data-element_type=\"widget\" data-widget_type=\"file-download.default\">\n\t\t\t\t<div class=\"elementor-widget-container\">\n\t\t\t\t\t\n\t\t<div class=\"file-download-container\">\n\t\t\t<div class=\"file-download-container-row\">\n\t\t\t\t<div class=\"col col1\">\n\t\t\t\t\t<div class=\"img-wrapper\">\n\t\t\t\t\t\t<img decoding=\"async\" src=\"https:\/\/www.tpa-group.rs\/app\/uploads\/sites\/10\/2024\/07\/Screenshot-2024-07-25-at-22.34.19.png\">\n\t\t\t\t\t<\/div>\n\t\t\t\t<\/div>\n\t\t\t\t<div class=\"col col2\">\n\t\t\t\t\t<h5 class=\"file-download-title\">CFO istra\u017eivanje 2020: Biznis iz ugla finansijskih direktora 2020 <\/h5>\n\n\t\t\t\t\t<div class=\"file-info-container\">\n\t\t\t\t\t\t\t\t\t\t\t\t\t<i aria-hidden=\"true\" class=\"fa6s fa6s-solid-file-pdf\"><\/i>\n\t\t\t\t\t\t\t\t\t\t\t\t<p class=\"file-size\">798.74KB<\/p>\n\t\t\t\t\t\t<p class=\"file-extension-type\">.pdf<\/p>\n\t\t\t\t\t<\/div>\n\t\t\t\t<\/div>\n\t\t\t\t<div class=\"col col3\">\n\t\t\t\t\t<div class=\"btn__wrapper download-btn-wrapper\">\n\t\t\t\t\t  \t<a href=\"https:\/\/www.tpa-group.rs\/app\/uploads\/sites\/10\/2024\/07\/TPA-Brosura-Biznis-u-Srbiji-iz-ugla-finansijskih-direktora.pdf\" target=\"_blank\" class=\"btn btn__primary elementor-button download-btn\">\n\t\t\t\t\t  \t\tDownload\t\t\t\t\t  \t\t<i class=\"fa6s fa6s-solid-download\"><\/i>\t\n\t\t\t\t\t  \t<\/a>\n\t\t\t  \t\t\n\t\t\t\t\t<\/div>\n\t\t\t\t<\/div>\n\t\t\t<\/div>\n    \t<\/div>\n\n\t\t\t\t\t\t<\/div>\n\t\t\t\t<\/div>\n\t\t\t\t\t<\/div>\n\t\t\t\t<\/div>\n\t\t\t\t<\/div>\n\t\t","protected":false},"excerpt":{"rendered":"<p>Home |&nbsp; Know-how CFO istra\u017eivanje CFO istra\u017eivanje 2025: Biznis u Srbiji iz ugla finansijskih direktora 2025 6MB .pdf Download CFO istra\u017eivanje 2024: Biznis u Srbiji iz ugla finansijskih direktora 2024 5.99MB .pdf Download CFO istra\u017eivanje 2023: Biznis u Srbiji iz ugla finansijskih direktora 2023 800.44KB .pdf Download CFO istra\u017eivanje 2022: Biznis u Srbiji iz ugla [&hellip;]<\/p>\n","protected":false},"author":28,"featured_media":0,"parent":0,"menu_order":0,"comment_status":"closed","ping_status":"closed","template":"elementor_header_footer","meta":{"_acf_changed":false,"footnotes":""},"class_list":["post-2816","page","type-page","status-publish","hentry"],"acf":[],"yoast_head":"<!-- This site is optimized with the Yoast SEO plugin v26.0 - https:\/\/yoast.com\/wordpress\/plugins\/seo\/ -->\n<title>CFO istra\u017eivanje - www.tpa-group.rs<\/title>\n<meta name=\"robots\" content=\"index, follow, max-snippet:-1, max-image-preview:large, max-video-preview:-1\" \/>\n<link rel=\"canonical\" href=\"https:\/\/www.tpa-group.rs\/sr\/cfo-istrazivanje\/\" \/>\n<meta property=\"og:locale\" content=\"sr_RS\" \/>\n<meta property=\"og:type\" content=\"article\" \/>\n<meta property=\"og:title\" content=\"CFO istra\u017eivanje - www.tpa-group.rs\" \/>\n<meta property=\"og:description\" content=\"Home |&nbsp; Know-how CFO istra\u017eivanje CFO istra\u017eivanje 2025: Biznis u Srbiji iz ugla finansijskih direktora 2025 6MB .pdf Download CFO istra\u017eivanje 2024: Biznis u Srbiji iz ugla finansijskih direktora 2024 5.99MB .pdf Download CFO istra\u017eivanje 2023: Biznis u Srbiji iz ugla finansijskih direktora 2023 800.44KB .pdf Download CFO istra\u017eivanje 2022: Biznis u Srbiji iz ugla [&hellip;]\" \/>\n<meta property=\"og:url\" content=\"https:\/\/www.tpa-group.rs\/sr\/cfo-istrazivanje\/\" \/>\n<meta property=\"og:site_name\" content=\"www.tpa-group.rs\" \/>\n<meta property=\"article:modified_time\" content=\"2025-12-16T09:54:12+00:00\" \/>\n<meta property=\"og:image\" content=\"https:\/\/www.tpa-group.rs\/app\/uploads\/sites\/10\/2025\/12\/Screenshot-2025-12-09-at-10.02.24.png\" \/>\n<meta name=\"twitter:card\" content=\"summary_large_image\" \/>\n<meta name=\"twitter:label1\" content=\"Est. reading time\" \/>\n\t<meta name=\"twitter:data1\" content=\"2 \u043c\u0438\u043d\u0443\u0442\u0430\" \/>\n<script type=\"application\/ld+json\" class=\"yoast-schema-graph\">{\"@context\":\"https:\/\/schema.org\",\"@graph\":[{\"@type\":\"WebPage\",\"@id\":\"https:\/\/www.tpa-group.rs\/sr\/cfo-istrazivanje\/\",\"url\":\"https:\/\/www.tpa-group.rs\/sr\/cfo-istrazivanje\/\",\"name\":\"CFO istra\u017eivanje - www.tpa-group.rs\",\"isPartOf\":{\"@id\":\"https:\/\/www.tpa-group.rs\/sr\/#website\"},\"primaryImageOfPage\":{\"@id\":\"https:\/\/www.tpa-group.rs\/sr\/cfo-istrazivanje\/#primaryimage\"},\"image\":{\"@id\":\"https:\/\/www.tpa-group.rs\/sr\/cfo-istrazivanje\/#primaryimage\"},\"thumbnailUrl\":\"https:\/\/www.tpa-group.rs\/app\/uploads\/sites\/10\/2025\/12\/Screenshot-2025-12-09-at-10.02.24.png\",\"datePublished\":\"2024-07-25T20:26:17+00:00\",\"dateModified\":\"2025-12-16T09:54:12+00:00\",\"breadcrumb\":{\"@id\":\"https:\/\/www.tpa-group.rs\/sr\/cfo-istrazivanje\/#breadcrumb\"},\"inLanguage\":\"sr-RS\",\"potentialAction\":[{\"@type\":\"ReadAction\",\"target\":[\"https:\/\/www.tpa-group.rs\/sr\/cfo-istrazivanje\/\"]}]},{\"@type\":\"ImageObject\",\"inLanguage\":\"sr-RS\",\"@id\":\"https:\/\/www.tpa-group.rs\/sr\/cfo-istrazivanje\/#primaryimage\",\"url\":\"https:\/\/www.tpa-group.rs\/app\/uploads\/sites\/10\/2025\/12\/Screenshot-2025-12-09-at-10.02.24.png\",\"contentUrl\":\"https:\/\/www.tpa-group.rs\/app\/uploads\/sites\/10\/2025\/12\/Screenshot-2025-12-09-at-10.02.24.png\"},{\"@type\":\"BreadcrumbList\",\"@id\":\"https:\/\/www.tpa-group.rs\/sr\/cfo-istrazivanje\/#breadcrumb\",\"itemListElement\":[{\"@type\":\"ListItem\",\"position\":1,\"name\":\"Home\",\"item\":\"https:\/\/www.tpa-group.rs\/sr\/\"},{\"@type\":\"ListItem\",\"position\":2,\"name\":\"CFO istra\u017eivanje\"}]},{\"@type\":\"WebSite\",\"@id\":\"https:\/\/www.tpa-group.rs\/sr\/#website\",\"url\":\"https:\/\/www.tpa-group.rs\/sr\/\",\"name\":\"www.tpa-group.rs\",\"description\":\"\",\"publisher\":{\"@id\":\"https:\/\/www.tpa-group.rs\/sr\/#organization\"},\"potentialAction\":[{\"@type\":\"SearchAction\",\"target\":{\"@type\":\"EntryPoint\",\"urlTemplate\":\"https:\/\/www.tpa-group.rs\/sr\/?s={search_term_string}\"},\"query-input\":{\"@type\":\"PropertyValueSpecification\",\"valueRequired\":true,\"valueName\":\"search_term_string\"}}],\"inLanguage\":\"sr-RS\"},{\"@type\":\"Organization\",\"@id\":\"https:\/\/www.tpa-group.rs\/sr\/#organization\",\"name\":\"www.tpa-group.rs\",\"url\":\"https:\/\/www.tpa-group.rs\/sr\/\",\"logo\":{\"@type\":\"ImageObject\",\"inLanguage\":\"sr-RS\",\"@id\":\"https:\/\/www.tpa-group.rs\/sr\/#\/schema\/logo\/image\/\",\"url\":\"https:\/\/www.tpa-group.rs\/app\/uploads\/sites\/10\/2024\/02\/tpa-logo.svg\",\"contentUrl\":\"https:\/\/www.tpa-group.rs\/app\/uploads\/sites\/10\/2024\/02\/tpa-logo.svg\",\"caption\":\"www.tpa-group.rs\"},\"image\":{\"@id\":\"https:\/\/www.tpa-group.rs\/sr\/#\/schema\/logo\/image\/\"}}]}<\/script>\n<!-- \/ Yoast SEO plugin. -->","yoast_head_json":{"title":"CFO istra\u017eivanje - www.tpa-group.rs","robots":{"index":"index","follow":"follow","max-snippet":"max-snippet:-1","max-image-preview":"max-image-preview:large","max-video-preview":"max-video-preview:-1"},"canonical":"https:\/\/www.tpa-group.rs\/sr\/cfo-istrazivanje\/","og_locale":"sr_RS","og_type":"article","og_title":"CFO istra\u017eivanje - www.tpa-group.rs","og_description":"Home |&nbsp; Know-how CFO istra\u017eivanje CFO istra\u017eivanje 2025: Biznis u Srbiji iz ugla finansijskih direktora 2025 6MB .pdf Download CFO istra\u017eivanje 2024: Biznis u Srbiji iz ugla finansijskih direktora 2024 5.99MB .pdf Download CFO istra\u017eivanje 2023: Biznis u Srbiji iz ugla finansijskih direktora 2023 800.44KB .pdf Download CFO istra\u017eivanje 2022: Biznis u Srbiji iz ugla [&hellip;]","og_url":"https:\/\/www.tpa-group.rs\/sr\/cfo-istrazivanje\/","og_site_name":"www.tpa-group.rs","article_modified_time":"2025-12-16T09:54:12+00:00","og_image":[{"url":"https:\/\/www.tpa-group.rs\/app\/uploads\/sites\/10\/2025\/12\/Screenshot-2025-12-09-at-10.02.24.png","type":"","width":"","height":""}],"twitter_card":"summary_large_image","twitter_misc":{"Est. reading time":"2 \u043c\u0438\u043d\u0443\u0442\u0430"},"schema":{"@context":"https:\/\/schema.org","@graph":[{"@type":"WebPage","@id":"https:\/\/www.tpa-group.rs\/sr\/cfo-istrazivanje\/","url":"https:\/\/www.tpa-group.rs\/sr\/cfo-istrazivanje\/","name":"CFO istra\u017eivanje - www.tpa-group.rs","isPartOf":{"@id":"https:\/\/www.tpa-group.rs\/sr\/#website"},"primaryImageOfPage":{"@id":"https:\/\/www.tpa-group.rs\/sr\/cfo-istrazivanje\/#primaryimage"},"image":{"@id":"https:\/\/www.tpa-group.rs\/sr\/cfo-istrazivanje\/#primaryimage"},"thumbnailUrl":"https:\/\/www.tpa-group.rs\/app\/uploads\/sites\/10\/2025\/12\/Screenshot-2025-12-09-at-10.02.24.png","datePublished":"2024-07-25T20:26:17+00:00","dateModified":"2025-12-16T09:54:12+00:00","breadcrumb":{"@id":"https:\/\/www.tpa-group.rs\/sr\/cfo-istrazivanje\/#breadcrumb"},"inLanguage":"sr-RS","potentialAction":[{"@type":"ReadAction","target":["https:\/\/www.tpa-group.rs\/sr\/cfo-istrazivanje\/"]}]},{"@type":"ImageObject","inLanguage":"sr-RS","@id":"https:\/\/www.tpa-group.rs\/sr\/cfo-istrazivanje\/#primaryimage","url":"https:\/\/www.tpa-group.rs\/app\/uploads\/sites\/10\/2025\/12\/Screenshot-2025-12-09-at-10.02.24.png","contentUrl":"https:\/\/www.tpa-group.rs\/app\/uploads\/sites\/10\/2025\/12\/Screenshot-2025-12-09-at-10.02.24.png"},{"@type":"BreadcrumbList","@id":"https:\/\/www.tpa-group.rs\/sr\/cfo-istrazivanje\/#breadcrumb","itemListElement":[{"@type":"ListItem","position":1,"name":"Home","item":"https:\/\/www.tpa-group.rs\/sr\/"},{"@type":"ListItem","position":2,"name":"CFO istra\u017eivanje"}]},{"@type":"WebSite","@id":"https:\/\/www.tpa-group.rs\/sr\/#website","url":"https:\/\/www.tpa-group.rs\/sr\/","name":"www.tpa-group.rs","description":"","publisher":{"@id":"https:\/\/www.tpa-group.rs\/sr\/#organization"},"potentialAction":[{"@type":"SearchAction","target":{"@type":"EntryPoint","urlTemplate":"https:\/\/www.tpa-group.rs\/sr\/?s={search_term_string}"},"query-input":{"@type":"PropertyValueSpecification","valueRequired":true,"valueName":"search_term_string"}}],"inLanguage":"sr-RS"},{"@type":"Organization","@id":"https:\/\/www.tpa-group.rs\/sr\/#organization","name":"www.tpa-group.rs","url":"https:\/\/www.tpa-group.rs\/sr\/","logo":{"@type":"ImageObject","inLanguage":"sr-RS","@id":"https:\/\/www.tpa-group.rs\/sr\/#\/schema\/logo\/image\/","url":"https:\/\/www.tpa-group.rs\/app\/uploads\/sites\/10\/2024\/02\/tpa-logo.svg","contentUrl":"https:\/\/www.tpa-group.rs\/app\/uploads\/sites\/10\/2024\/02\/tpa-logo.svg","caption":"www.tpa-group.rs"},"image":{"@id":"https:\/\/www.tpa-group.rs\/sr\/#\/schema\/logo\/image\/"}}]}},"_links":{"self":[{"href":"https:\/\/www.tpa-group.rs\/sr\/wp-json\/wp\/v2\/pages\/2816","targetHints":{"allow":["GET"]}}],"collection":[{"href":"https:\/\/www.tpa-group.rs\/sr\/wp-json\/wp\/v2\/pages"}],"about":[{"href":"https:\/\/www.tpa-group.rs\/sr\/wp-json\/wp\/v2\/types\/page"}],"author":[{"embeddable":true,"href":"https:\/\/www.tpa-group.rs\/sr\/wp-json\/wp\/v2\/users\/28"}],"replies":[{"embeddable":true,"href":"https:\/\/www.tpa-group.rs\/sr\/wp-json\/wp\/v2\/comments?post=2816"}],"version-history":[{"count":34,"href":"https:\/\/www.tpa-group.rs\/sr\/wp-json\/wp\/v2\/pages\/2816\/revisions"}],"predecessor-version":[{"id":5999,"href":"https:\/\/www.tpa-group.rs\/sr\/wp-json\/wp\/v2\/pages\/2816\/revisions\/5999"}],"wp:attachment":[{"href":"https:\/\/www.tpa-group.rs\/sr\/wp-json\/wp\/v2\/media?parent=2816"}],"curies":[{"name":"wp","href":"https:\/\/api.w.org\/{rel}","templated":true}]}}