{"id":3318,"date":"2024-09-02T17:01:52","date_gmt":"2024-09-02T17:01:52","guid":{"rendered":"https:\/\/www.tpa-group.rs\/?page_id=3318"},"modified":"2025-09-08T10:58:35","modified_gmt":"2025-09-08T10:58:35","slug":"karijera-2","status":"publish","type":"page","link":"https:\/\/www.tpa-group.rs\/sr\/karijera-2\/","title":{"rendered":"Karijera"},"content":{"rendered":"\t\t<div data-elementor-type=\"wp-page\" data-elementor-id=\"3318\" class=\"elementor elementor-3318 elementor-3317\" data-elementor-post-type=\"page\">\n\t\t\t\t\t\t<section class=\"elementor-section elementor-top-section elementor-element elementor-element-f608fff hero-banner elementor-section-boxed elementor-section-height-default elementor-section-height-default\" data-id=\"f608fff\" data-element_type=\"section\">\n\t\t\t\t\t\t<div class=\"elementor-container elementor-column-gap-default\">\n\t\t\t\t\t<div class=\"elementor-column elementor-col-50 elementor-top-column elementor-element elementor-element-601f067\" data-id=\"601f067\" data-element_type=\"column\">\n\t\t\t<div class=\"elementor-widget-wrap elementor-element-populated\">\n\t\t\t\t\t\t<section class=\"elementor-section elementor-inner-section elementor-element elementor-element-7462cfc hero-banner-breadcrumbs-container elementor-section-boxed elementor-section-height-default elementor-section-height-default\" data-id=\"7462cfc\" data-element_type=\"section\">\n\t\t\t\t\t\t<div class=\"elementor-container elementor-column-gap-default\">\n\t\t\t\t\t<div class=\"elementor-column elementor-col-100 elementor-inner-column elementor-element elementor-element-cca9d04\" data-id=\"cca9d04\" data-element_type=\"column\">\n\t\t\t<div class=\"elementor-widget-wrap elementor-element-populated\">\n\t\t\t\t\t\t<div class=\"elementor-element elementor-element-5c3b57e elementor-widget elementor-widget-heading\" data-id=\"5c3b57e\" data-element_type=\"widget\" data-widget_type=\"heading.default\">\n\t\t\t\t<div class=\"elementor-widget-container\">\n\t\t\t\t\t<p class=\"elementor-heading-title elementor-size-default\"><a href=\"\/\">Home |&nbsp;<\/a><\/p>\t\t\t\t<\/div>\n\t\t\t\t<\/div>\n\t\t\t\t<div class=\"elementor-element elementor-element-438d17a elementor-widget elementor-widget-heading\" data-id=\"438d17a\" data-element_type=\"widget\" data-widget_type=\"heading.default\">\n\t\t\t\t<div class=\"elementor-widget-container\">\n\t\t\t\t\t<p class=\"elementor-heading-title elementor-size-default\">Karijera<\/p>\t\t\t\t<\/div>\n\t\t\t\t<\/div>\n\t\t\t\t\t<\/div>\n\t\t<\/div>\n\t\t\t\t\t<\/div>\n\t\t<\/section>\n\t\t\t\t<div class=\"elementor-element elementor-element-90691d1 elementor-widget elementor-widget-heading\" data-id=\"90691d1\" data-element_type=\"widget\" data-widget_type=\"heading.default\">\n\t\t\t\t<div class=\"elementor-widget-container\">\n\t\t\t\t\t<h1 class=\"elementor-heading-title elementor-size-default\">Karijera<\/h1>\t\t\t\t<\/div>\n\t\t\t\t<\/div>\n\t\t\t\t<div class=\"elementor-element elementor-element-219cd1e elementor-widget elementor-widget-text-editor\" data-id=\"219cd1e\" data-element_type=\"widget\" data-widget_type=\"text-editor.default\">\n\t\t\t\t<div class=\"elementor-widget-container\">\n\t\t\t\t\t\t\t\t\t<p>TPA Srbija je deo\u00a0<a href=\"https:\/\/www.tpa-group.com\/en\/\"><strong>TPA grupe<\/strong><\/a>\u00a0koja posluje u 12 zemalja sa preko 30 kancelarija i preko 1700 zaposlenih. TPA grupa je nezavisan \u010dlan \u201eBaker Tilly Europe Alliance\u201c i zahvaljuju\u0107i toj \u010dinjenici u stanju je da svojim klijentima obezbedi mre\u017eu savetnika za poreska pitanja, revizore i konsultante, koja je rasprostranjena po celom svetu. Na ovaj na\u010din, zaposleni TPA Srbija sti\u010du mogu\u0107nost da dobiju znanja, ekspertizu i prakse koji prevazilaze lokalne okvire.<\/p>\t\t\t\t\t\t\t\t<\/div>\n\t\t\t\t<\/div>\n\t\t\t\t\t<\/div>\n\t\t<\/div>\n\t\t\t\t<div class=\"elementor-column elementor-col-50 elementor-top-column elementor-element elementor-element-995a2c5\" data-id=\"995a2c5\" data-element_type=\"column\">\n\t\t\t<div class=\"elementor-widget-wrap\">\n\t\t\t\t\t\t\t<\/div>\n\t\t<\/div>\n\t\t\t\t\t<\/div>\n\t\t<\/section>\n\t\t<div class=\"elementor-element elementor-element-bbf5f39 e-flex e-con-boxed e-con e-parent\" data-id=\"bbf5f39\" data-element_type=\"container\" data-settings=\"{&quot;background_background&quot;:&quot;classic&quot;}\">\n\t\t\t\t\t<div class=\"e-con-inner\">\n\t\t\t\t<div class=\"elementor-element elementor-element-f93a3af elementor-widget elementor-widget-text-editor\" data-id=\"f93a3af\" data-element_type=\"widget\" data-widget_type=\"text-editor.default\">\n\t\t\t\t<div class=\"elementor-widget-container\">\n\t\t\t\t\t\t\t\t\t<p>Smatramo da jednu kompaniju najbolje opisuju ljudi koji su u njoj zaposleni. Upoznajte gospodina\u00a0<a href=\"https:\/\/www.tpa-group.rs\/sr\/persons\/bojan-zepinic\/\"><strong>Bojana \u017depini\u0107a<\/strong><\/a>, rukovode\u0107eg partnera u TPA Srbija i\u00a0<a href=\"https:\/\/www.youtube.com\/watch?v=fPoiS7wVKlg&amp;feature=youtu.be\"><strong>OVDE<\/strong><\/a>\u00a0saznajte kako g. \u017depini\u0107 opisuje dobar timski rad.<\/p><p>Filozofija kompanije TPA Srbija se zasniva na dugoro\u010dnom planiranju, pa \u017eelimo da sa Vama podelimo\u00a0<a href=\"https:\/\/www.youtube.com\/watch?v=b8syGfSDxX4\"><strong>VIZIJU TPA grupe<\/strong><\/a>\u00a0kroz prizmu na\u0161eg partnera za region, gospodina\u00a0<a href=\"https:\/\/www.tpa-group.rs\/sr\/persons\/thomas-haneder\/\"><strong>Thomas Haneder-a<\/strong><\/a>, koji je odgovoran za tr\u017ei\u0161ta Albanije, Bugarske, Srbije i Hrvatske.<\/p>\t\t\t\t\t\t\t\t<\/div>\n\t\t\t\t<\/div>\n\t\t\t\t<div class=\"elementor-element elementor-element-5742112 elementor-widget elementor-widget-heading\" data-id=\"5742112\" data-element_type=\"widget\" data-widget_type=\"heading.default\">\n\t\t\t\t<div class=\"elementor-widget-container\">\n\t\t\t\t\t<h2 class=\"elementor-heading-title elementor-size-default\">Za\u0161to postati deo na\u0161eg tima?<\/h2>\t\t\t\t<\/div>\n\t\t\t\t<\/div>\n\t\t\t\t<div class=\"elementor-element elementor-element-2722011 elementor-widget elementor-widget-text-editor\" data-id=\"2722011\" data-element_type=\"widget\" data-widget_type=\"text-editor.default\">\n\t\t\t\t<div class=\"elementor-widget-container\">\n\t\t\t\t\t\t\t\t\t<p>Dinami\u010dan posao i mogu\u0107nost li\u010dnog razvoja su glavne perspektive u TPA Srbija. Svaki zaposleni ima priliku da razvija karijeru \u010diji intenzitet razvoja najvi\u0161e zavisi od njegovog interesovanja i zalaganja. Svesni smo da izvanredni rezultati proizlaze iz predanog rada visokoobrazovanih stru\u010dnjaka, te je razvoj zaposlenih jedan od va\u017enih benefita koji na\u0161a kompanija omogu\u0107ava.<\/p><p>Na\u0161 HR prepoznaje sklonosti i sposobnosti \u010dlanova tima. Uz odgovaraju\u0107e obuke i treninge, a u saradnji sa mentorima, radi na poslovnom razvoju svakog zaposlenog. Va\u017eno je da svaki \u010dlan tima individualno napreduje kako bi celokupan TPA tim postizao izuzetne rezultate.<\/p><p>Trudimo se da kroz neformalne aktivnosti kreiramo motivi\u0161u\u0107u radnu atmosferu. Saznajte\u00a0<a href=\"https:\/\/www.youtube.com\/watch?v=mvw2U_F3Yxg\"><strong>OVDE<\/strong><\/a>\u00a0koji je na\u0161 jedan od kreativnih na\u010dina za postizanje dobre radne atmosfere.<\/p><p>Za sva dodatna pitanja Vam stojimo na raspolaganju na:\u00a0<a href=\"mailto:hr@tpa-group.rs\"><strong>hr@tpa-group.rs<\/strong><\/a><\/p><p>Dobro nam do\u0161li!<\/p>\t\t\t\t\t\t\t\t<\/div>\n\t\t\t\t<\/div>\n\t\t\t\t<div class=\"elementor-element elementor-element-4446cb2 elementor-widget elementor-widget-heading\" data-id=\"4446cb2\" data-element_type=\"widget\" data-widget_type=\"heading.default\">\n\t\t\t\t<div class=\"elementor-widget-container\">\n\t\t\t\t\t<h2 class=\"elementor-heading-title elementor-size-default\">Otvorena pozicija:\n\n<\/h2>\t\t\t\t<\/div>\n\t\t\t\t<\/div>\n\t\t\t\t\t<\/div>\n\t\t\t\t<\/div>\n\t\t\t\t<\/div>\n\t\t","protected":false},"excerpt":{"rendered":"<p>Home |&nbsp; Karijera Karijera TPA Srbija je deo\u00a0TPA grupe\u00a0koja posluje u 12 zemalja sa preko 30 kancelarija i preko 1700 zaposlenih. TPA grupa je nezavisan \u010dlan \u201eBaker Tilly Europe Alliance\u201c i zahvaljuju\u0107i toj \u010dinjenici u stanju je da svojim klijentima obezbedi mre\u017eu savetnika za poreska pitanja, revizore i konsultante, koja je rasprostranjena po celom svetu. [&hellip;]<\/p>\n","protected":false},"author":28,"featured_media":0,"parent":0,"menu_order":0,"comment_status":"closed","ping_status":"closed","template":"","meta":{"_acf_changed":false,"footnotes":""},"class_list":["post-3318","page","type-page","status-publish","hentry"],"acf":[],"yoast_head":"<!-- This site is optimized with the Yoast SEO plugin v26.0 - https:\/\/yoast.com\/wordpress\/plugins\/seo\/ -->\n<title>Karijera - www.tpa-group.rs<\/title>\n<meta name=\"robots\" content=\"index, follow, max-snippet:-1, max-image-preview:large, max-video-preview:-1\" \/>\n<link rel=\"canonical\" href=\"https:\/\/www.tpa-group.rs\/sr\/karijera-2\/\" \/>\n<meta property=\"og:locale\" content=\"sr_RS\" \/>\n<meta property=\"og:type\" content=\"article\" \/>\n<meta property=\"og:title\" content=\"Karijera - www.tpa-group.rs\" \/>\n<meta property=\"og:description\" content=\"Home |&nbsp; Karijera Karijera TPA Srbija je deo\u00a0TPA grupe\u00a0koja posluje u 12 zemalja sa preko 30 kancelarija i preko 1700 zaposlenih. TPA grupa je nezavisan \u010dlan \u201eBaker Tilly Europe Alliance\u201c i zahvaljuju\u0107i toj \u010dinjenici u stanju je da svojim klijentima obezbedi mre\u017eu savetnika za poreska pitanja, revizore i konsultante, koja je rasprostranjena po celom svetu. [&hellip;]\" \/>\n<meta property=\"og:url\" content=\"https:\/\/www.tpa-group.rs\/sr\/karijera-2\/\" \/>\n<meta property=\"og:site_name\" content=\"www.tpa-group.rs\" \/>\n<meta property=\"article:modified_time\" content=\"2025-09-08T10:58:35+00:00\" \/>\n<meta name=\"twitter:card\" content=\"summary_large_image\" \/>\n<meta name=\"twitter:label1\" content=\"Est. reading time\" \/>\n\t<meta name=\"twitter:data1\" content=\"2 \u043c\u0438\u043d\u0443\u0442\u0430\" \/>\n<script type=\"application\/ld+json\" class=\"yoast-schema-graph\">{\"@context\":\"https:\/\/schema.org\",\"@graph\":[{\"@type\":\"WebPage\",\"@id\":\"https:\/\/www.tpa-group.rs\/sr\/karijera-2\/\",\"url\":\"https:\/\/www.tpa-group.rs\/sr\/karijera-2\/\",\"name\":\"Karijera - www.tpa-group.rs\",\"isPartOf\":{\"@id\":\"https:\/\/www.tpa-group.rs\/sr\/#website\"},\"datePublished\":\"2024-09-02T17:01:52+00:00\",\"dateModified\":\"2025-09-08T10:58:35+00:00\",\"breadcrumb\":{\"@id\":\"https:\/\/www.tpa-group.rs\/sr\/karijera-2\/#breadcrumb\"},\"inLanguage\":\"sr-RS\",\"potentialAction\":[{\"@type\":\"ReadAction\",\"target\":[\"https:\/\/www.tpa-group.rs\/sr\/karijera-2\/\"]}]},{\"@type\":\"BreadcrumbList\",\"@id\":\"https:\/\/www.tpa-group.rs\/sr\/karijera-2\/#breadcrumb\",\"itemListElement\":[{\"@type\":\"ListItem\",\"position\":1,\"name\":\"Home\",\"item\":\"https:\/\/www.tpa-group.rs\/sr\/\"},{\"@type\":\"ListItem\",\"position\":2,\"name\":\"Karijera\"}]},{\"@type\":\"WebSite\",\"@id\":\"https:\/\/www.tpa-group.rs\/sr\/#website\",\"url\":\"https:\/\/www.tpa-group.rs\/sr\/\",\"name\":\"www.tpa-group.rs\",\"description\":\"\",\"publisher\":{\"@id\":\"https:\/\/www.tpa-group.rs\/sr\/#organization\"},\"potentialAction\":[{\"@type\":\"SearchAction\",\"target\":{\"@type\":\"EntryPoint\",\"urlTemplate\":\"https:\/\/www.tpa-group.rs\/sr\/?s={search_term_string}\"},\"query-input\":{\"@type\":\"PropertyValueSpecification\",\"valueRequired\":true,\"valueName\":\"search_term_string\"}}],\"inLanguage\":\"sr-RS\"},{\"@type\":\"Organization\",\"@id\":\"https:\/\/www.tpa-group.rs\/sr\/#organization\",\"name\":\"www.tpa-group.rs\",\"url\":\"https:\/\/www.tpa-group.rs\/sr\/\",\"logo\":{\"@type\":\"ImageObject\",\"inLanguage\":\"sr-RS\",\"@id\":\"https:\/\/www.tpa-group.rs\/sr\/#\/schema\/logo\/image\/\",\"url\":\"https:\/\/www.tpa-group.rs\/app\/uploads\/sites\/10\/2024\/02\/tpa-logo.svg\",\"contentUrl\":\"https:\/\/www.tpa-group.rs\/app\/uploads\/sites\/10\/2024\/02\/tpa-logo.svg\",\"caption\":\"www.tpa-group.rs\"},\"image\":{\"@id\":\"https:\/\/www.tpa-group.rs\/sr\/#\/schema\/logo\/image\/\"}}]}<\/script>\n<!-- \/ Yoast SEO plugin. -->","yoast_head_json":{"title":"Karijera - www.tpa-group.rs","robots":{"index":"index","follow":"follow","max-snippet":"max-snippet:-1","max-image-preview":"max-image-preview:large","max-video-preview":"max-video-preview:-1"},"canonical":"https:\/\/www.tpa-group.rs\/sr\/karijera-2\/","og_locale":"sr_RS","og_type":"article","og_title":"Karijera - www.tpa-group.rs","og_description":"Home |&nbsp; Karijera Karijera TPA Srbija je deo\u00a0TPA grupe\u00a0koja posluje u 12 zemalja sa preko 30 kancelarija i preko 1700 zaposlenih. TPA grupa je nezavisan \u010dlan \u201eBaker Tilly Europe Alliance\u201c i zahvaljuju\u0107i toj \u010dinjenici u stanju je da svojim klijentima obezbedi mre\u017eu savetnika za poreska pitanja, revizore i konsultante, koja je rasprostranjena po celom svetu. [&hellip;]","og_url":"https:\/\/www.tpa-group.rs\/sr\/karijera-2\/","og_site_name":"www.tpa-group.rs","article_modified_time":"2025-09-08T10:58:35+00:00","twitter_card":"summary_large_image","twitter_misc":{"Est. reading time":"2 \u043c\u0438\u043d\u0443\u0442\u0430"},"schema":{"@context":"https:\/\/schema.org","@graph":[{"@type":"WebPage","@id":"https:\/\/www.tpa-group.rs\/sr\/karijera-2\/","url":"https:\/\/www.tpa-group.rs\/sr\/karijera-2\/","name":"Karijera - www.tpa-group.rs","isPartOf":{"@id":"https:\/\/www.tpa-group.rs\/sr\/#website"},"datePublished":"2024-09-02T17:01:52+00:00","dateModified":"2025-09-08T10:58:35+00:00","breadcrumb":{"@id":"https:\/\/www.tpa-group.rs\/sr\/karijera-2\/#breadcrumb"},"inLanguage":"sr-RS","potentialAction":[{"@type":"ReadAction","target":["https:\/\/www.tpa-group.rs\/sr\/karijera-2\/"]}]},{"@type":"BreadcrumbList","@id":"https:\/\/www.tpa-group.rs\/sr\/karijera-2\/#breadcrumb","itemListElement":[{"@type":"ListItem","position":1,"name":"Home","item":"https:\/\/www.tpa-group.rs\/sr\/"},{"@type":"ListItem","position":2,"name":"Karijera"}]},{"@type":"WebSite","@id":"https:\/\/www.tpa-group.rs\/sr\/#website","url":"https:\/\/www.tpa-group.rs\/sr\/","name":"www.tpa-group.rs","description":"","publisher":{"@id":"https:\/\/www.tpa-group.rs\/sr\/#organization"},"potentialAction":[{"@type":"SearchAction","target":{"@type":"EntryPoint","urlTemplate":"https:\/\/www.tpa-group.rs\/sr\/?s={search_term_string}"},"query-input":{"@type":"PropertyValueSpecification","valueRequired":true,"valueName":"search_term_string"}}],"inLanguage":"sr-RS"},{"@type":"Organization","@id":"https:\/\/www.tpa-group.rs\/sr\/#organization","name":"www.tpa-group.rs","url":"https:\/\/www.tpa-group.rs\/sr\/","logo":{"@type":"ImageObject","inLanguage":"sr-RS","@id":"https:\/\/www.tpa-group.rs\/sr\/#\/schema\/logo\/image\/","url":"https:\/\/www.tpa-group.rs\/app\/uploads\/sites\/10\/2024\/02\/tpa-logo.svg","contentUrl":"https:\/\/www.tpa-group.rs\/app\/uploads\/sites\/10\/2024\/02\/tpa-logo.svg","caption":"www.tpa-group.rs"},"image":{"@id":"https:\/\/www.tpa-group.rs\/sr\/#\/schema\/logo\/image\/"}}]}},"_links":{"self":[{"href":"https:\/\/www.tpa-group.rs\/sr\/wp-json\/wp\/v2\/pages\/3318","targetHints":{"allow":["GET"]}}],"collection":[{"href":"https:\/\/www.tpa-group.rs\/sr\/wp-json\/wp\/v2\/pages"}],"about":[{"href":"https:\/\/www.tpa-group.rs\/sr\/wp-json\/wp\/v2\/types\/page"}],"author":[{"embeddable":true,"href":"https:\/\/www.tpa-group.rs\/sr\/wp-json\/wp\/v2\/users\/28"}],"replies":[{"embeddable":true,"href":"https:\/\/www.tpa-group.rs\/sr\/wp-json\/wp\/v2\/comments?post=3318"}],"version-history":[{"count":21,"href":"https:\/\/www.tpa-group.rs\/sr\/wp-json\/wp\/v2\/pages\/3318\/revisions"}],"predecessor-version":[{"id":5646,"href":"https:\/\/www.tpa-group.rs\/sr\/wp-json\/wp\/v2\/pages\/3318\/revisions\/5646"}],"wp:attachment":[{"href":"https:\/\/www.tpa-group.rs\/sr\/wp-json\/wp\/v2\/media?parent=3318"}],"curies":[{"name":"wp","href":"https:\/\/api.w.org\/{rel}","templated":true}]}}