{"id":3551,"date":"2024-09-23T09:33:37","date_gmt":"2024-09-23T09:33:37","guid":{"rendered":"https:\/\/www.tpa-group.rs\/?page_id=3551"},"modified":"2024-12-10T14:58:38","modified_gmt":"2024-12-10T14:58:38","slug":"disclaimer","status":"publish","type":"page","link":"https:\/\/www.tpa-group.rs\/sr\/disclaimer\/","title":{"rendered":"Odricanje od odgovornosti"},"content":{"rendered":"\t\t<div data-elementor-type=\"wp-page\" data-elementor-id=\"3551\" class=\"elementor elementor-3551\" data-elementor-post-type=\"page\">\n\t\t\t\t<div class=\"elementor-element elementor-element-747961c page-content-container e-flex e-con-boxed e-con e-parent\" data-id=\"747961c\" data-element_type=\"container\" data-settings=\"{&quot;background_background&quot;:&quot;classic&quot;}\">\n\t\t\t\t\t<div class=\"e-con-inner\">\n\t\t\t\t<div class=\"elementor-element elementor-element-d25fea9 elementor-widget elementor-widget-heading\" data-id=\"d25fea9\" data-element_type=\"widget\" data-widget_type=\"heading.default\">\n\t\t\t\t<div class=\"elementor-widget-container\">\n\t\t\t\t\t<h1 class=\"elementor-heading-title elementor-size-default\">Odricanje od odgovornosti<\/h1>\t\t\t\t<\/div>\n\t\t\t\t<\/div>\n\t\t\t\t<div class=\"elementor-element elementor-element-337ef0e elementor-widget elementor-widget-text-editor\" data-id=\"337ef0e\" data-element_type=\"widget\" data-widget_type=\"text-editor.default\">\n\t\t\t\t<div class=\"elementor-widget-container\">\n\t\t\t\t\t\t\t\t\t<div class=\"flex-grow-1 d-print-block\"><div class=\"entry-content clearfix\"><p>Informacije, mi\u0161ljenja i pravne interpretacije dostupne na ovoj veb-stranici su date isklju\u010divo u smislu op\u0161tih informacija. Primena i uticaj zakona mogu zna\u010dajno da variraju u zavisnosti od konkretnih okolnosti. S obzirom na promenljivu prirodu zakona, propisa i sudskih odluka, kao i na stepen pouzdanosti elektronske komunikacije, mo\u017ee da se javi ka\u0161njenje, da do\u0111e do propusta ili \u010dak i neta\u010dnog prikaza informacija na ovoj internet stranici. Imajte u vidu da se informacije koje su dostupne na ovoj stranici ne mogu, niti bi ih trebalo da se koriste kao zamena za profesionalne poreske ili pravne savete. Pre dono\u0161enja bilo kakve odluke, trebalo bi da se konsultujete sa stru\u010dnjakom iz TPA Beograd.<\/p><p>I pored svih preduzetih radnji kako bi se obezbedilo da informacije na ovoj stranici budu iz pouzdanih izvora, ni TPA ni pojedina\u010dni autori nisu odgovorni za eventualne gre\u0161ke ili propuste, niti za ishode upotrebe tih informacija. Sve informacije na ovoj stranici se pru\u017eaju bez garancije za potpunost, ta\u010dnost ili pravovremenost, kao i bez garancije da su iste pogodne za bilo koju konkretnu svrhu.<\/p><p>Ni TPA ni bilo koji od autora ne preuzimaju odgovornost za bilo koju donetu odluku ili preduzetu radnju koja se oslanja na informacije sa ove veb-stranice, niti za bilo kakvu \u0161tetu koja bi mogla nastane usled takvih radnji ili odluka. TPA nema kontrolu nad sadr\u017eajem ili prezentacijom bilo kojih povezanih internet materijala i ne preuzima odgovornost za te sadr\u017eaje. TPA ne preuzima odgovornost za ta\u010dnost, potpunost i a\u017euriranost povezanih internet materijala.<\/p><p>Tekstovi, slike, grafike, video i drugi materijali na ovoj veb-stranici su za\u0161ti\u0107eni autorskim pravima i drugim pravima intelektualne svojine: nijedan deo ovih materijala se ne sme preneti tre\u0107im stranama, reprodukovati ili na drugi na\u010din obra\u0111ivati bez izri\u010dite, pisane dozvole TPA.<\/p><p>Svaki spor ili postupak u vezi sa kori\u0161\u0107enjem ove veb-stranice je u isklju\u010divoj nadle\u017enosti pravnog sistema Republike Srbije. Nadle\u017ean sud za sve sporove i postupke koji direktno ili indirektno proizlaze iz kori\u0161\u0107enja ove veb-stranice je sud na teritoriji Beograda. Za potro\u0161a\u010de u smislu Zakona o za\u0161titi potro\u0161a\u010da Republike Srbije (KSchG), ovo va\u017ei samo u slu\u010daju da oni nisu stanovnici Srbije, rezidenti ili zaposleni u Srbiji.<\/p><p>TPA ne daje garanciju da \u0107e usluge biti u kontinuiranoj ponudi niti da \u0107e funkcionisati kako je planirano. TPA zadr\u017eava pravo da u bilo kom trenutku, bez prethodnog obave\u0161tenja, obustavi ili trajno ukine pojedina\u010dne usluge ili sve usluge koje se pru\u017eaju putem ove veb-stranice.<\/p><h2>Dodatne informacije o komunikaciji elektronskom po\u0161tom:<\/h2><p>Informacije poslate putem elektronske po\u0161te i priloga \u0107e biti obavezuju\u0107e samo ako su potvr\u0111ene u pisanom obliku. Elektronski prenos poruka je isklju\u010divi rizik strane koja zahteva takvu komunikaciju, posebno u pogledu problema u vezi sa prenosom i uslugom, rizikom odsustva primaoca i rizikom kr\u0161enja poverljivosti na internetu. Automatski generisane potvrde o prijemu ili pregledavanju ne smatraju se potvrdom o prijemu va\u0161e poruke.<\/p><h2>Za\u0161tita podataka u vezi sa kori\u0161\u0107enjem Google Analytics<\/h2><p>Veb-stranica koristi statisti\u010dki alat \u201eGoogle Analytics\u201c (<a href=\"http:\/\/www.getclicky.com\/\">www.google.com\/analytics<\/a>). Kori\u0161\u0107enjem ove veb-stranice dajete saglasnost da va\u0161i podaci o klikovima mogu da budu sa\u010duvani i anonimno obra\u0111eni u statisti\u010dke svrhe.<\/p><\/div><\/div>\t\t\t\t\t\t\t\t<\/div>\n\t\t\t\t<\/div>\n\t\t\t\t\t<\/div>\n\t\t\t\t<\/div>\n\t\t\t\t<\/div>\n\t\t","protected":false},"excerpt":{"rendered":"<p>Odricanje od odgovornosti Informacije, mi\u0161ljenja i pravne interpretacije dostupne na ovoj veb-stranici su date isklju\u010divo u smislu op\u0161tih informacija. Primena i uticaj zakona mogu zna\u010dajno da variraju u zavisnosti od konkretnih okolnosti. S obzirom na promenljivu prirodu zakona, propisa i sudskih odluka, kao i na stepen pouzdanosti elektronske komunikacije, mo\u017ee da se javi ka\u0161njenje, da [&hellip;]<\/p>\n","protected":false},"author":28,"featured_media":0,"parent":0,"menu_order":0,"comment_status":"closed","ping_status":"closed","template":"","meta":{"_acf_changed":false,"footnotes":""},"class_list":["post-3551","page","type-page","status-publish","hentry"],"acf":[],"yoast_head":"<!-- This site is optimized with the Yoast SEO plugin v26.0 - https:\/\/yoast.com\/wordpress\/plugins\/seo\/ -->\n<title>Odricanje od odgovornosti - www.tpa-group.rs<\/title>\n<meta name=\"robots\" content=\"index, follow, max-snippet:-1, max-image-preview:large, max-video-preview:-1\" \/>\n<link rel=\"canonical\" href=\"https:\/\/www.tpa-group.rs\/sr\/disclaimer\/\" \/>\n<meta property=\"og:locale\" content=\"sr_RS\" \/>\n<meta property=\"og:type\" content=\"article\" \/>\n<meta property=\"og:title\" content=\"Odricanje od odgovornosti - www.tpa-group.rs\" \/>\n<meta property=\"og:description\" content=\"Odricanje od odgovornosti Informacije, mi\u0161ljenja i pravne interpretacije dostupne na ovoj veb-stranici su date isklju\u010divo u smislu op\u0161tih informacija. Primena i uticaj zakona mogu zna\u010dajno da variraju u zavisnosti od konkretnih okolnosti. S obzirom na promenljivu prirodu zakona, propisa i sudskih odluka, kao i na stepen pouzdanosti elektronske komunikacije, mo\u017ee da se javi ka\u0161njenje, da [&hellip;]\" \/>\n<meta property=\"og:url\" content=\"https:\/\/www.tpa-group.rs\/sr\/disclaimer\/\" \/>\n<meta property=\"og:site_name\" content=\"www.tpa-group.rs\" \/>\n<meta property=\"article:modified_time\" content=\"2024-12-10T14:58:38+00:00\" \/>\n<meta name=\"twitter:card\" content=\"summary_large_image\" \/>\n<meta name=\"twitter:label1\" content=\"Est. reading time\" \/>\n\t<meta name=\"twitter:data1\" content=\"3 \u043c\u0438\u043d\u0443\u0442\u0430\" \/>\n<script type=\"application\/ld+json\" class=\"yoast-schema-graph\">{\"@context\":\"https:\/\/schema.org\",\"@graph\":[{\"@type\":\"WebPage\",\"@id\":\"https:\/\/www.tpa-group.rs\/sr\/disclaimer\/\",\"url\":\"https:\/\/www.tpa-group.rs\/sr\/disclaimer\/\",\"name\":\"Odricanje od odgovornosti - www.tpa-group.rs\",\"isPartOf\":{\"@id\":\"https:\/\/www.tpa-group.rs\/sr\/#website\"},\"datePublished\":\"2024-09-23T09:33:37+00:00\",\"dateModified\":\"2024-12-10T14:58:38+00:00\",\"breadcrumb\":{\"@id\":\"https:\/\/www.tpa-group.rs\/sr\/disclaimer\/#breadcrumb\"},\"inLanguage\":\"sr-RS\",\"potentialAction\":[{\"@type\":\"ReadAction\",\"target\":[\"https:\/\/www.tpa-group.rs\/sr\/disclaimer\/\"]}]},{\"@type\":\"BreadcrumbList\",\"@id\":\"https:\/\/www.tpa-group.rs\/sr\/disclaimer\/#breadcrumb\",\"itemListElement\":[{\"@type\":\"ListItem\",\"position\":1,\"name\":\"Home\",\"item\":\"https:\/\/www.tpa-group.rs\/sr\/\"},{\"@type\":\"ListItem\",\"position\":2,\"name\":\"Odricanje od odgovornosti\"}]},{\"@type\":\"WebSite\",\"@id\":\"https:\/\/www.tpa-group.rs\/sr\/#website\",\"url\":\"https:\/\/www.tpa-group.rs\/sr\/\",\"name\":\"www.tpa-group.rs\",\"description\":\"\",\"publisher\":{\"@id\":\"https:\/\/www.tpa-group.rs\/sr\/#organization\"},\"potentialAction\":[{\"@type\":\"SearchAction\",\"target\":{\"@type\":\"EntryPoint\",\"urlTemplate\":\"https:\/\/www.tpa-group.rs\/sr\/?s={search_term_string}\"},\"query-input\":{\"@type\":\"PropertyValueSpecification\",\"valueRequired\":true,\"valueName\":\"search_term_string\"}}],\"inLanguage\":\"sr-RS\"},{\"@type\":\"Organization\",\"@id\":\"https:\/\/www.tpa-group.rs\/sr\/#organization\",\"name\":\"www.tpa-group.rs\",\"url\":\"https:\/\/www.tpa-group.rs\/sr\/\",\"logo\":{\"@type\":\"ImageObject\",\"inLanguage\":\"sr-RS\",\"@id\":\"https:\/\/www.tpa-group.rs\/sr\/#\/schema\/logo\/image\/\",\"url\":\"https:\/\/www.tpa-group.rs\/app\/uploads\/sites\/10\/2024\/02\/tpa-logo.svg\",\"contentUrl\":\"https:\/\/www.tpa-group.rs\/app\/uploads\/sites\/10\/2024\/02\/tpa-logo.svg\",\"caption\":\"www.tpa-group.rs\"},\"image\":{\"@id\":\"https:\/\/www.tpa-group.rs\/sr\/#\/schema\/logo\/image\/\"}}]}<\/script>\n<!-- \/ Yoast SEO plugin. -->","yoast_head_json":{"title":"Odricanje od odgovornosti - www.tpa-group.rs","robots":{"index":"index","follow":"follow","max-snippet":"max-snippet:-1","max-image-preview":"max-image-preview:large","max-video-preview":"max-video-preview:-1"},"canonical":"https:\/\/www.tpa-group.rs\/sr\/disclaimer\/","og_locale":"sr_RS","og_type":"article","og_title":"Odricanje od odgovornosti - www.tpa-group.rs","og_description":"Odricanje od odgovornosti Informacije, mi\u0161ljenja i pravne interpretacije dostupne na ovoj veb-stranici su date isklju\u010divo u smislu op\u0161tih informacija. Primena i uticaj zakona mogu zna\u010dajno da variraju u zavisnosti od konkretnih okolnosti. S obzirom na promenljivu prirodu zakona, propisa i sudskih odluka, kao i na stepen pouzdanosti elektronske komunikacije, mo\u017ee da se javi ka\u0161njenje, da [&hellip;]","og_url":"https:\/\/www.tpa-group.rs\/sr\/disclaimer\/","og_site_name":"www.tpa-group.rs","article_modified_time":"2024-12-10T14:58:38+00:00","twitter_card":"summary_large_image","twitter_misc":{"Est. reading time":"3 \u043c\u0438\u043d\u0443\u0442\u0430"},"schema":{"@context":"https:\/\/schema.org","@graph":[{"@type":"WebPage","@id":"https:\/\/www.tpa-group.rs\/sr\/disclaimer\/","url":"https:\/\/www.tpa-group.rs\/sr\/disclaimer\/","name":"Odricanje od odgovornosti - www.tpa-group.rs","isPartOf":{"@id":"https:\/\/www.tpa-group.rs\/sr\/#website"},"datePublished":"2024-09-23T09:33:37+00:00","dateModified":"2024-12-10T14:58:38+00:00","breadcrumb":{"@id":"https:\/\/www.tpa-group.rs\/sr\/disclaimer\/#breadcrumb"},"inLanguage":"sr-RS","potentialAction":[{"@type":"ReadAction","target":["https:\/\/www.tpa-group.rs\/sr\/disclaimer\/"]}]},{"@type":"BreadcrumbList","@id":"https:\/\/www.tpa-group.rs\/sr\/disclaimer\/#breadcrumb","itemListElement":[{"@type":"ListItem","position":1,"name":"Home","item":"https:\/\/www.tpa-group.rs\/sr\/"},{"@type":"ListItem","position":2,"name":"Odricanje od odgovornosti"}]},{"@type":"WebSite","@id":"https:\/\/www.tpa-group.rs\/sr\/#website","url":"https:\/\/www.tpa-group.rs\/sr\/","name":"www.tpa-group.rs","description":"","publisher":{"@id":"https:\/\/www.tpa-group.rs\/sr\/#organization"},"potentialAction":[{"@type":"SearchAction","target":{"@type":"EntryPoint","urlTemplate":"https:\/\/www.tpa-group.rs\/sr\/?s={search_term_string}"},"query-input":{"@type":"PropertyValueSpecification","valueRequired":true,"valueName":"search_term_string"}}],"inLanguage":"sr-RS"},{"@type":"Organization","@id":"https:\/\/www.tpa-group.rs\/sr\/#organization","name":"www.tpa-group.rs","url":"https:\/\/www.tpa-group.rs\/sr\/","logo":{"@type":"ImageObject","inLanguage":"sr-RS","@id":"https:\/\/www.tpa-group.rs\/sr\/#\/schema\/logo\/image\/","url":"https:\/\/www.tpa-group.rs\/app\/uploads\/sites\/10\/2024\/02\/tpa-logo.svg","contentUrl":"https:\/\/www.tpa-group.rs\/app\/uploads\/sites\/10\/2024\/02\/tpa-logo.svg","caption":"www.tpa-group.rs"},"image":{"@id":"https:\/\/www.tpa-group.rs\/sr\/#\/schema\/logo\/image\/"}}]}},"_links":{"self":[{"href":"https:\/\/www.tpa-group.rs\/sr\/wp-json\/wp\/v2\/pages\/3551","targetHints":{"allow":["GET"]}}],"collection":[{"href":"https:\/\/www.tpa-group.rs\/sr\/wp-json\/wp\/v2\/pages"}],"about":[{"href":"https:\/\/www.tpa-group.rs\/sr\/wp-json\/wp\/v2\/types\/page"}],"author":[{"embeddable":true,"href":"https:\/\/www.tpa-group.rs\/sr\/wp-json\/wp\/v2\/users\/28"}],"replies":[{"embeddable":true,"href":"https:\/\/www.tpa-group.rs\/sr\/wp-json\/wp\/v2\/comments?post=3551"}],"version-history":[{"count":18,"href":"https:\/\/www.tpa-group.rs\/sr\/wp-json\/wp\/v2\/pages\/3551\/revisions"}],"predecessor-version":[{"id":4900,"href":"https:\/\/www.tpa-group.rs\/sr\/wp-json\/wp\/v2\/pages\/3551\/revisions\/4900"}],"wp:attachment":[{"href":"https:\/\/www.tpa-group.rs\/sr\/wp-json\/wp\/v2\/media?parent=3551"}],"curies":[{"name":"wp","href":"https:\/\/api.w.org\/{rel}","templated":true}]}}