{"id":4489,"date":"2024-10-10T10:15:07","date_gmt":"2024-10-10T10:15:07","guid":{"rendered":"https:\/\/www.tpa-group.rs\/?page_id=4489"},"modified":"2024-12-10T14:57:55","modified_gmt":"2024-12-10T14:57:55","slug":"zastita-podataka-licnosti","status":"publish","type":"page","link":"https:\/\/www.tpa-group.rs\/sr\/zastita-podataka-licnosti\/","title":{"rendered":"Za\u0161tita podataka li\u010dnosti"},"content":{"rendered":"\t\t<div data-elementor-type=\"wp-page\" data-elementor-id=\"4489\" class=\"elementor elementor-4489\" data-elementor-post-type=\"page\">\n\t\t\t\t<div class=\"elementor-element elementor-element-747961c page-content-container e-flex e-con-boxed e-con e-parent\" data-id=\"747961c\" data-element_type=\"container\" data-settings=\"{&quot;background_background&quot;:&quot;classic&quot;}\">\n\t\t\t\t\t<div class=\"e-con-inner\">\n\t\t\t\t<div class=\"elementor-element elementor-element-d25fea9 elementor-widget elementor-widget-heading\" data-id=\"d25fea9\" data-element_type=\"widget\" data-widget_type=\"heading.default\">\n\t\t\t\t<div class=\"elementor-widget-container\">\n\t\t\t\t\t<h1 class=\"elementor-heading-title elementor-size-default\">OBAVE\u0160TENJE O OBRADI PODATAKA O LI\u010cNOSTI<\/h1>\t\t\t\t<\/div>\n\t\t\t\t<\/div>\n\t\t\t\t<div class=\"elementor-element elementor-element-337ef0e elementor-widget elementor-widget-text-editor\" data-id=\"337ef0e\" data-element_type=\"widget\" data-widget_type=\"text-editor.default\">\n\t\t\t\t<div class=\"elementor-widget-container\">\n\t\t\t\t\t\t\t\t\t<div class=\"flex-grow-1 d-print-block\"><div class=\"entry-content clearfix\"><p>U skladu sa Op\u0161tom Uredbom o za\u0161titi podataka o li\u010dnosti (General Data Protection Regulation &#8211; Regulation ((EU) 2016\/679 &#8211; GDPR) i Zakonom o za\u0161titi podataka o li\u010dnosti (&#8222;Sl. glasnik RS&#8220;, br. 87\/2018) (u daljem tekstu: Zakon), ovim putem Vas obave\u0161tavamo \u043e slede\u0107im informacijama, a u vezi sa obradom od strane \u010dlanice TPA Grupe i to: TPA porezi i ra\u010dunovodstvo d.o.o. Beograd-Stari Grad, Makedonska 30, mati\u010dni broj: 21019445, TPA IT Solutions doo Beograd-Stari Grad, Makedonska 30\/3, mati\u010dni broj: 21295876 i TPA Revizija d.o.o. Beograd, Makedonska 30, mati\u010dni broj: 20738227 \u00a0(u daljem tekstu: TPA Grupa) , za potrebe web sajta (u daljem tekstu: TPA\/Rukovalac) podataka o li\u010dnosti Lica (u daljem tekstu: Lice na koje se podaci odnose):<\/p><h2>Rukovalac podataka<\/h2><p>\u010clanice TPA Grupe: TPA porezi i ra\u010dunovodstvo d.o.o. Beograd-Stari Grad, Makedonska 30, mati\u010dni broj: 21019445, TPA IT Solutions doo Beograd-Stari Grad, Makedonska 30\/3, mati\u010dni broj: 21295876 i TPA Revizija d.o.o. Beograd, Makedonska 30, mati\u010dni broj: 20738227 \u00a0su privredna dru\u0161tva koja su organizovana i posluju prema zakonima Republike Srbije,. Rukovalac podataka je vlasnik veb sajta (<a href=\"http:\/\/www.tpa-group.rs\">www.tpa-group.rs<\/a>).<\/p><h2>Kategorije podataka o li\u010dnosti koje se obra\u0111uju<\/h2><p>TPA grupa prikuplja, procesuira i koristi samo podatke koje podelite sa nama putem kontakt forme sajta i prijave na newslettter put sajta.<\/p><p>TPA grupa obra\u0111uje slede\u0107e kategorije podataka o li\u010dnosti:<\/p><ol><li>Ime i prezime<\/li><li>Telefon podnosioca prijave<\/li><li>Imejl podnosioca prijave<\/li><\/ol><h3>Pravni osnov za obradu<\/h3><p>Pravni osnov za obra\u0111ivanje Va\u0161ih podataka o li\u010dnosti mogu \u010diniti:<\/p><ol><li>Pristanak za obradu podataka o li\u010dnosti;<\/li><li>Legitimni interes TPA grupe za marketin\u0161ke, prodajne, newsletter i analiti\u010dke svrhe.<\/li><\/ol><p>\u00a0<\/p><h3>Svrha obrade podataka o li\u010dnosti<\/h3><p>TPA grupa prikuplja, procesuira i koristi Va\u0161e podatke o li\u010dnosti zakonski, eti\u010dki i transparentno.<\/p><p>Podaci o li\u010dnosti se prikupljaju i isklju\u010divo za marketin\u0161ke, prodajne, newsletter i analiti\u010dke svrhe.<\/p><p>U svojstvu rukovaoca TPA grupa obra\u0111uje podatke o li\u010dnosti u\u00a0slede\u0107e svrhe:<\/p><h3>Analize u cilju istra\u017eivanja tr\u017ei\u0161ta, marketinga i prodaje<\/h3><p><em>(obuhvata slede\u0107e podatke navedene u kontakt formi: naziv kompanije (ako postoji), ime i prezime podnosioca upita, adresa podnosioca prijave, telefon, imejl, sajt (ako postoji) i opis upita). <\/em><em>\u00a0<\/em><\/p><h3>Slanje drugih obave\u0161tenja vezano za realizaciju aktivnosti TPA Srbija u u elektronskom i \u0161tampanom formatu.<\/h3><p><em>(obuhvata slede\u0107e podatke navedene u kontakt formi: naziv kompanije (ako postoji), ime i prezime podnosioca upita, adresa podnosioca prijave, telefon, imejl, sajt (ako postoji) i opis upita).<\/em><\/p><h2>Primaoci li\u010dnih podataka<\/h2><p>Ne postoje primaoci li\u010dnih podataka.<\/p><p>TPA grupa \u00a0podatke o li\u010dnosti ne prodaje, ne poklanja i ne iznajmljuje.<\/p><p>Va\u0161i podaci o li\u010dnosti se prikupljaju i koriste samo od strane TPA Porezi i ra\u010dunovodstvo doo, TPA revizije i TPA IT Solutions, unutar na\u0161e organizacije.<\/p><h2>Rok \u010duvanja podataka<\/h2><p>Va\u0161i podaci o li\u010dnosti bi\u0107e \u010duvani i obra\u0111ivani u bazama TPA grupe sve dok je to neophodno za ostvarivanje svrha obrade, s tim da imate pravo i mogu\u0107nost da opozovete pristanak za obradu podataka u svakom trenutku.<\/p><h3>Prava lica na koje se podaci odnose u vezi sa obradom podataka o li\u010dnosti<\/h3><p>Mo\u017eete da tra\u017eite pristup, ispravku i dopunu ili brisanje podataka o li\u010dnosti, odnosno ograni\u010denje obrade podataka o li\u010dnosti, a imate i pravo na prigovor na obradu podataka o li\u010dnosti, pravo na prenosivost podataka, kao i pravo na preduzimanje pravnih sredstava u skladu sa Zakona odn. GDPR. Tako\u0111e, imate pravo na opoziv pristanka.<\/p><p>U svakom od ovih slu\u010dajeva vas molimo da po\u0161aljete poruku elektronskom po\u0161tom na\u00a0adresu office@tpa-group.rs, ako \u017eelite da iskoristite neko od svojih prava ili ukoliko imate dodatna pitanja u vezi sa privatno\u0161\u0107u. Na va\u0161 zahtev \u0107emo odgovoriti u skladu sa va\u017ee\u0107im zakonskim propisima.<strong>\u00a0<\/strong><\/p><h3>Pravo na pritu\u017ebu nadle\u017enom organu<\/h3><p>Lice na koje se podaci odnose ima pravo da ulo\u017ei pritu\u017ebu nadle\u017enom organu (Povereniku za informacije od javnog zna\u010daja i za\u0161titu podataka o li\u010dnosti, Bulevar Kralja Aleksandra 15, 11000 Beograd, Republika Srbija, <a href=\"http:\/\/www.poverenik.rs\">www.poverenik.rs<\/a> ili drugom nadle\u017enom organu) na obradu podataka o li\u010dnosti koji se odnose na njega\/nju.<\/p><h2>Kontakt\u00a0<\/h2><p>Ukoliko \u017eelite da nas kontaktirate u vezi sa obradom Va\u0161ih li\u010dnih podataka, molimo vas da po\u0161aljete poruku na slede\u0107u adresu:<\/p><p>Email:\u00a0<a href=\"mailto:office@tpa-group.rs\">office@tpa-group.rs<\/a> \u00a0<\/p><h3>PRISTANAK<\/h3><p>Ovim izjavljujem da dobrovoljno pristajem da TPA grupa mo\u017ee obra\u0111ivati moje podatke o li\u010dnosti navedene u Obave\u0161tenju, na u napred opisani na\u010din i u napred opisane svrhe, kako je navedeno u Obave\u0161tenju.<\/p><p>U potpunosti sam upoznat\/ta sa Obave\u0161tenjem koje mi je prezentovano od strane Rukovaoca pre potpisivanja ovog pristanka, koje je njegov sastavni deo i izjavljujem da sam u potpunosti saglasan\/na sa sadr\u017eajem Obave\u0161tenja.<\/p><p>Beograd, 24.10.2024.\u00a0 \u00a0 \u00a0 \u00a0 \u00a0 \u00a0 \u00a0 \u00a0 \u00a0<\/p><\/div><\/div>\t\t\t\t\t\t\t\t<\/div>\n\t\t\t\t<\/div>\n\t\t\t\t\t<\/div>\n\t\t\t\t<\/div>\n\t\t\t\t<\/div>\n\t\t","protected":false},"excerpt":{"rendered":"<p>OBAVE\u0160TENJE O OBRADI PODATAKA O LI\u010cNOSTI U skladu sa Op\u0161tom Uredbom o za\u0161titi podataka o li\u010dnosti (General Data Protection Regulation &#8211; Regulation ((EU) 2016\/679 &#8211; GDPR) i Zakonom o za\u0161titi podataka o li\u010dnosti (&#8222;Sl. glasnik RS&#8220;, br. 87\/2018) (u daljem tekstu: Zakon), ovim putem Vas obave\u0161tavamo \u043e slede\u0107im informacijama, a u vezi sa obradom od [&hellip;]<\/p>\n","protected":false},"author":28,"featured_media":0,"parent":0,"menu_order":0,"comment_status":"closed","ping_status":"closed","template":"","meta":{"_acf_changed":false,"footnotes":""},"class_list":["post-4489","page","type-page","status-publish","hentry"],"acf":[],"yoast_head":"<!-- This site is optimized with the Yoast SEO plugin v26.0 - https:\/\/yoast.com\/wordpress\/plugins\/seo\/ -->\n<title>Za\u0161tita podataka li\u010dnosti - www.tpa-group.rs<\/title>\n<meta name=\"robots\" content=\"index, follow, max-snippet:-1, max-image-preview:large, max-video-preview:-1\" \/>\n<link rel=\"canonical\" href=\"https:\/\/www.tpa-group.rs\/sr\/zastita-podataka-licnosti\/\" \/>\n<meta property=\"og:locale\" content=\"sr_RS\" \/>\n<meta property=\"og:type\" content=\"article\" \/>\n<meta property=\"og:title\" content=\"Za\u0161tita podataka li\u010dnosti - www.tpa-group.rs\" \/>\n<meta property=\"og:description\" content=\"OBAVE\u0160TENJE O OBRADI PODATAKA O LI\u010cNOSTI U skladu sa Op\u0161tom Uredbom o za\u0161titi podataka o li\u010dnosti (General Data Protection Regulation &#8211; Regulation ((EU) 2016\/679 &#8211; GDPR) i Zakonom o za\u0161titi podataka o li\u010dnosti (&#8222;Sl. glasnik RS&#8220;, br. 87\/2018) (u daljem tekstu: Zakon), ovim putem Vas obave\u0161tavamo \u043e slede\u0107im informacijama, a u vezi sa obradom od [&hellip;]\" \/>\n<meta property=\"og:url\" content=\"https:\/\/www.tpa-group.rs\/sr\/zastita-podataka-licnosti\/\" \/>\n<meta property=\"og:site_name\" content=\"www.tpa-group.rs\" \/>\n<meta property=\"article:modified_time\" content=\"2024-12-10T14:57:55+00:00\" \/>\n<meta name=\"twitter:card\" content=\"summary_large_image\" \/>\n<meta name=\"twitter:label1\" content=\"Est. reading time\" \/>\n\t<meta name=\"twitter:data1\" content=\"4 \u043c\u0438\u043d\u0443\u0442\u0430\" \/>\n<script type=\"application\/ld+json\" class=\"yoast-schema-graph\">{\"@context\":\"https:\/\/schema.org\",\"@graph\":[{\"@type\":\"WebPage\",\"@id\":\"https:\/\/www.tpa-group.rs\/sr\/zastita-podataka-licnosti\/\",\"url\":\"https:\/\/www.tpa-group.rs\/sr\/zastita-podataka-licnosti\/\",\"name\":\"Za\u0161tita podataka li\u010dnosti - www.tpa-group.rs\",\"isPartOf\":{\"@id\":\"https:\/\/www.tpa-group.rs\/sr\/#website\"},\"datePublished\":\"2024-10-10T10:15:07+00:00\",\"dateModified\":\"2024-12-10T14:57:55+00:00\",\"breadcrumb\":{\"@id\":\"https:\/\/www.tpa-group.rs\/sr\/zastita-podataka-licnosti\/#breadcrumb\"},\"inLanguage\":\"sr-RS\",\"potentialAction\":[{\"@type\":\"ReadAction\",\"target\":[\"https:\/\/www.tpa-group.rs\/sr\/zastita-podataka-licnosti\/\"]}]},{\"@type\":\"BreadcrumbList\",\"@id\":\"https:\/\/www.tpa-group.rs\/sr\/zastita-podataka-licnosti\/#breadcrumb\",\"itemListElement\":[{\"@type\":\"ListItem\",\"position\":1,\"name\":\"Home\",\"item\":\"https:\/\/www.tpa-group.rs\/sr\/\"},{\"@type\":\"ListItem\",\"position\":2,\"name\":\"Za\u0161tita podataka li\u010dnosti\"}]},{\"@type\":\"WebSite\",\"@id\":\"https:\/\/www.tpa-group.rs\/sr\/#website\",\"url\":\"https:\/\/www.tpa-group.rs\/sr\/\",\"name\":\"www.tpa-group.rs\",\"description\":\"\",\"publisher\":{\"@id\":\"https:\/\/www.tpa-group.rs\/sr\/#organization\"},\"potentialAction\":[{\"@type\":\"SearchAction\",\"target\":{\"@type\":\"EntryPoint\",\"urlTemplate\":\"https:\/\/www.tpa-group.rs\/sr\/?s={search_term_string}\"},\"query-input\":{\"@type\":\"PropertyValueSpecification\",\"valueRequired\":true,\"valueName\":\"search_term_string\"}}],\"inLanguage\":\"sr-RS\"},{\"@type\":\"Organization\",\"@id\":\"https:\/\/www.tpa-group.rs\/sr\/#organization\",\"name\":\"www.tpa-group.rs\",\"url\":\"https:\/\/www.tpa-group.rs\/sr\/\",\"logo\":{\"@type\":\"ImageObject\",\"inLanguage\":\"sr-RS\",\"@id\":\"https:\/\/www.tpa-group.rs\/sr\/#\/schema\/logo\/image\/\",\"url\":\"https:\/\/www.tpa-group.rs\/app\/uploads\/sites\/10\/2024\/02\/tpa-logo.svg\",\"contentUrl\":\"https:\/\/www.tpa-group.rs\/app\/uploads\/sites\/10\/2024\/02\/tpa-logo.svg\",\"caption\":\"www.tpa-group.rs\"},\"image\":{\"@id\":\"https:\/\/www.tpa-group.rs\/sr\/#\/schema\/logo\/image\/\"}}]}<\/script>\n<!-- \/ Yoast SEO plugin. -->","yoast_head_json":{"title":"Za\u0161tita podataka li\u010dnosti - www.tpa-group.rs","robots":{"index":"index","follow":"follow","max-snippet":"max-snippet:-1","max-image-preview":"max-image-preview:large","max-video-preview":"max-video-preview:-1"},"canonical":"https:\/\/www.tpa-group.rs\/sr\/zastita-podataka-licnosti\/","og_locale":"sr_RS","og_type":"article","og_title":"Za\u0161tita podataka li\u010dnosti - www.tpa-group.rs","og_description":"OBAVE\u0160TENJE O OBRADI PODATAKA O LI\u010cNOSTI U skladu sa Op\u0161tom Uredbom o za\u0161titi podataka o li\u010dnosti (General Data Protection Regulation &#8211; Regulation ((EU) 2016\/679 &#8211; GDPR) i Zakonom o za\u0161titi podataka o li\u010dnosti (&#8222;Sl. glasnik RS&#8220;, br. 87\/2018) (u daljem tekstu: Zakon), ovim putem Vas obave\u0161tavamo \u043e slede\u0107im informacijama, a u vezi sa obradom od [&hellip;]","og_url":"https:\/\/www.tpa-group.rs\/sr\/zastita-podataka-licnosti\/","og_site_name":"www.tpa-group.rs","article_modified_time":"2024-12-10T14:57:55+00:00","twitter_card":"summary_large_image","twitter_misc":{"Est. reading time":"4 \u043c\u0438\u043d\u0443\u0442\u0430"},"schema":{"@context":"https:\/\/schema.org","@graph":[{"@type":"WebPage","@id":"https:\/\/www.tpa-group.rs\/sr\/zastita-podataka-licnosti\/","url":"https:\/\/www.tpa-group.rs\/sr\/zastita-podataka-licnosti\/","name":"Za\u0161tita podataka li\u010dnosti - www.tpa-group.rs","isPartOf":{"@id":"https:\/\/www.tpa-group.rs\/sr\/#website"},"datePublished":"2024-10-10T10:15:07+00:00","dateModified":"2024-12-10T14:57:55+00:00","breadcrumb":{"@id":"https:\/\/www.tpa-group.rs\/sr\/zastita-podataka-licnosti\/#breadcrumb"},"inLanguage":"sr-RS","potentialAction":[{"@type":"ReadAction","target":["https:\/\/www.tpa-group.rs\/sr\/zastita-podataka-licnosti\/"]}]},{"@type":"BreadcrumbList","@id":"https:\/\/www.tpa-group.rs\/sr\/zastita-podataka-licnosti\/#breadcrumb","itemListElement":[{"@type":"ListItem","position":1,"name":"Home","item":"https:\/\/www.tpa-group.rs\/sr\/"},{"@type":"ListItem","position":2,"name":"Za\u0161tita podataka li\u010dnosti"}]},{"@type":"WebSite","@id":"https:\/\/www.tpa-group.rs\/sr\/#website","url":"https:\/\/www.tpa-group.rs\/sr\/","name":"www.tpa-group.rs","description":"","publisher":{"@id":"https:\/\/www.tpa-group.rs\/sr\/#organization"},"potentialAction":[{"@type":"SearchAction","target":{"@type":"EntryPoint","urlTemplate":"https:\/\/www.tpa-group.rs\/sr\/?s={search_term_string}"},"query-input":{"@type":"PropertyValueSpecification","valueRequired":true,"valueName":"search_term_string"}}],"inLanguage":"sr-RS"},{"@type":"Organization","@id":"https:\/\/www.tpa-group.rs\/sr\/#organization","name":"www.tpa-group.rs","url":"https:\/\/www.tpa-group.rs\/sr\/","logo":{"@type":"ImageObject","inLanguage":"sr-RS","@id":"https:\/\/www.tpa-group.rs\/sr\/#\/schema\/logo\/image\/","url":"https:\/\/www.tpa-group.rs\/app\/uploads\/sites\/10\/2024\/02\/tpa-logo.svg","contentUrl":"https:\/\/www.tpa-group.rs\/app\/uploads\/sites\/10\/2024\/02\/tpa-logo.svg","caption":"www.tpa-group.rs"},"image":{"@id":"https:\/\/www.tpa-group.rs\/sr\/#\/schema\/logo\/image\/"}}]}},"_links":{"self":[{"href":"https:\/\/www.tpa-group.rs\/sr\/wp-json\/wp\/v2\/pages\/4489","targetHints":{"allow":["GET"]}}],"collection":[{"href":"https:\/\/www.tpa-group.rs\/sr\/wp-json\/wp\/v2\/pages"}],"about":[{"href":"https:\/\/www.tpa-group.rs\/sr\/wp-json\/wp\/v2\/types\/page"}],"author":[{"embeddable":true,"href":"https:\/\/www.tpa-group.rs\/sr\/wp-json\/wp\/v2\/users\/28"}],"replies":[{"embeddable":true,"href":"https:\/\/www.tpa-group.rs\/sr\/wp-json\/wp\/v2\/comments?post=4489"}],"version-history":[{"count":7,"href":"https:\/\/www.tpa-group.rs\/sr\/wp-json\/wp\/v2\/pages\/4489\/revisions"}],"predecessor-version":[{"id":4897,"href":"https:\/\/www.tpa-group.rs\/sr\/wp-json\/wp\/v2\/pages\/4489\/revisions\/4897"}],"wp:attachment":[{"href":"https:\/\/www.tpa-group.rs\/sr\/wp-json\/wp\/v2\/media?parent=4489"}],"curies":[{"name":"wp","href":"https:\/\/api.w.org\/{rel}","templated":true}]}}