{"id":4975,"date":"2024-06-19T10:54:55","date_gmt":"2024-06-19T10:54:55","guid":{"rendered":"https:\/\/www.tpa-group.rs\/?page_id=4975"},"modified":"2024-12-20T11:16:06","modified_gmt":"2024-12-20T11:16:06","slug":"o-nama","status":"publish","type":"page","link":"https:\/\/www.tpa-group.rs\/sr\/o-nama\/","title":{"rendered":"O nama"},"content":{"rendered":"\t\t<div data-elementor-type=\"wp-page\" data-elementor-id=\"4975\" class=\"elementor elementor-4975 elementor-1684\" data-elementor-post-type=\"page\">\n\t\t\t\t\t\t<section class=\"elementor-section elementor-top-section elementor-element elementor-element-96e8873 hero-banner elementor-section-boxed elementor-section-height-default elementor-section-height-default\" data-id=\"96e8873\" data-element_type=\"section\">\n\t\t\t\t\t\t<div class=\"elementor-container elementor-column-gap-default\">\n\t\t\t\t\t<div class=\"elementor-column elementor-col-50 elementor-top-column elementor-element elementor-element-42ed99f\" data-id=\"42ed99f\" data-element_type=\"column\">\n\t\t\t<div class=\"elementor-widget-wrap elementor-element-populated\">\n\t\t\t\t\t\t<section class=\"elementor-section elementor-inner-section elementor-element elementor-element-d75ad80 hero-banner-breadcrumbs-container elementor-section-boxed elementor-section-height-default elementor-section-height-default\" data-id=\"d75ad80\" data-element_type=\"section\">\n\t\t\t\t\t\t<div class=\"elementor-container elementor-column-gap-default\">\n\t\t\t\t\t<div class=\"elementor-column elementor-col-100 elementor-inner-column elementor-element elementor-element-7bab13d\" data-id=\"7bab13d\" data-element_type=\"column\">\n\t\t\t<div class=\"elementor-widget-wrap elementor-element-populated\">\n\t\t\t\t\t\t<div class=\"elementor-element elementor-element-d66be4f elementor-widget elementor-widget-heading\" data-id=\"d66be4f\" data-element_type=\"widget\" data-widget_type=\"heading.default\">\n\t\t\t\t<div class=\"elementor-widget-container\">\n\t\t\t\t\t<p class=\"elementor-heading-title elementor-size-default\"><a href=\"\/\">Home |&nbsp;<\/a><\/p>\t\t\t\t<\/div>\n\t\t\t\t<\/div>\n\t\t\t\t<div class=\"elementor-element elementor-element-436403d elementor-widget elementor-widget-heading\" data-id=\"436403d\" data-element_type=\"widget\" data-widget_type=\"heading.default\">\n\t\t\t\t<div class=\"elementor-widget-container\">\n\t\t\t\t\t<p class=\"elementor-heading-title elementor-size-default\">O nama<\/p>\t\t\t\t<\/div>\n\t\t\t\t<\/div>\n\t\t\t\t\t<\/div>\n\t\t<\/div>\n\t\t\t\t\t<\/div>\n\t\t<\/section>\n\t\t\t\t<div class=\"elementor-element elementor-element-2d23197 elementor-widget elementor-widget-heading\" data-id=\"2d23197\" data-element_type=\"widget\" data-widget_type=\"heading.default\">\n\t\t\t\t<div class=\"elementor-widget-container\">\n\t\t\t\t\t<h1 class=\"elementor-heading-title elementor-size-default\">Dobrodo\u0161li u TPA Grupu!\n<\/h1>\t\t\t\t<\/div>\n\t\t\t\t<\/div>\n\t\t\t\t<div class=\"elementor-element elementor-element-f532f93 elementor-widget elementor-widget-text-editor\" data-id=\"f532f93\" data-element_type=\"widget\" data-widget_type=\"text-editor.default\">\n\t\t\t\t<div class=\"elementor-widget-container\">\n\t\t\t\t\t\t\t\t\t<p>Da li tragate za partnerom koji razume va\u0161e potrebe? Koji govori va\u0161 jezik, poznaje poslovanje kojim se bavite i koji \u0107e strpljivo saslu\u0161ati ono \u0161to vas brine?<\/p><p>\u00a0<\/p>\t\t\t\t\t\t\t\t<\/div>\n\t\t\t\t<\/div>\n\t\t\t\t\t<\/div>\n\t\t<\/div>\n\t\t\t\t<div class=\"elementor-column elementor-col-50 elementor-top-column elementor-element elementor-element-2becafe\" data-id=\"2becafe\" data-element_type=\"column\">\n\t\t\t<div class=\"elementor-widget-wrap\">\n\t\t\t\t\t\t\t<\/div>\n\t\t<\/div>\n\t\t\t\t\t<\/div>\n\t\t<\/section>\n\t\t<div class=\"elementor-element elementor-element-4e01212 page-content-container e-flex e-con-boxed e-con e-parent\" data-id=\"4e01212\" data-element_type=\"container\" data-settings=\"{&quot;background_background&quot;:&quot;classic&quot;}\">\n\t\t\t\t\t<div class=\"e-con-inner\">\n\t\t\t\t<div class=\"elementor-element elementor-element-161ddce elementor-widget elementor-widget-text-editor\" data-id=\"161ddce\" data-element_type=\"widget\" data-widget_type=\"text-editor.default\">\n\t\t\t\t<div class=\"elementor-widget-container\">\n\t\t\t\t\t\t\t\t\t<p>U tom slu\u010daju je TPA Grupa pravi poslovni partner za vas. Na\u0161e najva\u017enije alatke nisu d\u017eepni ra\u010dunari, ogromni tabelarni pregledi ili najnovije tehnologije, ve\u0107 oko koje sve pomno posmatra, uho koje sve pa\u017eljivo slu\u0161a, dobar nos i po\u0161ten razgovor.<\/p><p>Samo oni koji komuniciraju na ravnopravnim osnovama i koji se mogu identifikovati sa svakim projektom na\u0107i \u0107e re\u0161enje koje im najvi\u0161e odgovara. To je ono \u0161to mi podrazumevamo pod pojmom\u00a0<em>poslovanje licem u lice<\/em>, i upravo to radimo. I stalno tako, na regionalnom i na me\u0111unarodnom nivou. Na poljima\u00a0<strong>pru\u017eanja saveta o\u00a0<a href=\"https:\/\/www.tpa-group.rs\/sr\/the-tpa-services-sr\/poresko-savetovanje\/\">porezima<\/a>,\u00a0<a href=\"https:\/\/www.tpa-group.rs\/sr\/the-tpa-services-sr\/racunovodstvo\/\">ra\u010dunovodstva<\/a>,\u00a0<a href=\"https:\/\/www.tpa-group.rs\/sr\/the-tpa-services-sr\/revizija\/\">revizije<\/a>\u00a0i\u00a0<a href=\"https:\/\/www.tpa-group.rs\/sr\/the-tpa-services-sr\/poslovno-savetovanje\/\">davanja saveta op\u0161te prirode<\/a>.<\/strong><\/p>\t\t\t\t\t\t\t\t<\/div>\n\t\t\t\t<\/div>\n\t\t\t\t<div class=\"elementor-element elementor-element-5adbae0 elementor-widget elementor-widget-heading\" data-id=\"5adbae0\" data-element_type=\"widget\" data-widget_type=\"heading.default\">\n\t\t\t\t<div class=\"elementor-widget-container\">\n\t\t\t\t\t<h2 class=\"elementor-heading-title elementor-size-default\">12 zemalja. 1 kompanija. TPA Grupa.<\/h2>\t\t\t\t<\/div>\n\t\t\t\t<\/div>\n\t\t\t\t<div class=\"elementor-element elementor-element-9b41dba elementor-widget elementor-widget-text-editor\" data-id=\"9b41dba\" data-element_type=\"widget\" data-widget_type=\"text-editor.default\">\n\t\t\t\t<div class=\"elementor-widget-container\">\n\t\t\t\t\t\t\t\t\t<p>TPA Grupa vam stoji na raspolaganju u zemljama centralne i jugoisto\u010dne Evrope: u Albaniji, Austriji, Bugarskoj, Ma\u0111arskoj, Poljskoj, Republici \u010ce\u0161koj, Rumuniji, Srbiji, Slova\u010dkoj, Sloveniji, Hrvatskoj i Crnoj Gori. Oko 1.850 zaposlenih koji rade na 30 lokacija u dvanaest zemalja vode brigu o onome \u0161to vas brine.<\/p>\t\t\t\t\t\t\t\t<\/div>\n\t\t\t\t<\/div>\n\t\t\t\t<div class=\"elementor-element elementor-element-8e150e9 elementor-widget elementor-widget-heading\" data-id=\"8e150e9\" data-element_type=\"widget\" data-widget_type=\"heading.default\">\n\t\t\t\t<div class=\"elementor-widget-container\">\n\t\t\t\t\t<h2 class=\"elementor-heading-title elementor-size-default\">TPA Grupa: regionalni koreni. Mre\u017ea u celom svetu.\u200b<\/h2>\t\t\t\t<\/div>\n\t\t\t\t<\/div>\n\t\t\t\t<div class=\"elementor-element elementor-element-687f84f elementor-widget elementor-widget-text-editor\" data-id=\"687f84f\" data-element_type=\"widget\" data-widget_type=\"text-editor.default\">\n\t\t\t\t<div class=\"elementor-widget-container\">\n\t\t\t\t\t\t\t\t\t<p>TPA Grupa je nezavisan \u010dlan alijanse \u201eBaker Tilly Europe\u201c i zahvaljuju\u0107i toj \u010dinjenici u stanju je da svojim klijentima obezbedi mre\u017eu u celom svetu savetnika za poreska pitanja, revizore i konsultante.<\/p><p>Zbog na\u0161e povezanosti sa mre\u017eom \u201eBaker Tilly International\u201c, dvanaest zemalja nezavisne TPA Grupe savr\u0161eno je povezano na globalnom nivou i u stanju smo da pru\u017eamo usluge visokog kvaliteta u svim glavnim poslovnim centrima i regionima sveta.<\/p><p>Mre\u017ea \u201eThe Baker Tilly International\u201c u ovom se trenutku sastoji od 126 nezavisnih \u010dlanova u 150 zemalja i ukupno zapo\u0161ljava preko 41.360 lica u 703 kancelarija. Na taj na\u010din ona je me\u0111u prvih 10 globalnih konsultantskih mre\u017ea.<\/p>\t\t\t\t\t\t\t\t<\/div>\n\t\t\t\t<\/div>\n\t\t\t\t\t<\/div>\n\t\t\t\t<\/div>\n\t\t<div class=\"elementor-element elementor-element-7441080 e-flex e-con-boxed e-con e-parent\" data-id=\"7441080\" data-element_type=\"container\" data-settings=\"{&quot;background_background&quot;:&quot;classic&quot;}\">\n\t\t\t\t\t<div class=\"e-con-inner\">\n\t\t<div class=\"elementor-element elementor-element-81a1dc8 e-flex e-con-boxed e-con e-child\" data-id=\"81a1dc8\" data-element_type=\"container\">\n\t\t\t\t\t<div class=\"e-con-inner\">\n\t\t\t\t<div class=\"elementor-element elementor-element-dbf79c5 elementor-widget elementor-widget-posts-card-grid\" data-id=\"dbf79c5\" data-element_type=\"widget\" data-settings=\"{&quot;posts_card_grid_content_type&quot;:&quot;post&quot;,&quot;posts_card_grid_category&quot;:&quot;53&quot;,&quot;posts_card_grid_order&quot;:&quot;ASC&quot;,&quot;posts_card_grid_order_by&quot;:&quot;date&quot;}\" data-widget_type=\"posts-card-grid.default\">\n\t\t\t\t<div class=\"elementor-widget-container\">\n\t\t\t\t\t\t \t<div \n\t \t\tclass=\"posts-card-grid-container\" \n \t\t>   \n\n\t\t\t\t  <div class=\"posts-grid\" style=\"opacity: 0;\">\n\n\t\t  \t<div class=\"posts-grid-sizer\"><\/div>\n\t\t    \t\n\t\t        \t<div class=\"posts-grid-item\">\n\t\t        \t\t\t        \t\t\t<a href=\"https:\/\/www.tpa-group.rs\/sr\/tpa-usluge\/revizija\/\">\n\n\t\t        \t\t\t        \t\t\t\t\t\t<p class=\"main-category\">Revizija<\/p>\n\t        \t\t\t\t\t\t\t        \t\t<div class=\"img-container\">\n\t\t\t        \t\t\t<img decoding=\"async\" class=\"post-image\" src=\"https:\/\/www.tpa-group.rs\/app\/uploads\/sites\/10\/2024\/02\/120.jpg\" alt=\"Revizija\">\n\t\t        \t\t\t\t\t\t\t        \t\t<\/div>\n        \t\t\t\t<\/a>\n\n        \t\t\t\t\t\t        \t<\/div>\n\t\t        \t\n\t\t        \t<div class=\"posts-grid-item\">\n\t\t        \t\t\t        \t\t\t<a href=\"https:\/\/www.tpa-group.rs\/sr\/tpa-usluge\/poresko-savetovanje\/\">\n\n\t\t        \t\t\t        \t\t\t\t\t\t<p class=\"main-category\">Poresko savetovanje<\/p>\n\t        \t\t\t\t\t\t\t        \t\t<div class=\"img-container\">\n\t\t\t        \t\t\t<img decoding=\"async\" class=\"post-image\" src=\"https:\/\/www.tpa-group.rs\/app\/uploads\/sites\/10\/2024\/02\/TPA-Steuerberatung-GmbH-Leistungen-Steuerberatung-1024x684-1.jpg\" alt=\"Poresko savetovanje\">\n\t\t        \t\t\t\t\t\t\t        \t\t<\/div>\n        \t\t\t\t<\/a>\n\n        \t\t\t\t\t\t        \t<\/div>\n\t\t        \t\n\t\t        \t<div class=\"posts-grid-item\">\n\t\t        \t\t\t        \t\t\t<a href=\"https:\/\/www.tpa-group.rs\/sr\/tpa-usluge\/racunovodstvo\/\">\n\n\t\t        \t\t\t        \t\t\t\t\t\t<p class=\"main-category\">Ra\u010dunovodstvo<\/p>\n\t        \t\t\t\t\t\t\t        \t\t<div class=\"img-container\">\n\t\t\t        \t\t\t<img decoding=\"async\" class=\"post-image\" src=\"https:\/\/www.tpa-group.rs\/app\/uploads\/sites\/10\/2024\/02\/accounting-services-outsourcing-working-together-service-consulting-buchhaltung.jpg\" alt=\"Ra\u010dunovodstvo\">\n\t\t        \t\t\t\t\t\t\t        \t\t<\/div>\n        \t\t\t\t<\/a>\n\n        \t\t\t\t\t\t        \t<\/div>\n\t\t        \t\n\t\t        \t<div class=\"posts-grid-item\">\n\t\t        \t\t\t        \t\t\t<a href=\"https:\/\/www.tpa-group.rs\/sr\/tpa-usluge\/poslovno-savetovanje\/\">\n\n\t\t        \t\t\t        \t\t\t\t\t\t<p class=\"main-category\">Poslovno savetovanje<\/p>\n\t        \t\t\t\t\t\t\t        \t\t<div class=\"img-container\">\n\t\t\t        \t\t\t<img decoding=\"async\" class=\"post-image\" src=\"https:\/\/www.tpa-group.rs\/app\/uploads\/sites\/10\/2024\/04\/TPA-Steuerberatung-Financial_Due-Diligence.jpg\" alt=\"Poslovno savetovanje\">\n\t\t        \t\t\t\t\t\t\t        \t\t<\/div>\n        \t\t\t\t<\/a>\n\n        \t\t\t\t\t\t        \t<\/div>\n\t\t        \t\t  <\/div>\n\t\t  \t\t\n\t\t\n\n\t\t\t \t<\/div>\n\t\t\t\t\t\t<\/div>\n\t\t\t\t<\/div>\n\t\t\t\t\t<\/div>\n\t\t\t\t<\/div>\n\t\t\t\t\t<\/div>\n\t\t\t\t<\/div>\n\t\t\t\t<\/div>\n\t\t","protected":false},"excerpt":{"rendered":"<p>Home |&nbsp; O nama Dobrodo\u0161li u TPA Grupu! Da li tragate za partnerom koji razume va\u0161e potrebe? Koji govori va\u0161 jezik, poznaje poslovanje kojim se bavite i koji \u0107e strpljivo saslu\u0161ati ono \u0161to vas brine? \u00a0 U tom slu\u010daju je TPA Grupa pravi poslovni partner za vas. Na\u0161e najva\u017enije alatke nisu d\u017eepni ra\u010dunari, ogromni tabelarni [&hellip;]<\/p>\n","protected":false},"author":28,"featured_media":0,"parent":0,"menu_order":0,"comment_status":"closed","ping_status":"closed","template":"","meta":{"_acf_changed":false,"footnotes":""},"class_list":["post-4975","page","type-page","status-publish","hentry"],"acf":[],"yoast_head":"<!-- This site is optimized with the Yoast SEO plugin v26.0 - https:\/\/yoast.com\/wordpress\/plugins\/seo\/ -->\n<title>O nama - www.tpa-group.rs<\/title>\n<meta name=\"robots\" content=\"index, follow, max-snippet:-1, max-image-preview:large, max-video-preview:-1\" \/>\n<link rel=\"canonical\" href=\"https:\/\/www.tpa-group.rs\/sr\/o-nama\/\" \/>\n<meta property=\"og:locale\" content=\"sr_RS\" \/>\n<meta property=\"og:type\" content=\"article\" \/>\n<meta property=\"og:title\" content=\"O nama - www.tpa-group.rs\" \/>\n<meta property=\"og:description\" content=\"Home |&nbsp; O nama Dobrodo\u0161li u TPA Grupu! Da li tragate za partnerom koji razume va\u0161e potrebe? Koji govori va\u0161 jezik, poznaje poslovanje kojim se bavite i koji \u0107e strpljivo saslu\u0161ati ono \u0161to vas brine? \u00a0 U tom slu\u010daju je TPA Grupa pravi poslovni partner za vas. Na\u0161e najva\u017enije alatke nisu d\u017eepni ra\u010dunari, ogromni tabelarni [&hellip;]\" \/>\n<meta property=\"og:url\" content=\"https:\/\/www.tpa-group.rs\/sr\/o-nama\/\" \/>\n<meta property=\"og:site_name\" content=\"www.tpa-group.rs\" \/>\n<meta property=\"article:modified_time\" content=\"2024-12-20T11:16:06+00:00\" \/>\n<meta property=\"og:image\" content=\"https:\/\/www.tpa-group.rs\/app\/uploads\/sites\/10\/2024\/02\/120-1024x683.jpg\" \/>\n<meta name=\"twitter:card\" content=\"summary_large_image\" \/>\n<meta name=\"twitter:label1\" content=\"Est. reading time\" \/>\n\t<meta name=\"twitter:data1\" content=\"3 \u043c\u0438\u043d\u0443\u0442\u0430\" \/>\n<script type=\"application\/ld+json\" class=\"yoast-schema-graph\">{\"@context\":\"https:\/\/schema.org\",\"@graph\":[{\"@type\":\"WebPage\",\"@id\":\"https:\/\/www.tpa-group.rs\/sr\/o-nama\/\",\"url\":\"https:\/\/www.tpa-group.rs\/sr\/o-nama\/\",\"name\":\"O nama - www.tpa-group.rs\",\"isPartOf\":{\"@id\":\"https:\/\/www.tpa-group.rs\/sr\/#website\"},\"primaryImageOfPage\":{\"@id\":\"https:\/\/www.tpa-group.rs\/sr\/o-nama\/#primaryimage\"},\"image\":{\"@id\":\"https:\/\/www.tpa-group.rs\/sr\/o-nama\/#primaryimage\"},\"thumbnailUrl\":\"https:\/\/www.tpa-group.rs\/app\/uploads\/sites\/10\/2024\/02\/120-1024x683.jpg\",\"datePublished\":\"2024-06-19T10:54:55+00:00\",\"dateModified\":\"2024-12-20T11:16:06+00:00\",\"breadcrumb\":{\"@id\":\"https:\/\/www.tpa-group.rs\/sr\/o-nama\/#breadcrumb\"},\"inLanguage\":\"sr-RS\",\"potentialAction\":[{\"@type\":\"ReadAction\",\"target\":[\"https:\/\/www.tpa-group.rs\/sr\/o-nama\/\"]}]},{\"@type\":\"ImageObject\",\"inLanguage\":\"sr-RS\",\"@id\":\"https:\/\/www.tpa-group.rs\/sr\/o-nama\/#primaryimage\",\"url\":\"https:\/\/www.tpa-group.rs\/app\/uploads\/sites\/10\/2024\/02\/120-1024x683.jpg\",\"contentUrl\":\"https:\/\/www.tpa-group.rs\/app\/uploads\/sites\/10\/2024\/02\/120-1024x683.jpg\"},{\"@type\":\"BreadcrumbList\",\"@id\":\"https:\/\/www.tpa-group.rs\/sr\/o-nama\/#breadcrumb\",\"itemListElement\":[{\"@type\":\"ListItem\",\"position\":1,\"name\":\"Home\",\"item\":\"https:\/\/www.tpa-group.rs\/sr\/\"},{\"@type\":\"ListItem\",\"position\":2,\"name\":\"O nama\"}]},{\"@type\":\"WebSite\",\"@id\":\"https:\/\/www.tpa-group.rs\/sr\/#website\",\"url\":\"https:\/\/www.tpa-group.rs\/sr\/\",\"name\":\"www.tpa-group.rs\",\"description\":\"\",\"publisher\":{\"@id\":\"https:\/\/www.tpa-group.rs\/sr\/#organization\"},\"potentialAction\":[{\"@type\":\"SearchAction\",\"target\":{\"@type\":\"EntryPoint\",\"urlTemplate\":\"https:\/\/www.tpa-group.rs\/sr\/?s={search_term_string}\"},\"query-input\":{\"@type\":\"PropertyValueSpecification\",\"valueRequired\":true,\"valueName\":\"search_term_string\"}}],\"inLanguage\":\"sr-RS\"},{\"@type\":\"Organization\",\"@id\":\"https:\/\/www.tpa-group.rs\/sr\/#organization\",\"name\":\"www.tpa-group.rs\",\"url\":\"https:\/\/www.tpa-group.rs\/sr\/\",\"logo\":{\"@type\":\"ImageObject\",\"inLanguage\":\"sr-RS\",\"@id\":\"https:\/\/www.tpa-group.rs\/sr\/#\/schema\/logo\/image\/\",\"url\":\"https:\/\/www.tpa-group.rs\/app\/uploads\/sites\/10\/2024\/02\/tpa-logo.svg\",\"contentUrl\":\"https:\/\/www.tpa-group.rs\/app\/uploads\/sites\/10\/2024\/02\/tpa-logo.svg\",\"caption\":\"www.tpa-group.rs\"},\"image\":{\"@id\":\"https:\/\/www.tpa-group.rs\/sr\/#\/schema\/logo\/image\/\"}}]}<\/script>\n<!-- \/ Yoast SEO plugin. -->","yoast_head_json":{"title":"O nama - www.tpa-group.rs","robots":{"index":"index","follow":"follow","max-snippet":"max-snippet:-1","max-image-preview":"max-image-preview:large","max-video-preview":"max-video-preview:-1"},"canonical":"https:\/\/www.tpa-group.rs\/sr\/o-nama\/","og_locale":"sr_RS","og_type":"article","og_title":"O nama - www.tpa-group.rs","og_description":"Home |&nbsp; O nama Dobrodo\u0161li u TPA Grupu! Da li tragate za partnerom koji razume va\u0161e potrebe? Koji govori va\u0161 jezik, poznaje poslovanje kojim se bavite i koji \u0107e strpljivo saslu\u0161ati ono \u0161to vas brine? \u00a0 U tom slu\u010daju je TPA Grupa pravi poslovni partner za vas. Na\u0161e najva\u017enije alatke nisu d\u017eepni ra\u010dunari, ogromni tabelarni [&hellip;]","og_url":"https:\/\/www.tpa-group.rs\/sr\/o-nama\/","og_site_name":"www.tpa-group.rs","article_modified_time":"2024-12-20T11:16:06+00:00","og_image":[{"url":"https:\/\/www.tpa-group.rs\/app\/uploads\/sites\/10\/2024\/02\/120-1024x683.jpg","type":"","width":"","height":""}],"twitter_card":"summary_large_image","twitter_misc":{"Est. reading time":"3 \u043c\u0438\u043d\u0443\u0442\u0430"},"schema":{"@context":"https:\/\/schema.org","@graph":[{"@type":"WebPage","@id":"https:\/\/www.tpa-group.rs\/sr\/o-nama\/","url":"https:\/\/www.tpa-group.rs\/sr\/o-nama\/","name":"O nama - www.tpa-group.rs","isPartOf":{"@id":"https:\/\/www.tpa-group.rs\/sr\/#website"},"primaryImageOfPage":{"@id":"https:\/\/www.tpa-group.rs\/sr\/o-nama\/#primaryimage"},"image":{"@id":"https:\/\/www.tpa-group.rs\/sr\/o-nama\/#primaryimage"},"thumbnailUrl":"https:\/\/www.tpa-group.rs\/app\/uploads\/sites\/10\/2024\/02\/120-1024x683.jpg","datePublished":"2024-06-19T10:54:55+00:00","dateModified":"2024-12-20T11:16:06+00:00","breadcrumb":{"@id":"https:\/\/www.tpa-group.rs\/sr\/o-nama\/#breadcrumb"},"inLanguage":"sr-RS","potentialAction":[{"@type":"ReadAction","target":["https:\/\/www.tpa-group.rs\/sr\/o-nama\/"]}]},{"@type":"ImageObject","inLanguage":"sr-RS","@id":"https:\/\/www.tpa-group.rs\/sr\/o-nama\/#primaryimage","url":"https:\/\/www.tpa-group.rs\/app\/uploads\/sites\/10\/2024\/02\/120-1024x683.jpg","contentUrl":"https:\/\/www.tpa-group.rs\/app\/uploads\/sites\/10\/2024\/02\/120-1024x683.jpg"},{"@type":"BreadcrumbList","@id":"https:\/\/www.tpa-group.rs\/sr\/o-nama\/#breadcrumb","itemListElement":[{"@type":"ListItem","position":1,"name":"Home","item":"https:\/\/www.tpa-group.rs\/sr\/"},{"@type":"ListItem","position":2,"name":"O nama"}]},{"@type":"WebSite","@id":"https:\/\/www.tpa-group.rs\/sr\/#website","url":"https:\/\/www.tpa-group.rs\/sr\/","name":"www.tpa-group.rs","description":"","publisher":{"@id":"https:\/\/www.tpa-group.rs\/sr\/#organization"},"potentialAction":[{"@type":"SearchAction","target":{"@type":"EntryPoint","urlTemplate":"https:\/\/www.tpa-group.rs\/sr\/?s={search_term_string}"},"query-input":{"@type":"PropertyValueSpecification","valueRequired":true,"valueName":"search_term_string"}}],"inLanguage":"sr-RS"},{"@type":"Organization","@id":"https:\/\/www.tpa-group.rs\/sr\/#organization","name":"www.tpa-group.rs","url":"https:\/\/www.tpa-group.rs\/sr\/","logo":{"@type":"ImageObject","inLanguage":"sr-RS","@id":"https:\/\/www.tpa-group.rs\/sr\/#\/schema\/logo\/image\/","url":"https:\/\/www.tpa-group.rs\/app\/uploads\/sites\/10\/2024\/02\/tpa-logo.svg","contentUrl":"https:\/\/www.tpa-group.rs\/app\/uploads\/sites\/10\/2024\/02\/tpa-logo.svg","caption":"www.tpa-group.rs"},"image":{"@id":"https:\/\/www.tpa-group.rs\/sr\/#\/schema\/logo\/image\/"}}]}},"_links":{"self":[{"href":"https:\/\/www.tpa-group.rs\/sr\/wp-json\/wp\/v2\/pages\/4975","targetHints":{"allow":["GET"]}}],"collection":[{"href":"https:\/\/www.tpa-group.rs\/sr\/wp-json\/wp\/v2\/pages"}],"about":[{"href":"https:\/\/www.tpa-group.rs\/sr\/wp-json\/wp\/v2\/types\/page"}],"author":[{"embeddable":true,"href":"https:\/\/www.tpa-group.rs\/sr\/wp-json\/wp\/v2\/users\/28"}],"replies":[{"embeddable":true,"href":"https:\/\/www.tpa-group.rs\/sr\/wp-json\/wp\/v2\/comments?post=4975"}],"version-history":[{"count":5,"href":"https:\/\/www.tpa-group.rs\/sr\/wp-json\/wp\/v2\/pages\/4975\/revisions"}],"predecessor-version":[{"id":4980,"href":"https:\/\/www.tpa-group.rs\/sr\/wp-json\/wp\/v2\/pages\/4975\/revisions\/4980"}],"wp:attachment":[{"href":"https:\/\/www.tpa-group.rs\/sr\/wp-json\/wp\/v2\/media?parent=4975"}],"curies":[{"name":"wp","href":"https:\/\/api.w.org\/{rel}","templated":true}]}}