{"id":547,"date":"2024-02-21T08:33:59","date_gmt":"2024-02-21T08:33:59","guid":{"rendered":"https:\/\/www.tpa-group.rs\/industries-sr\/"},"modified":"2024-10-11T12:36:59","modified_gmt":"2024-10-11T12:36:59","slug":"industrije","status":"publish","type":"page","link":"https:\/\/www.tpa-group.rs\/sr\/industrije\/","title":{"rendered":"Industrije"},"content":{"rendered":"\t\t<div data-elementor-type=\"wp-page\" data-elementor-id=\"547\" class=\"elementor elementor-547 elementor-13\" data-elementor-post-type=\"page\">\n\t\t\t\t\t\t<section class=\"elementor-section elementor-top-section elementor-element elementor-element-2baa2fd7 hero-banner elementor-section-boxed elementor-section-height-default elementor-section-height-default\" data-id=\"2baa2fd7\" data-element_type=\"section\">\n\t\t\t\t\t\t<div class=\"elementor-container elementor-column-gap-default\">\n\t\t\t\t\t<div class=\"elementor-column elementor-col-50 elementor-top-column elementor-element elementor-element-73cfe38c\" data-id=\"73cfe38c\" data-element_type=\"column\">\n\t\t\t<div class=\"elementor-widget-wrap elementor-element-populated\">\n\t\t\t\t\t\t<section class=\"elementor-section elementor-inner-section elementor-element elementor-element-47c7b7b0 hero-banner-breadcrumbs-container elementor-section-boxed elementor-section-height-default elementor-section-height-default\" data-id=\"47c7b7b0\" data-element_type=\"section\">\n\t\t\t\t\t\t<div class=\"elementor-container elementor-column-gap-default\">\n\t\t\t\t\t<div class=\"elementor-column elementor-col-100 elementor-inner-column elementor-element elementor-element-14d6cb49\" data-id=\"14d6cb49\" data-element_type=\"column\">\n\t\t\t<div class=\"elementor-widget-wrap elementor-element-populated\">\n\t\t\t\t\t\t<div class=\"elementor-element elementor-element-78508337 elementor-widget elementor-widget-heading\" data-id=\"78508337\" data-element_type=\"widget\" data-widget_type=\"heading.default\">\n\t\t\t\t<div class=\"elementor-widget-container\">\n\t\t\t\t\t<p class=\"elementor-heading-title elementor-size-default\"><a href=\"\/?lang=en\">Naslovna |&nbsp;<\/a><\/p>\t\t\t\t<\/div>\n\t\t\t\t<\/div>\n\t\t\t\t<div class=\"elementor-element elementor-element-73e3724c elementor-widget elementor-widget-heading\" data-id=\"73e3724c\" data-element_type=\"widget\" data-widget_type=\"heading.default\">\n\t\t\t\t<div class=\"elementor-widget-container\">\n\t\t\t\t\t<p class=\"elementor-heading-title elementor-size-default\">Industrije<\/p>\t\t\t\t<\/div>\n\t\t\t\t<\/div>\n\t\t\t\t\t<\/div>\n\t\t<\/div>\n\t\t\t\t\t<\/div>\n\t\t<\/section>\n\t\t\t\t<div class=\"elementor-element elementor-element-66a7a6d9 elementor-widget elementor-widget-heading\" data-id=\"66a7a6d9\" data-element_type=\"widget\" data-widget_type=\"heading.default\">\n\t\t\t\t<div class=\"elementor-widget-container\">\n\t\t\t\t\t<h1 class=\"elementor-heading-title elementor-size-default\">Industrije<\/h1>\t\t\t\t<\/div>\n\t\t\t\t<\/div>\n\t\t\t\t<div class=\"elementor-element elementor-element-7d94fff0 elementor-widget elementor-widget-text-editor\" data-id=\"7d94fff0\" data-element_type=\"widget\" data-widget_type=\"text-editor.default\">\n\t\t\t\t<div class=\"elementor-widget-container\">\n\t\t\t\t\t\t\t\t\t<p>Svaki sektor ima svoja pravila. \u0160to bolje razumete pravila sektora, to bolje mo\u017eete savetovati svoje klijente. Za nas, poslovanje licem u lice zna\u010di konsultantski pristup na nivou o\u010diju kako bismo vas odveli napred. Govorimo va\u0161im jezikom i poznajemo izazove va\u0161eg tr\u017ei\u0161ta. Na\u0161i stru\u010dnjaci objedinjuju specijalizovano znanje sektora sa stra\u0161\u0107u i ljubavlju prema detaljima.<\/p>\t\t\t\t\t\t\t\t<\/div>\n\t\t\t\t<\/div>\n\t\t\t\t\t<\/div>\n\t\t<\/div>\n\t\t\t\t<div class=\"elementor-column elementor-col-50 elementor-top-column elementor-element elementor-element-625bec5d\" data-id=\"625bec5d\" data-element_type=\"column\">\n\t\t\t<div class=\"elementor-widget-wrap\">\n\t\t\t\t\t\t\t<\/div>\n\t\t<\/div>\n\t\t\t\t\t<\/div>\n\t\t<\/section>\n\t\t<div class=\"elementor-element elementor-element-3a4e3b93 e-flex e-con-boxed e-con e-parent\" data-id=\"3a4e3b93\" data-element_type=\"container\" data-settings=\"{&quot;background_background&quot;:&quot;classic&quot;}\">\n\t\t\t\t\t<div class=\"e-con-inner\">\n\t\t<div class=\"elementor-element elementor-element-3cefd0e8 e-flex e-con-boxed e-con e-child\" data-id=\"3cefd0e8\" data-element_type=\"container\">\n\t\t\t\t\t<div class=\"e-con-inner\">\n\t\t\t\t<div class=\"elementor-element elementor-element-6eed1c0d elementor-widget elementor-widget-posts-card-grid\" data-id=\"6eed1c0d\" data-element_type=\"widget\" data-settings=\"{&quot;posts_card_grid_content_type&quot;:&quot;post&quot;,&quot;posts_card_grid_category&quot;:&quot;52&quot;,&quot;posts_card_grid_order_by&quot;:&quot;alphabet&quot;,&quot;posts_card_grid_order&quot;:&quot;ASC&quot;}\" data-widget_type=\"posts-card-grid.default\">\n\t\t\t\t<div class=\"elementor-widget-container\">\n\t\t\t\t\t\t \t<div \n\t \t\tclass=\"posts-card-grid-container\" \n \t\t>   \n\n\t\t\t\t  <div class=\"posts-grid\" style=\"opacity: 0;\">\n\n\t\t  \t<div class=\"posts-grid-sizer\"><\/div>\n\t\t    \t\n\t\t        \t<div class=\"posts-grid-item\">\n\t\t        \t\t\t        \t\t\t<a href=\"https:\/\/www.tpa-group.rs\/sr\/industrije\/biotehnologija-i-farmaceutska-industrija\/\">\n\n\t\t        \t\t\t        \t\t\t\t\t\t<p class=\"main-category\">Biotehnologija i farmaceutska industrija<\/p>\n\t        \t\t\t\t\t\t\t        \t\t<div class=\"img-container\">\n\t\t\t        \t\t\t<img decoding=\"async\" class=\"post-image\" src=\"https:\/\/www.tpa-group.rs\/app\/uploads\/sites\/10\/2024\/04\/TPA-Steuerberatung-Biotechnologi.jpg\" alt=\"Biotehnologija i farmaceutska industrija\">\n\t\t        \t\t\t\t\t\t\t        \t\t<\/div>\n        \t\t\t\t<\/a>\n\n        \t\t\t\t\t\t        \t<\/div>\n\t\t        \t\n\t\t        \t<div class=\"posts-grid-item\">\n\t\t        \t\t\t        \t\t\t<a href=\"https:\/\/www.tpa-group.rs\/sr\/industrije\/dobrostojeci-pojedinci\/\">\n\n\t\t        \t\t\t        \t\t\t\t\t\t<p class=\"main-category\">Dobrostoje\u0107i pojedinci<\/p>\n\t        \t\t\t\t\t\t\t        \t\t<div class=\"img-container\">\n\t\t\t        \t\t\t<img decoding=\"async\" class=\"post-image\" src=\"https:\/\/www.tpa-group.rs\/app\/uploads\/sites\/10\/2024\/02\/TPA-Steuerberatung-Freie_Berufe.jpg\" alt=\"Dobrostoje\u0107i pojedinci\">\n\t\t        \t\t\t\t\t\t\t        \t\t<\/div>\n        \t\t\t\t<\/a>\n\n        \t\t\t\t\t\t        \t<\/div>\n\t\t        \t\n\t\t        \t<div class=\"posts-grid-item\">\n\t\t        \t\t\t        \t\t\t<a href=\"https:\/\/www.tpa-group.rs\/sr\/industrije\/energija\/\">\n\n\t\t        \t\t\t        \t\t\t\t\t\t<p class=\"main-category\">Energija<\/p>\n\t        \t\t\t\t\t\t\t        \t\t<div class=\"img-container\">\n\t\t\t        \t\t\t<img decoding=\"async\" class=\"post-image\" src=\"https:\/\/www.tpa-group.rs\/app\/uploads\/sites\/10\/2024\/04\/TPA-Steuerberatung-Energiewirtsc.jpg\" alt=\"Energija\">\n\t\t        \t\t\t\t\t\t\t        \t\t<\/div>\n        \t\t\t\t<\/a>\n\n        \t\t\t\t\t\t        \t<\/div>\n\t\t        \t\n\t\t        \t<div class=\"posts-grid-item\">\n\t\t        \t\t\t        \t\t\t<a href=\"https:\/\/www.tpa-group.rs\/sr\/industrije\/gradjevinska-industrija\/\">\n\n\t\t        \t\t\t        \t\t\t\t\t\t<p class=\"main-category\">Gra\u0111evinska industrija<\/p>\n\t        \t\t\t\t\t\t\t        \t\t<div class=\"img-container\">\n\t\t\t        \t\t\t<img decoding=\"async\" class=\"post-image\" src=\"https:\/\/www.tpa-group.rs\/app\/uploads\/sites\/10\/2024\/04\/TPA-Steuerberatung-Bauwirtschaft.jpg\" alt=\"Gra\u0111evinska industrija\">\n\t\t        \t\t\t\t\t\t\t        \t\t<\/div>\n        \t\t\t\t<\/a>\n\n        \t\t\t\t\t\t        \t<\/div>\n\t\t        \t\n\t\t        \t<div class=\"posts-grid-item\">\n\t\t        \t\t\t        \t\t\t<a href=\"https:\/\/www.tpa-group.rs\/sr\/industrije\/holding-kompanije\/\">\n\n\t\t        \t\t\t        \t\t\t\t\t\t<p class=\"main-category\">Holding kompanije<\/p>\n\t        \t\t\t\t\t\t\t        \t\t<div class=\"img-container\">\n\t\t\t        \t\t\t<img decoding=\"async\" class=\"post-image\" src=\"https:\/\/www.tpa-group.rs\/app\/uploads\/sites\/10\/2024\/02\/TPA-Steuerberatung-Holdinggesell.jpg\" alt=\"Holding kompanije\">\n\t\t        \t\t\t\t\t\t\t        \t\t<\/div>\n        \t\t\t\t<\/a>\n\n        \t\t\t\t\t\t        \t<\/div>\n\t\t        \t\n\t\t        \t<div class=\"posts-grid-item\">\n\t\t        \t\t\t        \t\t\t<a href=\"https:\/\/www.tpa-group.rs\/sr\/industrije\/hotelijerstvo-turizam-i-rekreacija\/\">\n\n\t\t        \t\t\t        \t\t\t\t\t\t<p class=\"main-category\">Hotelijerstvo, turizam i rekreacija<\/p>\n\t        \t\t\t\t\t\t\t        \t\t<div class=\"img-container\">\n\t\t\t        \t\t\t<img decoding=\"async\" class=\"post-image\" src=\"https:\/\/www.tpa-group.rs\/app\/uploads\/sites\/10\/2024\/02\/Steuerberatung-fuer-Gastronomie-und-Tourismus-TPA-Steuerberatung-1024x683-1.jpg\" alt=\"Hotelijerstvo, turizam i rekreacija\">\n\t\t        \t\t\t\t\t\t\t        \t\t<\/div>\n        \t\t\t\t<\/a>\n\n        \t\t\t\t\t\t        \t<\/div>\n\t\t        \t\n\t\t        \t<div class=\"posts-grid-item\">\n\t\t        \t\t\t        \t\t\t<a href=\"https:\/\/www.tpa-group.rs\/sr\/industrije\/trgovina-i-zanatstvo\/\">\n\n\t\t        \t\t\t        \t\t\t\t\t\t<p class=\"main-category\">Trgovina i zanatstvo<\/p>\n\t        \t\t\t\t\t\t\t        \t\t<div class=\"img-container\">\n\t\t\t        \t\t\t<img decoding=\"async\" class=\"post-image\" src=\"https:\/\/www.tpa-group.rs\/app\/uploads\/sites\/10\/2024\/04\/TPA-Steuerberatung-Gewerbe-Handw.jpg\" alt=\"Trgovina i zanatstvo\">\n\t\t        \t\t\t\t\t\t\t        \t\t<\/div>\n        \t\t\t\t<\/a>\n\n        \t\t\t\t\t\t        \t<\/div>\n\t\t        \t\n\t\t        \t<div class=\"posts-grid-item\">\n\t\t        \t\t\t        \t\t\t<a href=\"https:\/\/www.tpa-group.rs\/sr\/industrije\/zdravstvo\/\">\n\n\t\t        \t\t\t        \t\t\t\t\t\t<p class=\"main-category\">Zdravstvo<\/p>\n\t        \t\t\t\t\t\t\t        \t\t<div class=\"img-container\">\n\t\t\t        \t\t\t<img decoding=\"async\" class=\"post-image\" src=\"https:\/\/www.tpa-group.rs\/app\/uploads\/sites\/10\/2024\/02\/TPA-Steuerberatung-Gesundheitsbe.jpg\" alt=\"Zdravstvo\">\n\t\t        \t\t\t\t\t\t\t        \t\t<\/div>\n        \t\t\t\t<\/a>\n\n        \t\t\t\t\t\t        \t<\/div>\n\t\t        \t\t  <\/div>\n\t\t  \t\t\n\t\t\n\n\t\t\t \t<\/div>\n\t\t\t\t\t\t<\/div>\n\t\t\t\t<\/div>\n\t\t\t\t\t<\/div>\n\t\t\t\t<\/div>\n\t\t\t\t\t<\/div>\n\t\t\t\t<\/div>\n\t\t<div class=\"elementor-element elementor-element-1fa2ac3a e-flex e-con-boxed e-con e-parent\" data-id=\"1fa2ac3a\" data-element_type=\"container\" data-settings=\"{&quot;background_background&quot;:&quot;classic&quot;}\">\n\t\t\t\t\t<div class=\"e-con-inner\">\n\t\t\t\t<div class=\"elementor-element elementor-element-3605528d elementor-widget elementor-widget-text-editor\" data-id=\"3605528d\" data-element_type=\"widget\" data-widget_type=\"text-editor.default\">\n\t\t\t\t<div class=\"elementor-widget-container\">\n\t\t\t\t\t\t\t\t\tPrirodno, na\u0161e konsultantske usluge se pro\u0161iruju na sve ostale sektore. Informi\u0161ite se o na\u0161im dodatnim uslugama u oblastima poreskog savetovanja, revizije i konsultacija u upravljanju.\n\n\n\n\n\n\n\t\t\t\t\t\t\t\t<\/div>\n\t\t\t\t<\/div>\n\t\t\t\t\t<\/div>\n\t\t\t\t<\/div>\n\t\t\t\t<\/div>\n\t\t","protected":false},"excerpt":{"rendered":"<p>Naslovna |&nbsp; Industrije Industrije Svaki sektor ima svoja pravila. \u0160to bolje razumete pravila sektora, to bolje mo\u017eete savetovati svoje klijente. Za nas, poslovanje licem u lice zna\u010di konsultantski pristup na nivou o\u010diju kako bismo vas odveli napred. Govorimo va\u0161im jezikom i poznajemo izazove va\u0161eg tr\u017ei\u0161ta. Na\u0161i stru\u010dnjaci objedinjuju specijalizovano znanje sektora sa stra\u0161\u0107u i ljubavlju [&hellip;]<\/p>\n","protected":false},"author":1,"featured_media":0,"parent":0,"menu_order":0,"comment_status":"closed","ping_status":"closed","template":"elementor_header_footer","meta":{"_acf_changed":false,"footnotes":""},"class_list":["post-547","page","type-page","status-publish","hentry"],"acf":[],"yoast_head":"<!-- This site is optimized with the Yoast SEO plugin v26.0 - https:\/\/yoast.com\/wordpress\/plugins\/seo\/ -->\n<title>Industrije - www.tpa-group.rs<\/title>\n<meta name=\"robots\" content=\"index, follow, max-snippet:-1, max-image-preview:large, max-video-preview:-1\" \/>\n<link rel=\"canonical\" href=\"https:\/\/www.tpa-group.rs\/sr\/industrije\/\" \/>\n<meta property=\"og:locale\" content=\"sr_RS\" \/>\n<meta property=\"og:type\" content=\"article\" \/>\n<meta property=\"og:title\" content=\"Industrije - www.tpa-group.rs\" \/>\n<meta property=\"og:description\" content=\"Naslovna |&nbsp; Industrije Industrije Svaki sektor ima svoja pravila. \u0160to bolje razumete pravila sektora, to bolje mo\u017eete savetovati svoje klijente. Za nas, poslovanje licem u lice zna\u010di konsultantski pristup na nivou o\u010diju kako bismo vas odveli napred. Govorimo va\u0161im jezikom i poznajemo izazove va\u0161eg tr\u017ei\u0161ta. Na\u0161i stru\u010dnjaci objedinjuju specijalizovano znanje sektora sa stra\u0161\u0107u i ljubavlju [&hellip;]\" \/>\n<meta property=\"og:url\" content=\"https:\/\/www.tpa-group.rs\/sr\/industrije\/\" \/>\n<meta property=\"og:site_name\" content=\"www.tpa-group.rs\" \/>\n<meta property=\"article:modified_time\" content=\"2024-10-11T12:36:59+00:00\" \/>\n<meta property=\"og:image\" content=\"https:\/\/www.tpa-group.rs\/app\/uploads\/sites\/10\/2024\/04\/TPA-Steuerberatung-Biotechnologi-1024x683.jpg\" \/>\n<meta name=\"twitter:card\" content=\"summary_large_image\" \/>\n<meta name=\"twitter:label1\" content=\"Est. reading time\" \/>\n\t<meta name=\"twitter:data1\" content=\"3 \u043c\u0438\u043d\u0443\u0442\u0430\" \/>\n<script type=\"application\/ld+json\" class=\"yoast-schema-graph\">{\"@context\":\"https:\/\/schema.org\",\"@graph\":[{\"@type\":\"WebPage\",\"@id\":\"https:\/\/www.tpa-group.rs\/sr\/industrije\/\",\"url\":\"https:\/\/www.tpa-group.rs\/sr\/industrije\/\",\"name\":\"Industrije - www.tpa-group.rs\",\"isPartOf\":{\"@id\":\"https:\/\/www.tpa-group.rs\/sr\/#website\"},\"primaryImageOfPage\":{\"@id\":\"https:\/\/www.tpa-group.rs\/sr\/industrije\/#primaryimage\"},\"image\":{\"@id\":\"https:\/\/www.tpa-group.rs\/sr\/industrije\/#primaryimage\"},\"thumbnailUrl\":\"https:\/\/www.tpa-group.rs\/app\/uploads\/sites\/10\/2024\/04\/TPA-Steuerberatung-Biotechnologi-1024x683.jpg\",\"datePublished\":\"2024-02-21T08:33:59+00:00\",\"dateModified\":\"2024-10-11T12:36:59+00:00\",\"breadcrumb\":{\"@id\":\"https:\/\/www.tpa-group.rs\/sr\/industrije\/#breadcrumb\"},\"inLanguage\":\"sr-RS\",\"potentialAction\":[{\"@type\":\"ReadAction\",\"target\":[\"https:\/\/www.tpa-group.rs\/sr\/industrije\/\"]}]},{\"@type\":\"ImageObject\",\"inLanguage\":\"sr-RS\",\"@id\":\"https:\/\/www.tpa-group.rs\/sr\/industrije\/#primaryimage\",\"url\":\"https:\/\/www.tpa-group.rs\/app\/uploads\/sites\/10\/2024\/04\/TPA-Steuerberatung-Biotechnologi-1024x683.jpg\",\"contentUrl\":\"https:\/\/www.tpa-group.rs\/app\/uploads\/sites\/10\/2024\/04\/TPA-Steuerberatung-Biotechnologi-1024x683.jpg\"},{\"@type\":\"BreadcrumbList\",\"@id\":\"https:\/\/www.tpa-group.rs\/sr\/industrije\/#breadcrumb\",\"itemListElement\":[{\"@type\":\"ListItem\",\"position\":1,\"name\":\"Home\",\"item\":\"https:\/\/www.tpa-group.rs\/sr\/\"},{\"@type\":\"ListItem\",\"position\":2,\"name\":\"Industrije\"}]},{\"@type\":\"WebSite\",\"@id\":\"https:\/\/www.tpa-group.rs\/sr\/#website\",\"url\":\"https:\/\/www.tpa-group.rs\/sr\/\",\"name\":\"www.tpa-group.rs\",\"description\":\"\",\"publisher\":{\"@id\":\"https:\/\/www.tpa-group.rs\/sr\/#organization\"},\"potentialAction\":[{\"@type\":\"SearchAction\",\"target\":{\"@type\":\"EntryPoint\",\"urlTemplate\":\"https:\/\/www.tpa-group.rs\/sr\/?s={search_term_string}\"},\"query-input\":{\"@type\":\"PropertyValueSpecification\",\"valueRequired\":true,\"valueName\":\"search_term_string\"}}],\"inLanguage\":\"sr-RS\"},{\"@type\":\"Organization\",\"@id\":\"https:\/\/www.tpa-group.rs\/sr\/#organization\",\"name\":\"www.tpa-group.rs\",\"url\":\"https:\/\/www.tpa-group.rs\/sr\/\",\"logo\":{\"@type\":\"ImageObject\",\"inLanguage\":\"sr-RS\",\"@id\":\"https:\/\/www.tpa-group.rs\/sr\/#\/schema\/logo\/image\/\",\"url\":\"https:\/\/www.tpa-group.rs\/app\/uploads\/sites\/10\/2024\/02\/tpa-logo.svg\",\"contentUrl\":\"https:\/\/www.tpa-group.rs\/app\/uploads\/sites\/10\/2024\/02\/tpa-logo.svg\",\"caption\":\"www.tpa-group.rs\"},\"image\":{\"@id\":\"https:\/\/www.tpa-group.rs\/sr\/#\/schema\/logo\/image\/\"}}]}<\/script>\n<!-- \/ Yoast SEO plugin. -->","yoast_head_json":{"title":"Industrije - www.tpa-group.rs","robots":{"index":"index","follow":"follow","max-snippet":"max-snippet:-1","max-image-preview":"max-image-preview:large","max-video-preview":"max-video-preview:-1"},"canonical":"https:\/\/www.tpa-group.rs\/sr\/industrije\/","og_locale":"sr_RS","og_type":"article","og_title":"Industrije - www.tpa-group.rs","og_description":"Naslovna |&nbsp; Industrije Industrije Svaki sektor ima svoja pravila. \u0160to bolje razumete pravila sektora, to bolje mo\u017eete savetovati svoje klijente. Za nas, poslovanje licem u lice zna\u010di konsultantski pristup na nivou o\u010diju kako bismo vas odveli napred. Govorimo va\u0161im jezikom i poznajemo izazove va\u0161eg tr\u017ei\u0161ta. Na\u0161i stru\u010dnjaci objedinjuju specijalizovano znanje sektora sa stra\u0161\u0107u i ljubavlju [&hellip;]","og_url":"https:\/\/www.tpa-group.rs\/sr\/industrije\/","og_site_name":"www.tpa-group.rs","article_modified_time":"2024-10-11T12:36:59+00:00","og_image":[{"url":"https:\/\/www.tpa-group.rs\/app\/uploads\/sites\/10\/2024\/04\/TPA-Steuerberatung-Biotechnologi-1024x683.jpg","type":"","width":"","height":""}],"twitter_card":"summary_large_image","twitter_misc":{"Est. reading time":"3 \u043c\u0438\u043d\u0443\u0442\u0430"},"schema":{"@context":"https:\/\/schema.org","@graph":[{"@type":"WebPage","@id":"https:\/\/www.tpa-group.rs\/sr\/industrije\/","url":"https:\/\/www.tpa-group.rs\/sr\/industrije\/","name":"Industrije - www.tpa-group.rs","isPartOf":{"@id":"https:\/\/www.tpa-group.rs\/sr\/#website"},"primaryImageOfPage":{"@id":"https:\/\/www.tpa-group.rs\/sr\/industrije\/#primaryimage"},"image":{"@id":"https:\/\/www.tpa-group.rs\/sr\/industrije\/#primaryimage"},"thumbnailUrl":"https:\/\/www.tpa-group.rs\/app\/uploads\/sites\/10\/2024\/04\/TPA-Steuerberatung-Biotechnologi-1024x683.jpg","datePublished":"2024-02-21T08:33:59+00:00","dateModified":"2024-10-11T12:36:59+00:00","breadcrumb":{"@id":"https:\/\/www.tpa-group.rs\/sr\/industrije\/#breadcrumb"},"inLanguage":"sr-RS","potentialAction":[{"@type":"ReadAction","target":["https:\/\/www.tpa-group.rs\/sr\/industrije\/"]}]},{"@type":"ImageObject","inLanguage":"sr-RS","@id":"https:\/\/www.tpa-group.rs\/sr\/industrije\/#primaryimage","url":"https:\/\/www.tpa-group.rs\/app\/uploads\/sites\/10\/2024\/04\/TPA-Steuerberatung-Biotechnologi-1024x683.jpg","contentUrl":"https:\/\/www.tpa-group.rs\/app\/uploads\/sites\/10\/2024\/04\/TPA-Steuerberatung-Biotechnologi-1024x683.jpg"},{"@type":"BreadcrumbList","@id":"https:\/\/www.tpa-group.rs\/sr\/industrije\/#breadcrumb","itemListElement":[{"@type":"ListItem","position":1,"name":"Home","item":"https:\/\/www.tpa-group.rs\/sr\/"},{"@type":"ListItem","position":2,"name":"Industrije"}]},{"@type":"WebSite","@id":"https:\/\/www.tpa-group.rs\/sr\/#website","url":"https:\/\/www.tpa-group.rs\/sr\/","name":"www.tpa-group.rs","description":"","publisher":{"@id":"https:\/\/www.tpa-group.rs\/sr\/#organization"},"potentialAction":[{"@type":"SearchAction","target":{"@type":"EntryPoint","urlTemplate":"https:\/\/www.tpa-group.rs\/sr\/?s={search_term_string}"},"query-input":{"@type":"PropertyValueSpecification","valueRequired":true,"valueName":"search_term_string"}}],"inLanguage":"sr-RS"},{"@type":"Organization","@id":"https:\/\/www.tpa-group.rs\/sr\/#organization","name":"www.tpa-group.rs","url":"https:\/\/www.tpa-group.rs\/sr\/","logo":{"@type":"ImageObject","inLanguage":"sr-RS","@id":"https:\/\/www.tpa-group.rs\/sr\/#\/schema\/logo\/image\/","url":"https:\/\/www.tpa-group.rs\/app\/uploads\/sites\/10\/2024\/02\/tpa-logo.svg","contentUrl":"https:\/\/www.tpa-group.rs\/app\/uploads\/sites\/10\/2024\/02\/tpa-logo.svg","caption":"www.tpa-group.rs"},"image":{"@id":"https:\/\/www.tpa-group.rs\/sr\/#\/schema\/logo\/image\/"}}]}},"_links":{"self":[{"href":"https:\/\/www.tpa-group.rs\/sr\/wp-json\/wp\/v2\/pages\/547","targetHints":{"allow":["GET"]}}],"collection":[{"href":"https:\/\/www.tpa-group.rs\/sr\/wp-json\/wp\/v2\/pages"}],"about":[{"href":"https:\/\/www.tpa-group.rs\/sr\/wp-json\/wp\/v2\/types\/page"}],"author":[{"embeddable":true,"href":"https:\/\/www.tpa-group.rs\/sr\/wp-json\/wp\/v2\/users\/1"}],"replies":[{"embeddable":true,"href":"https:\/\/www.tpa-group.rs\/sr\/wp-json\/wp\/v2\/comments?post=547"}],"version-history":[{"count":14,"href":"https:\/\/www.tpa-group.rs\/sr\/wp-json\/wp\/v2\/pages\/547\/revisions"}],"predecessor-version":[{"id":1444,"href":"https:\/\/www.tpa-group.rs\/sr\/wp-json\/wp\/v2\/pages\/547\/revisions\/1444"}],"wp:attachment":[{"href":"https:\/\/www.tpa-group.rs\/sr\/wp-json\/wp\/v2\/media?parent=547"}],"curies":[{"name":"wp","href":"https:\/\/api.w.org\/{rel}","templated":true}]}}